{"id":4243,"date":"2022-04-18T01:16:43","date_gmt":"2022-04-18T01:16:43","guid":{"rendered":"https:\/\/tavapy.gov.py\/biblioteca\/?post_type=product&#038;p=4243"},"modified":"2022-04-18T01:16:43","modified_gmt":"2022-04-18T01:16:43","slug":"travesuras-de-la-nina-mala","status":"publish","type":"product","link":"https:\/\/tavapy.gov.py\/biblioteca\/product\/travesuras-de-la-nina-mala\/","title":{"rendered":"TRAVESURAS DE LA NI\u00d1A MALA."},"content":{"rendered":"","protected":false},"excerpt":{"rendered":"<p>\u00bfCu\u00e1l es el verdadero rostro del amor? Ricardo ve cumplido, a una edad muy temprana, el sue\u00f1o que en su Lima natal aliment\u00f3 desde que ten\u00eda uso de raz\u00f3n: vivir en Par\u00eds. Pero el rencuentro con un amor de adolescencia lo cambiar\u00e1 todo. La joven, inconformista, aventurera, pragm\u00e1tica e inquieta, lo arrastrar\u00e1 fuera del peque\u00f1o mundo de sus ambiciones.<\/p>\n<p>Testigos de \u00e9pocas convulsas y florecientes en ciudades como Londres, Par\u00eds, Tokio o Madrid, que aqu\u00ed son mucho m\u00e1s que escenarios, ambos personajes ver\u00e1n sus vidas entrelazarse sin llegar a coincidir del todo. Sin embargo, esta danza de encuentros y desencuentros har\u00e1 crecer la intensidad del relato p\u00e1gina a p\u00e1gina hasta propiciar una verdadera fusi\u00f3n del lector con el universo emocional de los protagonistas.<\/p>\n<p>Creando una admirable tensi\u00f3n entre lo c\u00f3mico y lo tr\u00e1gico, Mario Vargas Llosa en esta obra publicada en el 2.006, juega con la realidad y la ficci\u00f3n para liberar una historia en la que el amor se nos muestra indefinible, due\u00f1o de mil caras, como la ni\u00f1a mala. Pasi\u00f3n y distancia, azar y destino, dolor y disfrute&#8230; \u00bfCu\u00e1l es el verdadero rostro del amor?<\/p>\n<p><a href=\"https:\/\/tavapy.gov.py\/biblioteca\/wp-content\/uploads\/2022\/04\/Vargas-LlosaM-Travesuras-de-la-nina-mala.pdf\" target=\"_blank\" rel=\"attachment noopener wp-att-4114\"><img loading=\"lazy\" decoding=\"async\" class=\"size-full wp-image-4114 alignleft\" src=\"https:\/\/tavapy.gov.py\/biblioteca\/wp-content\/uploads\/2022\/04\/icono-PDF-copia-2.png\" alt=\"\" width=\"121\" height=\"140\" \/><\/a><\/p>\n","protected":false},"featured_media":4205,"comment_status":"open","ping_status":"closed","template":"","meta":{"spay_email":""},"product_cat":[57],"product_tag":[],"class_list":{"0":"post-4243","1":"product","2":"type-product","3":"status-publish","4":"has-post-thumbnail","6":"book_author-mario-vargas-llosa","7":"product_cat-novela","8":"entry"},"_links":{"self":[{"href":"https:\/\/tavapy.gov.py\/biblioteca\/wp-json\/wp\/v2\/product\/4243","targetHints":{"allow":["GET"]}}],"collection":[{"href":"https:\/\/tavapy.gov.py\/biblioteca\/wp-json\/wp\/v2\/product"}],"about":[{"href":"https:\/\/tavapy.gov.py\/biblioteca\/wp-json\/wp\/v2\/types\/product"}],"replies":[{"embeddable":true,"href":"https:\/\/tavapy.gov.py\/biblioteca\/wp-json\/wp\/v2\/comments?post=4243"}],"wp:featuredmedia":[{"embeddable":true,"href":"https:\/\/tavapy.gov.py\/biblioteca\/wp-json\/wp\/v2\/media\/4205"}],"wp:attachment":[{"href":"https:\/\/tavapy.gov.py\/biblioteca\/wp-json\/wp\/v2\/media?parent=4243"}],"wp:term":[{"taxonomy":"product_cat","embeddable":true,"href":"https:\/\/tavapy.gov.py\/biblioteca\/wp-json\/wp\/v2\/product_cat?post=4243"},{"taxonomy":"product_tag","embeddable":true,"href":"https:\/\/tavapy.gov.py\/biblioteca\/wp-json\/wp\/v2\/product_tag?post=4243"}],"curies":[{"name":"wp","href":"https:\/\/api.w.org\/{rel}","templated":true}]}}