{"id":4245,"date":"2022-04-18T01:43:27","date_gmt":"2022-04-18T01:43:27","guid":{"rendered":"https:\/\/tavapy.gov.py\/biblioteca\/?post_type=product&#038;p=4245"},"modified":"2022-04-18T01:43:28","modified_gmt":"2022-04-18T01:43:28","slug":"el-valor-de-educar","status":"publish","type":"product","link":"https:\/\/tavapy.gov.py\/biblioteca\/product\/el-valor-de-educar\/","title":{"rendered":"EL VALOR DE EDUCAR."},"content":{"rendered":"","protected":false},"excerpt":{"rendered":"<p>Cada vez que se mencionan las grandes inquietudes de nuestro tiempo \u2014el racismo, la intolerancia, la violencia, las drogas, etc.\u2014 se llega a la misma conclusi\u00f3n: son temas que deben afrontarse desde la escuela, pero tambi\u00e9n se habla de crisis de la educaci\u00f3n y reina el desconcierto entre profesores, padres y alumnos. Parece oportuno, pues, plantearnos algunas preguntas esenciales: \u00bfQu\u00e9 es la educaci\u00f3n?, \u00bfconsiste en la mera transmisi\u00f3n de conocimientos o es la base para la formaci\u00f3n de la ciudadan\u00eda democr\u00e1tica?<\/p>\n<p>Este ensayo publicado en 1.997, responde a estas y otras cuestiones fundamentales: la tensi\u00f3n educativa entre disciplina y libertad, el eclipse de las humanidades, el papel de la familia, la formaci\u00f3n moral y su relaci\u00f3n con el sexo, la educaci\u00f3n c\u00edvica\u2026, planteamientos diversos que giran en torno a la ense\u00f1anza y el valor de educar.<\/p>\n<p><a href=\"https:\/\/tavapy.gov.py\/biblioteca\/wp-content\/uploads\/2022\/04\/SavaterF-El-valor-de-educar-1.pdf\" target=\"_blank\" rel=\"attachment noopener wp-att-4114\"><img loading=\"lazy\" decoding=\"async\" class=\"size-full wp-image-4114 alignleft\" src=\"https:\/\/tavapy.gov.py\/biblioteca\/wp-content\/uploads\/2022\/04\/icono-PDF-copia-2.png\" alt=\"\" width=\"121\" height=\"140\" \/><\/a><\/p>\n","protected":false},"featured_media":4209,"comment_status":"open","ping_status":"closed","template":"","meta":{"spay_email":""},"product_cat":[341],"product_tag":[],"class_list":{"0":"post-4245","1":"product","2":"type-product","3":"status-publish","4":"has-post-thumbnail","6":"book_author-fernando-savater","7":"product_cat-educacion","8":"entry"},"_links":{"self":[{"href":"https:\/\/tavapy.gov.py\/biblioteca\/wp-json\/wp\/v2\/product\/4245","targetHints":{"allow":["GET"]}}],"collection":[{"href":"https:\/\/tavapy.gov.py\/biblioteca\/wp-json\/wp\/v2\/product"}],"about":[{"href":"https:\/\/tavapy.gov.py\/biblioteca\/wp-json\/wp\/v2\/types\/product"}],"replies":[{"embeddable":true,"href":"https:\/\/tavapy.gov.py\/biblioteca\/wp-json\/wp\/v2\/comments?post=4245"}],"wp:featuredmedia":[{"embeddable":true,"href":"https:\/\/tavapy.gov.py\/biblioteca\/wp-json\/wp\/v2\/media\/4209"}],"wp:attachment":[{"href":"https:\/\/tavapy.gov.py\/biblioteca\/wp-json\/wp\/v2\/media?parent=4245"}],"wp:term":[{"taxonomy":"product_cat","embeddable":true,"href":"https:\/\/tavapy.gov.py\/biblioteca\/wp-json\/wp\/v2\/product_cat?post=4245"},{"taxonomy":"product_tag","embeddable":true,"href":"https:\/\/tavapy.gov.py\/biblioteca\/wp-json\/wp\/v2\/product_tag?post=4245"}],"curies":[{"name":"wp","href":"https:\/\/api.w.org\/{rel}","templated":true}]}}