{"id":4246,"date":"2022-04-18T01:47:13","date_gmt":"2022-04-18T01:47:13","guid":{"rendered":"https:\/\/tavapy.gov.py\/biblioteca\/?post_type=product&#038;p=4246"},"modified":"2023-10-27T05:10:26","modified_gmt":"2023-10-27T05:10:26","slug":"el-conocimiento-del-lenguaje","status":"publish","type":"product","link":"https:\/\/tavapy.gov.py\/biblioteca\/product\/el-conocimiento-del-lenguaje\/","title":{"rendered":"EL CONOCIMIENTO DEL LENGUAJE."},"content":{"rendered":"","protected":false},"excerpt":{"rendered":"<p>Desde el punto de vista del conocimiento humano en general hay dos cuestiones aparentemente encontradas. La primera es la de c\u00f3mo podemos llegar a conocer tanto a partir de una experiencia tan limitada; la segunda es la de c\u00f3mo conocemos tan poco considerando que disponemos de tan amplios elementos de juicio. Noam Chomsky llama a la primera cuesti\u00f3n el problema de Plat\u00f3n y, a la segunda, el problema de Orwell.<\/p>\n<p>As\u00ed pues, el problema de Plat\u00f3n consiste en explicar c\u00f3mo conocemos tanto teniendo en cuenta que los datos de que disponemos son tan escasos. El problema de Orwell consiste en explicar c\u00f3mo conocemos y comprendemos tan poco, a pesar de que disponemos de unos datos tan ricos. Como a otros muchos intelectuales del siglo XX, a Orwell le impresion\u00f3 la capacidad de los Estados totalitarios para imbuir creencias firmemente sostenidas y ampliamente aceptadas, aunque carentes por completo de fundamento y a menudo en flagrante contradicci\u00f3n con hechos obvios del mundo circundante.<\/p>\n<p>En El Conocimiento del Lenguaje obra publicada en 1.985, se aborda una de las v\u00edas m\u00e1s accesibles para atacar el problema de Plat\u00f3n, dado que la adquisici\u00f3n de la lengua consiste en aprender un conjunto sofisticado e impl\u00edcito de reglas sobre la base de datos hablados limitados e insuficientes. Aunque el problema de Orwell es menos profundo que el de Plat\u00f3n, si no se logra superar es poco probable que la especie humana sobreviva lo suficiente como para encontrar una respuesta.<\/p>\n<p><a href=\"https:\/\/tavapy.gov.py\/biblioteca\/wp-content\/uploads\/2022\/04\/ChomskyN-El_Conocimiento_del_Lenguaje.pdf\" target=\"_blank\" rel=\"attachment noopener wp-att-4114\"><img loading=\"lazy\" decoding=\"async\" class=\"size-full wp-image-4114 alignleft\" src=\"https:\/\/tavapy.gov.py\/biblioteca\/wp-content\/uploads\/2022\/04\/icono-PDF-copia-2.png\" alt=\"\" width=\"121\" height=\"140\" \/><\/a><\/p>\n","protected":false},"featured_media":4211,"comment_status":"open","ping_status":"closed","template":"","meta":{"spay_email":""},"product_cat":[350],"product_tag":[],"class_list":{"0":"post-4246","1":"product","2":"type-product","3":"status-publish","4":"has-post-thumbnail","6":"book_author-noam-chomsky","7":"product_cat-linguistica","8":"entry"},"_links":{"self":[{"href":"https:\/\/tavapy.gov.py\/biblioteca\/wp-json\/wp\/v2\/product\/4246","targetHints":{"allow":["GET"]}}],"collection":[{"href":"https:\/\/tavapy.gov.py\/biblioteca\/wp-json\/wp\/v2\/product"}],"about":[{"href":"https:\/\/tavapy.gov.py\/biblioteca\/wp-json\/wp\/v2\/types\/product"}],"replies":[{"embeddable":true,"href":"https:\/\/tavapy.gov.py\/biblioteca\/wp-json\/wp\/v2\/comments?post=4246"}],"wp:featuredmedia":[{"embeddable":true,"href":"https:\/\/tavapy.gov.py\/biblioteca\/wp-json\/wp\/v2\/media\/4211"}],"wp:attachment":[{"href":"https:\/\/tavapy.gov.py\/biblioteca\/wp-json\/wp\/v2\/media?parent=4246"}],"wp:term":[{"taxonomy":"product_cat","embeddable":true,"href":"https:\/\/tavapy.gov.py\/biblioteca\/wp-json\/wp\/v2\/product_cat?post=4246"},{"taxonomy":"product_tag","embeddable":true,"href":"https:\/\/tavapy.gov.py\/biblioteca\/wp-json\/wp\/v2\/product_tag?post=4246"}],"curies":[{"name":"wp","href":"https:\/\/api.w.org\/{rel}","templated":true}]}}