{"id":4247,"date":"2022-04-18T01:51:11","date_gmt":"2022-04-18T01:51:11","guid":{"rendered":"https:\/\/tavapy.gov.py\/biblioteca\/?post_type=product&#038;p=4247"},"modified":"2022-04-18T01:51:11","modified_gmt":"2022-04-18T01:51:11","slug":"david-copperfield","status":"publish","type":"product","link":"https:\/\/tavapy.gov.py\/biblioteca\/product\/david-copperfield\/","title":{"rendered":"DAVID COPPERFIELD."},"content":{"rendered":"","protected":false},"excerpt":{"rendered":"<p>La huella autobiogr\u00e1fica que Charles Dickens (1812-1870) dej\u00f3 en David Copperfield, publicada en 1.848 una de sus obras m\u00e1s importantes, convirti\u00f3 este libro en el m\u00e1s cercano a su coraz\u00f3n. David, como Dickens, vivi\u00f3 una infancia feliz leyendo y asistiendo a la escuela hasta que su suerte cambi\u00f3. La transmutaci\u00f3n \u00edntima de ambos, protagonista y autor, fue compleja y sutil.<\/p>\n<p>Aunque ficci\u00f3n y realidad no siempre coinciden, las desdichas de la ni\u00f1ez, el trabajo en la abogac\u00eda, la condici\u00f3n\u00a0 de escritor y varios de los personajes responden a la experiencia personal de su autor. Narrada desde la distancia del adulto, la vida de David Copperfield encierra s\u00e1tira y humor ir\u00f3nico, luto y angustia, pero tambi\u00e9n mucha alegr\u00eda y ruido de personas.<\/p>\n<p><a href=\"https:\/\/tavapy.gov.py\/biblioteca\/wp-content\/uploads\/2022\/04\/DickensC-David-Copperfield.pdf\" target=\"_blank\" rel=\"attachment noopener wp-att-4114\"><img loading=\"lazy\" decoding=\"async\" class=\"size-full wp-image-4114 alignleft\" src=\"https:\/\/tavapy.gov.py\/biblioteca\/wp-content\/uploads\/2022\/04\/icono-PDF-copia-2.png\" alt=\"\" width=\"121\" height=\"140\" \/><\/a><\/p>\n","protected":false},"featured_media":4214,"comment_status":"open","ping_status":"closed","template":"","meta":{"spay_email":""},"product_cat":[57],"product_tag":[],"class_list":{"0":"post-4247","1":"product","2":"type-product","3":"status-publish","4":"has-post-thumbnail","6":"book_author-charles-dickens","7":"product_cat-novela","8":"entry"},"_links":{"self":[{"href":"https:\/\/tavapy.gov.py\/biblioteca\/wp-json\/wp\/v2\/product\/4247","targetHints":{"allow":["GET"]}}],"collection":[{"href":"https:\/\/tavapy.gov.py\/biblioteca\/wp-json\/wp\/v2\/product"}],"about":[{"href":"https:\/\/tavapy.gov.py\/biblioteca\/wp-json\/wp\/v2\/types\/product"}],"replies":[{"embeddable":true,"href":"https:\/\/tavapy.gov.py\/biblioteca\/wp-json\/wp\/v2\/comments?post=4247"}],"wp:featuredmedia":[{"embeddable":true,"href":"https:\/\/tavapy.gov.py\/biblioteca\/wp-json\/wp\/v2\/media\/4214"}],"wp:attachment":[{"href":"https:\/\/tavapy.gov.py\/biblioteca\/wp-json\/wp\/v2\/media?parent=4247"}],"wp:term":[{"taxonomy":"product_cat","embeddable":true,"href":"https:\/\/tavapy.gov.py\/biblioteca\/wp-json\/wp\/v2\/product_cat?post=4247"},{"taxonomy":"product_tag","embeddable":true,"href":"https:\/\/tavapy.gov.py\/biblioteca\/wp-json\/wp\/v2\/product_tag?post=4247"}],"curies":[{"name":"wp","href":"https:\/\/api.w.org\/{rel}","templated":true}]}}