{"id":4248,"date":"2022-04-18T04:21:48","date_gmt":"2022-04-18T04:21:48","guid":{"rendered":"https:\/\/tavapy.gov.py\/biblioteca\/?post_type=product&#038;p=4248"},"modified":"2022-04-18T04:21:48","modified_gmt":"2022-04-18T04:21:48","slug":"elogio-de-la-locura","status":"publish","type":"product","link":"https:\/\/tavapy.gov.py\/biblioteca\/product\/elogio-de-la-locura\/","title":{"rendered":"ELOGIO DE LA LOCURA."},"content":{"rendered":"","protected":false},"excerpt":{"rendered":"<p>Desiderio Erasmo, m\u00e1s conocido como Erasmo de Rotterdam, uno de los personajes m\u00e1s influyentes en la Europa de su \u00e9poca, escribi\u00f3 Elogio de la locura en un contexto social y cultural convulsionado por la lucha entre la tradici\u00f3n medieval y las nuevas premisas que apuntaba el humanismo.<\/p>\n<p>A lo largo de esta obra que Erasmo dedica a su amigo Tom\u00e1s Moro, publicado en 1.511 parece querer convencer al mundo de que la Insensatez, la Estulticia o la Locura son el origen de todas las bondades, diversiones y deleites que el ser humano disfruta. Acompa\u00f1adas de la ebriedad, la adulaci\u00f3n, la pereza o la ignorancia, reclama sus m\u00e9ritos con desfachatez y gracia, en un discurso impregnado de iron\u00eda.<\/p>\n<p>Pero \u00bfqu\u00e9 pretende Erasmo con este elogio? \u00bfQu\u00e9 esconde? \u00bfEn qu\u00e9 consiste este juego de ingenio? \u00bfEs todo una burla? En Elogio de la locura Erasmo crea un espejismo seductor y contundente que, impregnado del humanismo cristiano que preconizaba, le sirve de excusa para describir la necedad del mundo y arremeter a dentelladas contra todo lo humano y lo divino.<\/p>\n<p><a href=\"https:\/\/tavapy.gov.py\/biblioteca\/wp-content\/uploads\/2022\/04\/De-RotterdamE-Elogio-de-la-locura.pdf\" target=\"_blank\" rel=\"attachment noopener wp-att-4114\"><img loading=\"lazy\" decoding=\"async\" class=\"size-full wp-image-4114 alignleft\" src=\"https:\/\/tavapy.gov.py\/biblioteca\/wp-content\/uploads\/2022\/04\/icono-PDF-copia-2.png\" alt=\"\" width=\"121\" height=\"140\" \/><\/a><\/p>\n","protected":false},"featured_media":4216,"comment_status":"open","ping_status":"closed","template":"","meta":{"spay_email":""},"product_cat":[353],"product_tag":[],"class_list":{"0":"post-4248","1":"product","2":"type-product","3":"status-publish","4":"has-post-thumbnail","6":"book_author-erasmo-de-rotterdam","7":"product_cat-filosofia-satira","8":"entry"},"_links":{"self":[{"href":"https:\/\/tavapy.gov.py\/biblioteca\/wp-json\/wp\/v2\/product\/4248","targetHints":{"allow":["GET"]}}],"collection":[{"href":"https:\/\/tavapy.gov.py\/biblioteca\/wp-json\/wp\/v2\/product"}],"about":[{"href":"https:\/\/tavapy.gov.py\/biblioteca\/wp-json\/wp\/v2\/types\/product"}],"replies":[{"embeddable":true,"href":"https:\/\/tavapy.gov.py\/biblioteca\/wp-json\/wp\/v2\/comments?post=4248"}],"wp:featuredmedia":[{"embeddable":true,"href":"https:\/\/tavapy.gov.py\/biblioteca\/wp-json\/wp\/v2\/media\/4216"}],"wp:attachment":[{"href":"https:\/\/tavapy.gov.py\/biblioteca\/wp-json\/wp\/v2\/media?parent=4248"}],"wp:term":[{"taxonomy":"product_cat","embeddable":true,"href":"https:\/\/tavapy.gov.py\/biblioteca\/wp-json\/wp\/v2\/product_cat?post=4248"},{"taxonomy":"product_tag","embeddable":true,"href":"https:\/\/tavapy.gov.py\/biblioteca\/wp-json\/wp\/v2\/product_tag?post=4248"}],"curies":[{"name":"wp","href":"https:\/\/api.w.org\/{rel}","templated":true}]}}