{"id":4249,"date":"2022-04-18T04:29:23","date_gmt":"2022-04-18T04:29:23","guid":{"rendered":"https:\/\/tavapy.gov.py\/biblioteca\/?post_type=product&#038;p=4249"},"modified":"2022-04-18T04:29:23","modified_gmt":"2022-04-18T04:29:23","slug":"la-sociedad-del-espectaculo","status":"publish","type":"product","link":"https:\/\/tavapy.gov.py\/biblioteca\/product\/la-sociedad-del-espectaculo\/","title":{"rendered":"LA SOCIEDAD DEL ESPECT\u00c1CULO."},"content":{"rendered":"","protected":false},"excerpt":{"rendered":"<p>En todas partes se plantea la misma terrible pregunta, que desde hace dos siglos averg\u00fcenza al mundo entero: \u00bfC\u00f3mo hacer trabajar a los pobres all\u00ed donde se ha desvanecido toda ilusi\u00f3n y ha desaparecido toda fuerza? El espect\u00e1culo es el mal sue\u00f1o de la sociedad moderna encadenada, que no expresa en \u00faltima instancia m\u00e1s que su deseo de dormir.<\/p>\n<p>El espect\u00e1culo vela ese sue\u00f1o. La mercanc\u00eda es la ilusi\u00f3n efectivamente real, y el espect\u00e1culo es su manifestaci\u00f3n general. Cuando la masa de mercanc\u00edas se aproxima a lo aberrante, lo aberrante en cuanto tal se convierte en una mercanc\u00eda espec\u00edfica. Emanciparse de las bases materiales de la verdad tergiversada: he ah\u00ed en lo que consiste la autoemancipaci\u00f3n de nuestra \u00e9poca.<\/p>\n<p>La verdad de esta sociedad no es otra cosa que la negaci\u00f3n de esta sociedad. Este libro publicado en 1.967 ha de leerse tomando en consideraci\u00f3n que se escribi\u00f3 deliberadamente contra la sociedad espectacular. Sin exageraci\u00f3n alguna.<\/p>\n<p><a href=\"https:\/\/tavapy.gov.py\/biblioteca\/wp-content\/uploads\/2022\/04\/DebordG-La-sociedad-del-espectaculo.pdf\" target=\"_blank\" rel=\"attachment noopener wp-att-4114\"><img loading=\"lazy\" decoding=\"async\" class=\"size-full wp-image-4114 alignleft\" src=\"https:\/\/tavapy.gov.py\/biblioteca\/wp-content\/uploads\/2022\/04\/icono-PDF-copia-2.png\" alt=\"\" width=\"121\" height=\"140\" \/><\/a><\/p>\n","protected":false},"featured_media":4217,"comment_status":"open","ping_status":"closed","template":"","meta":{"spay_email":""},"product_cat":[355],"product_tag":[],"class_list":{"0":"post-4249","1":"product","2":"type-product","3":"status-publish","4":"has-post-thumbnail","6":"book_author-guy-debord","7":"product_cat-filosofia-ensayo","8":"entry"},"_links":{"self":[{"href":"https:\/\/tavapy.gov.py\/biblioteca\/wp-json\/wp\/v2\/product\/4249","targetHints":{"allow":["GET"]}}],"collection":[{"href":"https:\/\/tavapy.gov.py\/biblioteca\/wp-json\/wp\/v2\/product"}],"about":[{"href":"https:\/\/tavapy.gov.py\/biblioteca\/wp-json\/wp\/v2\/types\/product"}],"replies":[{"embeddable":true,"href":"https:\/\/tavapy.gov.py\/biblioteca\/wp-json\/wp\/v2\/comments?post=4249"}],"wp:featuredmedia":[{"embeddable":true,"href":"https:\/\/tavapy.gov.py\/biblioteca\/wp-json\/wp\/v2\/media\/4217"}],"wp:attachment":[{"href":"https:\/\/tavapy.gov.py\/biblioteca\/wp-json\/wp\/v2\/media?parent=4249"}],"wp:term":[{"taxonomy":"product_cat","embeddable":true,"href":"https:\/\/tavapy.gov.py\/biblioteca\/wp-json\/wp\/v2\/product_cat?post=4249"},{"taxonomy":"product_tag","embeddable":true,"href":"https:\/\/tavapy.gov.py\/biblioteca\/wp-json\/wp\/v2\/product_tag?post=4249"}],"curies":[{"name":"wp","href":"https:\/\/api.w.org\/{rel}","templated":true}]}}