{"id":4250,"date":"2022-04-18T04:36:32","date_gmt":"2022-04-18T04:36:32","guid":{"rendered":"https:\/\/tavapy.gov.py\/biblioteca\/?post_type=product&#038;p=4250"},"modified":"2022-04-18T04:36:32","modified_gmt":"2022-04-18T04:36:32","slug":"como-detectar-mentiras","status":"publish","type":"product","link":"https:\/\/tavapy.gov.py\/biblioteca\/product\/como-detectar-mentiras\/","title":{"rendered":"C\u00d3MO DETECTAR MENTIRAS."},"content":{"rendered":"","protected":false},"excerpt":{"rendered":"<p>El libro de Paul Ekman publicado en 1.985 le ense\u00f1ar\u00e1, entre otras muchas cosas, que las pupilas dilatadas y el parpadeo pueden indicar la presencia de una emoci\u00f3n; que el rubor puede ser signo de verg\u00fcenza, rabia o culpa; que ciertos ademanes son indicio de un sentimiento negativo; que una manera de hablar m\u00e1s veloz de lo habitual y en un volumen m\u00e1s alto tal vez denote ira, temor o irritaci\u00f3n\u2026 Y \u00e9stos son s\u00f3lo algunos de los indicadores que el autor utiliza para distinguir la realidad de la ficci\u00f3n.<\/p>\n<p>Tanto en su casa como en su lugar de trabajo, este gu\u00eda le ayudar\u00e1 a aprender en qu\u00e9 elementos (no verbales) de la comunicaci\u00f3n debe usted fijarse para saber si le est\u00e1n diciendo la verdad, incluyendo un cuestionario de 38 preguntas que le permitir\u00e1n descubrir cualquier tipo de enga\u00f1o.<\/p>\n<p><a href=\"https:\/\/tavapy.gov.py\/biblioteca\/wp-content\/uploads\/2022\/04\/Ekman-Co\u0301mo-detectar-mentiras.pdf\" target=\"_blank\" rel=\"attachment noopener wp-att-4114\"><img loading=\"lazy\" decoding=\"async\" class=\"size-full wp-image-4114 alignleft\" src=\"https:\/\/tavapy.gov.py\/biblioteca\/wp-content\/uploads\/2022\/04\/icono-PDF-copia-2.png\" alt=\"\" width=\"121\" height=\"140\" \/><\/a><\/p>\n","protected":false},"featured_media":4219,"comment_status":"open","ping_status":"closed","template":"","meta":{"spay_email":""},"product_cat":[357],"product_tag":[],"class_list":{"0":"post-4250","1":"product","2":"type-product","3":"status-publish","4":"has-post-thumbnail","6":"book_author-paul-ekman","7":"product_cat-psicologia-lenguaje-corporal","8":"entry"},"_links":{"self":[{"href":"https:\/\/tavapy.gov.py\/biblioteca\/wp-json\/wp\/v2\/product\/4250","targetHints":{"allow":["GET"]}}],"collection":[{"href":"https:\/\/tavapy.gov.py\/biblioteca\/wp-json\/wp\/v2\/product"}],"about":[{"href":"https:\/\/tavapy.gov.py\/biblioteca\/wp-json\/wp\/v2\/types\/product"}],"replies":[{"embeddable":true,"href":"https:\/\/tavapy.gov.py\/biblioteca\/wp-json\/wp\/v2\/comments?post=4250"}],"wp:featuredmedia":[{"embeddable":true,"href":"https:\/\/tavapy.gov.py\/biblioteca\/wp-json\/wp\/v2\/media\/4219"}],"wp:attachment":[{"href":"https:\/\/tavapy.gov.py\/biblioteca\/wp-json\/wp\/v2\/media?parent=4250"}],"wp:term":[{"taxonomy":"product_cat","embeddable":true,"href":"https:\/\/tavapy.gov.py\/biblioteca\/wp-json\/wp\/v2\/product_cat?post=4250"},{"taxonomy":"product_tag","embeddable":true,"href":"https:\/\/tavapy.gov.py\/biblioteca\/wp-json\/wp\/v2\/product_tag?post=4250"}],"curies":[{"name":"wp","href":"https:\/\/api.w.org\/{rel}","templated":true}]}}