{"id":4252,"date":"2022-04-18T04:45:43","date_gmt":"2022-04-18T04:45:43","guid":{"rendered":"https:\/\/tavapy.gov.py\/biblioteca\/?post_type=product&#038;p=4252"},"modified":"2022-04-21T22:21:05","modified_gmt":"2022-04-21T22:21:05","slug":"la-presentacion-de-la-persona-en-la-vida-cotidiana","status":"publish","type":"product","link":"https:\/\/tavapy.gov.py\/biblioteca\/product\/la-presentacion-de-la-persona-en-la-vida-cotidiana\/","title":{"rendered":"LA PRESENTACI\u00d3N DE LA PERSONA EN LA VIDA COTIDIANA."},"content":{"rendered":"","protected":false},"excerpt":{"rendered":"<p>La presentaci\u00f3n de la persona en la vida cotidiana describe en detalle una perspectiva sociolog\u00eda original desde la cual es posible estudiar la vida social, especialmente el tipo de vida social organizado dentro de los l\u00edmites f\u00edsicos de un establecimiento o una planta industrial: la perspectiva de la actuaci\u00f3n o representaci\u00f3n teatral.<\/p>\n<p>Dejando a un lado las insuficiencias obvias de este modelo anal\u00f3gico, Erving Goffman se ha propuesto considerar de qu\u00e9 manera el individuo se presenta y presenta se actividad ante otros en las situaciones de trabajo corriente, c\u00f3mo gu\u00eda y controla la impresi\u00f3n que los otros se forman de \u00e9l, y qu\u00e9 tipo de cosas puede y no puede hacer mientras act\u00faa ante ellos.<\/p>\n<p>La prueba m\u00e1s contundente del \u00e9xito de la tarea emprendida por el autor es, sin lugar a dudas, la vigencia de esta obra, la cual, publicada por primera vez en 1959, logr\u00f3 constituirse en un verdadero cl\u00e1sico en su g\u00e9nero.<\/p>\n<p><a href=\"https:\/\/tavapy.gov.py\/biblioteca\/wp-content\/uploads\/2022\/04\/GoffmanE-La_presentacion_de_la_persona_en...pdf\" target=\"_blank\" rel=\"attachment noopener wp-att-4114\"><img loading=\"lazy\" decoding=\"async\" class=\"size-full wp-image-4114 alignleft\" src=\"https:\/\/tavapy.gov.py\/biblioteca\/wp-content\/uploads\/2022\/04\/icono-PDF-copia-2.png\" alt=\"\" width=\"121\" height=\"140\" \/><\/a><\/p>\n","protected":false},"featured_media":4223,"comment_status":"open","ping_status":"closed","template":"","meta":{"spay_email":""},"product_cat":[70],"product_tag":[],"class_list":{"0":"post-4252","1":"product","2":"type-product","3":"status-publish","4":"has-post-thumbnail","6":"book_author-ervin-goffman","7":"product_cat-sociologia","8":"entry"},"_links":{"self":[{"href":"https:\/\/tavapy.gov.py\/biblioteca\/wp-json\/wp\/v2\/product\/4252","targetHints":{"allow":["GET"]}}],"collection":[{"href":"https:\/\/tavapy.gov.py\/biblioteca\/wp-json\/wp\/v2\/product"}],"about":[{"href":"https:\/\/tavapy.gov.py\/biblioteca\/wp-json\/wp\/v2\/types\/product"}],"replies":[{"embeddable":true,"href":"https:\/\/tavapy.gov.py\/biblioteca\/wp-json\/wp\/v2\/comments?post=4252"}],"wp:featuredmedia":[{"embeddable":true,"href":"https:\/\/tavapy.gov.py\/biblioteca\/wp-json\/wp\/v2\/media\/4223"}],"wp:attachment":[{"href":"https:\/\/tavapy.gov.py\/biblioteca\/wp-json\/wp\/v2\/media?parent=4252"}],"wp:term":[{"taxonomy":"product_cat","embeddable":true,"href":"https:\/\/tavapy.gov.py\/biblioteca\/wp-json\/wp\/v2\/product_cat?post=4252"},{"taxonomy":"product_tag","embeddable":true,"href":"https:\/\/tavapy.gov.py\/biblioteca\/wp-json\/wp\/v2\/product_tag?post=4252"}],"curies":[{"name":"wp","href":"https:\/\/api.w.org\/{rel}","templated":true}]}}