{"id":4253,"date":"2022-04-18T04:51:48","date_gmt":"2022-04-18T04:51:48","guid":{"rendered":"https:\/\/tavapy.gov.py\/biblioteca\/?post_type=product&#038;p=4253"},"modified":"2022-04-18T04:51:48","modified_gmt":"2022-04-18T04:51:48","slug":"en-busca-de-la-memoria","status":"publish","type":"product","link":"https:\/\/tavapy.gov.py\/biblioteca\/product\/en-busca-de-la-memoria\/","title":{"rendered":"EN BUSCA DE LA MEMORIA."},"content":{"rendered":"","protected":false},"excerpt":{"rendered":"<p>En este libro publicado en el 2.006, se entretejen dos historias: la historia intelectual de los extraordinarios adelantos producidos en el estudio de la mente en los \u00faltimos cincuenta a\u00f1os y la historia de la vida y la carrera cient\u00edfica de uno de los mayores art\u00edfices de esos adelantos: el Premio Nobel Eric Kandel.<\/p>\n<p>Impulsado por una curiosidad vehemente y contagiosa, Kandel describe la trama de esta cautivante historia intelectual, uno de cuyos hilos fue su empe\u00f1o por comprender la memoria. Comenzando por sus recuerdos de infancia en la Viena ocupada por los nazis, el autor hace una cr\u00f3nica de su descollante carrera, desde su deslumbramiento inicial con la historia, el psicoan\u00e1lisis y los estudios de neurobiolog\u00eda, hasta sus innovadores trabajos sobre los procesos celulares y moleculares de la memoria que lo hicieron acreedor de los mayores reconocimientos cient\u00edficos.<\/p>\n<p>H\u00e1bil combinaci\u00f3n de recuerdos personales e historia, de la biolog\u00eda moderna y los estudios sobre el comportamiento, En busca de la memoria es un libro en que se entrecruzan una brillante traves\u00eda intelectual y una de las empresas cient\u00edficas m\u00e1s grandes del siglo XX: la indagaci\u00f3n de los fundamentos biol\u00f3gicos de la memoria.<\/p>\n<p><a href=\"https:\/\/tavapy.gov.py\/biblioteca\/wp-content\/uploads\/2022\/04\/Kandel-Eric-En-Busca-De-La-Memoria.pdf\" target=\"_blank\" rel=\"attachment noopener wp-att-4114\"><img loading=\"lazy\" decoding=\"async\" class=\"size-full wp-image-4114 alignleft\" src=\"https:\/\/tavapy.gov.py\/biblioteca\/wp-content\/uploads\/2022\/04\/icono-PDF-copia-2.png\" alt=\"\" width=\"121\" height=\"140\" \/><\/a><\/p>\n","protected":false},"featured_media":4227,"comment_status":"open","ping_status":"closed","template":"","meta":{"spay_email":""},"product_cat":[361],"product_tag":[],"class_list":{"0":"post-4253","1":"product","2":"type-product","3":"status-publish","4":"has-post-thumbnail","6":"book_author-eric-kandel","7":"product_cat-neurociencia-psicologia","8":"entry"},"_links":{"self":[{"href":"https:\/\/tavapy.gov.py\/biblioteca\/wp-json\/wp\/v2\/product\/4253","targetHints":{"allow":["GET"]}}],"collection":[{"href":"https:\/\/tavapy.gov.py\/biblioteca\/wp-json\/wp\/v2\/product"}],"about":[{"href":"https:\/\/tavapy.gov.py\/biblioteca\/wp-json\/wp\/v2\/types\/product"}],"replies":[{"embeddable":true,"href":"https:\/\/tavapy.gov.py\/biblioteca\/wp-json\/wp\/v2\/comments?post=4253"}],"wp:featuredmedia":[{"embeddable":true,"href":"https:\/\/tavapy.gov.py\/biblioteca\/wp-json\/wp\/v2\/media\/4227"}],"wp:attachment":[{"href":"https:\/\/tavapy.gov.py\/biblioteca\/wp-json\/wp\/v2\/media?parent=4253"}],"wp:term":[{"taxonomy":"product_cat","embeddable":true,"href":"https:\/\/tavapy.gov.py\/biblioteca\/wp-json\/wp\/v2\/product_cat?post=4253"},{"taxonomy":"product_tag","embeddable":true,"href":"https:\/\/tavapy.gov.py\/biblioteca\/wp-json\/wp\/v2\/product_tag?post=4253"}],"curies":[{"name":"wp","href":"https:\/\/api.w.org\/{rel}","templated":true}]}}