{"id":4254,"date":"2022-04-18T04:58:31","date_gmt":"2022-04-18T04:58:31","guid":{"rendered":"https:\/\/tavapy.gov.py\/biblioteca\/?post_type=product&#038;p=4254"},"modified":"2022-04-18T04:59:34","modified_gmt":"2022-04-18T04:59:34","slug":"pensar-rapido-pensar-despacio","status":"publish","type":"product","link":"https:\/\/tavapy.gov.py\/biblioteca\/product\/pensar-rapido-pensar-despacio\/","title":{"rendered":"PENSAR R\u00c1PIDO, PENSAR DESPACIO."},"content":{"rendered":"","protected":false},"excerpt":{"rendered":"<p>En Pensar r\u00e1pido, pensar despacio, un \u00e9xito internacional publicado en el 2.011, Kahneman nos ofrece una revolucionaria perspectiva del cerebro y explica los dos sistemas que modelan c\u00f3mo pensamos. El sistema 1 es r\u00e1pido, intuitivo y emocional, mientras que el sistema 2 es m\u00e1s lento, deliberativo y l\u00f3gico. Kahneman expone la extraordinaria capacidad (y tambi\u00e9n los errores y los sesgos) del pensamiento r\u00e1pido, y revela la duradera influencia de las impresiones intuitivas sobre nuestro pensamiento y nuestra conducta.<\/p>\n<p>El impacto de la aversi\u00f3n a la p\u00e9rdida y el exceso de confianza en las estrategias empresariales, la dificultad de predecir lo que nos har\u00e1 felices en el futuro, el reto de enmarcar adecuadamente los riesgos en el trabajo y en el hogar, el profundo efecto de los sesgos cognitivos sobre todo lo que hacemos, desde jugar en la Bolsa hasta planificar las vacaciones; todo esto solo puede ser comprendido si entendemos el funcionamiento conjunto de los dos sistemas a la hora de formular nuestros juicios y decisiones.<\/p>\n<p>Al implicar al lector en una animada reflexi\u00f3n sobre c\u00f3mo pensamos, Kahneman consigue revelar cu\u00e1ndo podemos confiar en nuestras intuiciones y cu\u00e1ndo no, y de qu\u00e9 modo podemos aprovechar los beneficios del pensamiento lento. Adem\u00e1s, ofrece ense\u00f1anzas pr\u00e1cticas e iluminadoras sobre c\u00f3mo se adoptan decisiones en la vida profesional o personal, y sobre c\u00f3mo podemos usar distintas t\u00e9cnicas para protegernos de los fallos mentales que nos crean problemas. Pensar r\u00e1pido, pensar despacio cambiar\u00e1 para siempre nuestra manera de pensar sobre c\u00f3mo pensamos.<\/p>\n<p><a href=\"https:\/\/tavapy.gov.py\/biblioteca\/wp-content\/uploads\/2022\/04\/KahnemanD-Pensar-rapido-pensar-despacio.pdf\" target=\"_blank\" rel=\"attachment noopener wp-att-4114\"><img loading=\"lazy\" decoding=\"async\" class=\"size-full wp-image-4114 alignleft\" src=\"https:\/\/tavapy.gov.py\/biblioteca\/wp-content\/uploads\/2022\/04\/icono-PDF-copia-2.png\" alt=\"\" width=\"121\" height=\"140\" \/><\/a><\/p>\n","protected":false},"featured_media":4229,"comment_status":"open","ping_status":"closed","template":"","meta":{"spay_email":""},"product_cat":[362],"product_tag":[],"class_list":{"0":"post-4254","1":"product","2":"type-product","3":"status-publish","4":"has-post-thumbnail","6":"book_author-daniel-kahneman","7":"product_cat-psicologia-cognicion","8":"entry"},"_links":{"self":[{"href":"https:\/\/tavapy.gov.py\/biblioteca\/wp-json\/wp\/v2\/product\/4254","targetHints":{"allow":["GET"]}}],"collection":[{"href":"https:\/\/tavapy.gov.py\/biblioteca\/wp-json\/wp\/v2\/product"}],"about":[{"href":"https:\/\/tavapy.gov.py\/biblioteca\/wp-json\/wp\/v2\/types\/product"}],"replies":[{"embeddable":true,"href":"https:\/\/tavapy.gov.py\/biblioteca\/wp-json\/wp\/v2\/comments?post=4254"}],"wp:featuredmedia":[{"embeddable":true,"href":"https:\/\/tavapy.gov.py\/biblioteca\/wp-json\/wp\/v2\/media\/4229"}],"wp:attachment":[{"href":"https:\/\/tavapy.gov.py\/biblioteca\/wp-json\/wp\/v2\/media?parent=4254"}],"wp:term":[{"taxonomy":"product_cat","embeddable":true,"href":"https:\/\/tavapy.gov.py\/biblioteca\/wp-json\/wp\/v2\/product_cat?post=4254"},{"taxonomy":"product_tag","embeddable":true,"href":"https:\/\/tavapy.gov.py\/biblioteca\/wp-json\/wp\/v2\/product_tag?post=4254"}],"curies":[{"name":"wp","href":"https:\/\/api.w.org\/{rel}","templated":true}]}}