{"id":4278,"date":"2022-04-19T03:24:44","date_gmt":"2022-04-19T03:24:44","guid":{"rendered":"https:\/\/tavapy.gov.py\/biblioteca\/?post_type=product&#038;p=4278"},"modified":"2022-04-19T03:24:44","modified_gmt":"2022-04-19T03:24:44","slug":"el-poder-de-la-gratitud","status":"publish","type":"product","link":"https:\/\/tavapy.gov.py\/biblioteca\/product\/el-poder-de-la-gratitud\/","title":{"rendered":"EL PODER DE LA GRATITUD"},"content":{"rendered":"","protected":false},"excerpt":{"rendered":"<p>La GRATITUD es la virtud maestra que nos permite hacer las paces con nuestro pasado, disfrutar el presente y sentir confianza hacia el futuro. La GRATITUD nos permite reconectarnos con nuestra fuente espiritual de poder y reconocer nuestro origen y nuestro destino.<\/p>\n<p>En este libro el autor comparte lo que hay detr\u00e1s de la GRATITUD: c\u00f3mo entenderla y vivirla a diario para que nos ayude en nuestra transformaci\u00f3n positiva y sanadora, tanto para nuestra vida como para las personas que nos rodean.<\/p>\n<p>Este libro publicado en el 2.018 es un an\u00e1lisis psico-antropol\u00f3gico de la gratitud y sus efectos en las personas y en la sociedad.<\/p>\n<p><a href=\"https:\/\/tavapy.gov.py\/biblioteca\/wp-content\/uploads\/2022\/04\/PerretR-ElPoderdelaGratitud.pdf\" target=\"_blank\" rel=\"attachment noopener wp-att-4114\"><img loading=\"lazy\" decoding=\"async\" class=\"size-full wp-image-4114 alignleft\" src=\"https:\/\/tavapy.gov.py\/biblioteca\/wp-content\/uploads\/2022\/04\/icono-PDF-copia-2.png\" alt=\"\" width=\"121\" height=\"140\" \/><\/a><\/p>\n","protected":false},"featured_media":4276,"comment_status":"open","ping_status":"closed","template":"","meta":{"spay_email":""},"product_cat":[365],"product_tag":[],"class_list":{"0":"post-4278","1":"product","2":"type-product","3":"status-publish","4":"has-post-thumbnail","6":"book_author-ricardo-perret","7":"product_cat-psicologia-antropologia","8":"entry"},"_links":{"self":[{"href":"https:\/\/tavapy.gov.py\/biblioteca\/wp-json\/wp\/v2\/product\/4278","targetHints":{"allow":["GET"]}}],"collection":[{"href":"https:\/\/tavapy.gov.py\/biblioteca\/wp-json\/wp\/v2\/product"}],"about":[{"href":"https:\/\/tavapy.gov.py\/biblioteca\/wp-json\/wp\/v2\/types\/product"}],"replies":[{"embeddable":true,"href":"https:\/\/tavapy.gov.py\/biblioteca\/wp-json\/wp\/v2\/comments?post=4278"}],"wp:featuredmedia":[{"embeddable":true,"href":"https:\/\/tavapy.gov.py\/biblioteca\/wp-json\/wp\/v2\/media\/4276"}],"wp:attachment":[{"href":"https:\/\/tavapy.gov.py\/biblioteca\/wp-json\/wp\/v2\/media?parent=4278"}],"wp:term":[{"taxonomy":"product_cat","embeddable":true,"href":"https:\/\/tavapy.gov.py\/biblioteca\/wp-json\/wp\/v2\/product_cat?post=4278"},{"taxonomy":"product_tag","embeddable":true,"href":"https:\/\/tavapy.gov.py\/biblioteca\/wp-json\/wp\/v2\/product_tag?post=4278"}],"curies":[{"name":"wp","href":"https:\/\/api.w.org\/{rel}","templated":true}]}}