{"id":4358,"date":"2022-04-22T14:37:45","date_gmt":"2022-04-22T14:37:45","guid":{"rendered":"https:\/\/tavapy.gov.py\/biblioteca\/?post_type=product&#038;p=4358"},"modified":"2022-04-22T14:37:45","modified_gmt":"2022-04-22T14:37:45","slug":"voces-de-la-filosofia-de-la-educacion","status":"publish","type":"product","link":"https:\/\/tavapy.gov.py\/biblioteca\/product\/voces-de-la-filosofia-de-la-educacion\/","title":{"rendered":"VOCES DE LA FILOSOF\u00cdA DE LA EDUCACI\u00d3N."},"content":{"rendered":"","protected":false},"excerpt":{"rendered":"<p>Voces de la Filosof\u00eda de la Educaci\u00f3n, obra publicada en el 2.015, pone en pr\u00e1ctica lo que alude en su t\u00edtulo: dialogar, escuchar, exponer, criticar, oponer, manifestar, expresar, etc., lo que tienen que decir diversas voces en relaci\u00f3n con la Filosof\u00eda del de la Educaci\u00f3n.<\/p>\n<p>Es precisamente la pluralidad de perspectivas que abordan el tan tra\u00eddo y llevado tema de la educaci\u00f3n, lo que aqu\u00ed desea resaltarse. La Filosof\u00eda de la Educaci\u00f3n, campo muy trabajado y tal vez no reconocido en ciertos c\u00edrculos de la academia, demuestra que tiene pleno derecho como disciplina filos\u00f3fica, gracias a los abordajes que en esta obra se exponen.<\/p>\n<p><a href=\"https:\/\/tavapy.gov.py\/biblioteca\/wp-content\/uploads\/2022\/04\/RamirezI-Voces-de-la-filosofia-de-la-educacion.pdf\" target=\"_blank\" rel=\"attachment noopener wp-att-4114\"><img loading=\"lazy\" decoding=\"async\" class=\"size-full wp-image-4114 alignleft\" src=\"https:\/\/tavapy.gov.py\/biblioteca\/wp-content\/uploads\/2022\/04\/icono-PDF-copia-2.png\" alt=\"\" width=\"121\" height=\"140\" \/><\/a><\/p>\n","protected":false},"featured_media":4355,"comment_status":"open","ping_status":"closed","template":"","meta":{"spay_email":""},"product_cat":[367],"product_tag":[],"class_list":{"0":"post-4358","1":"product","2":"type-product","3":"status-publish","4":"has-post-thumbnail","6":"book_author-irazema-edith-ramirez-hernandez","7":"product_cat-filosofia-de-la-educacion","8":"entry"},"_links":{"self":[{"href":"https:\/\/tavapy.gov.py\/biblioteca\/wp-json\/wp\/v2\/product\/4358","targetHints":{"allow":["GET"]}}],"collection":[{"href":"https:\/\/tavapy.gov.py\/biblioteca\/wp-json\/wp\/v2\/product"}],"about":[{"href":"https:\/\/tavapy.gov.py\/biblioteca\/wp-json\/wp\/v2\/types\/product"}],"replies":[{"embeddable":true,"href":"https:\/\/tavapy.gov.py\/biblioteca\/wp-json\/wp\/v2\/comments?post=4358"}],"wp:featuredmedia":[{"embeddable":true,"href":"https:\/\/tavapy.gov.py\/biblioteca\/wp-json\/wp\/v2\/media\/4355"}],"wp:attachment":[{"href":"https:\/\/tavapy.gov.py\/biblioteca\/wp-json\/wp\/v2\/media?parent=4358"}],"wp:term":[{"taxonomy":"product_cat","embeddable":true,"href":"https:\/\/tavapy.gov.py\/biblioteca\/wp-json\/wp\/v2\/product_cat?post=4358"},{"taxonomy":"product_tag","embeddable":true,"href":"https:\/\/tavapy.gov.py\/biblioteca\/wp-json\/wp\/v2\/product_tag?post=4358"}],"curies":[{"name":"wp","href":"https:\/\/api.w.org\/{rel}","templated":true}]}}