{"id":4361,"date":"2022-04-22T14:43:28","date_gmt":"2022-04-22T14:43:28","guid":{"rendered":"https:\/\/tavapy.gov.py\/biblioteca\/?post_type=product&#038;p=4361"},"modified":"2022-04-22T14:43:29","modified_gmt":"2022-04-22T14:43:29","slug":"manual-de-ciencia-politica","status":"publish","type":"product","link":"https:\/\/tavapy.gov.py\/biblioteca\/product\/manual-de-ciencia-politica\/","title":{"rendered":"MANUAL DE CIENCIA POL\u00cdTICA."},"content":{"rendered":"","protected":false},"excerpt":{"rendered":"<p>Un signo de madurez de una disciplina es la aparici\u00f3n de la necesidad y demanda de buenos manuales que destilen el estado de los conocimientos respectivos, y faciliten su estudio y difusi\u00f3n.<\/p>\n<p>La presente obra publicada en el 2.011, cumple muy bien esta funci\u00f3n, ya que recorre un amplio y pertinente temario; presenta un cuadro comprensivo y actualizado de buena parte de los temas relevantes a una concepci\u00f3n moderna de la ciencia pol\u00edtica;<\/p>\n<p>Est\u00e1 escrito en un estilo asequible, pero que no elude presentar y discutir complejos asuntos; y se atiene a niveles anal\u00edticos y emp\u00edricos, aunque no omite tomar posici\u00f3n en varias cuestiones normativas y abrirse, por lo tanto, a pol\u00e9micas, tal como corresponde a una concepci\u00f3n socialmente comprometida de las ciencias sociales.<\/p>\n<p>Se trata de un texto valioso tanto para el estudiante que se inicia en la ciencia pol\u00edtica como para el profesional que busca actualizarse y especializarse en esta \u00e1rea tem\u00e1tica.<\/p>\n<p><a href=\"https:\/\/tavapy.gov.py\/biblioteca\/wp-content\/uploads\/2022\/04\/Abal-MedinaJM-Manual-de-Ciencia-Politica.pdf\" target=\"_blank\" rel=\"attachment noopener wp-att-4114\"><img loading=\"lazy\" decoding=\"async\" class=\"size-full wp-image-4114 alignleft\" src=\"https:\/\/tavapy.gov.py\/biblioteca\/wp-content\/uploads\/2022\/04\/icono-PDF-copia-2.png\" alt=\"\" width=\"121\" height=\"140\" \/><\/a><\/p>\n","protected":false},"featured_media":4350,"comment_status":"open","ping_status":"closed","template":"","meta":{"spay_email":""},"product_cat":[369],"product_tag":[],"class_list":{"0":"post-4361","1":"product","2":"type-product","3":"status-publish","4":"has-post-thumbnail","6":"book_author-juan-manuel-abal-medina","7":"product_cat-ciencia-politica","8":"entry"},"_links":{"self":[{"href":"https:\/\/tavapy.gov.py\/biblioteca\/wp-json\/wp\/v2\/product\/4361","targetHints":{"allow":["GET"]}}],"collection":[{"href":"https:\/\/tavapy.gov.py\/biblioteca\/wp-json\/wp\/v2\/product"}],"about":[{"href":"https:\/\/tavapy.gov.py\/biblioteca\/wp-json\/wp\/v2\/types\/product"}],"replies":[{"embeddable":true,"href":"https:\/\/tavapy.gov.py\/biblioteca\/wp-json\/wp\/v2\/comments?post=4361"}],"wp:featuredmedia":[{"embeddable":true,"href":"https:\/\/tavapy.gov.py\/biblioteca\/wp-json\/wp\/v2\/media\/4350"}],"wp:attachment":[{"href":"https:\/\/tavapy.gov.py\/biblioteca\/wp-json\/wp\/v2\/media?parent=4361"}],"wp:term":[{"taxonomy":"product_cat","embeddable":true,"href":"https:\/\/tavapy.gov.py\/biblioteca\/wp-json\/wp\/v2\/product_cat?post=4361"},{"taxonomy":"product_tag","embeddable":true,"href":"https:\/\/tavapy.gov.py\/biblioteca\/wp-json\/wp\/v2\/product_tag?post=4361"}],"curies":[{"name":"wp","href":"https:\/\/api.w.org\/{rel}","templated":true}]}}