{"id":4362,"date":"2022-04-22T14:48:56","date_gmt":"2022-04-22T14:48:56","guid":{"rendered":"https:\/\/tavapy.gov.py\/biblioteca\/?post_type=product&#038;p=4362"},"modified":"2022-04-22T14:48:56","modified_gmt":"2022-04-22T14:48:56","slug":"epistemologia-textos-seleccionados","status":"publish","type":"product","link":"https:\/\/tavapy.gov.py\/biblioteca\/product\/epistemologia-textos-seleccionados\/","title":{"rendered":"EPISTEMOLOG\u00cdA (TEXTOS SELECCIONADOS)."},"content":{"rendered":"","protected":false},"excerpt":{"rendered":"<p>La realidad epistemol\u00f3gica de Bachelard se constituye con atenci\u00f3n tensa, durante casi un cuarto de siglo, hacia los progresos contempor\u00e1neos de las ciencias f\u00edsica y qu\u00edmica, con una vigilancia pol\u00e9mica sin desfallecimientos con respecto a las teor\u00edas filos\u00f3ficas del conocimiento.<\/p>\n<p>Esta recopilaci\u00f3n del pensamiento epistemol\u00f3gico de Bachelard publicada en 1.971, no pretende ofrecer un cuadro sistem\u00e1tico de la epistemolog\u00eda del autor. Esta epistemolog\u00eda hist\u00f3rica abr\u00eda el terreno para una nueva disciplina: la historia epistemol\u00f3gica de las ciencias.<\/p>\n<p><a href=\"https:\/\/tavapy.gov.py\/biblioteca\/wp-content\/uploads\/2022\/04\/BachelardG-Epistemologia.pdf\" target=\"_blank\" rel=\"noopener\"><img loading=\"lazy\" decoding=\"async\" class=\"size-full wp-image-4363 alignleft\" src=\"https:\/\/tavapy.gov.py\/biblioteca\/wp-content\/uploads\/2022\/04\/icono-PDF-copia-3.png\" alt=\"\" width=\"121\" height=\"140\" \/><\/a><\/p>\n","protected":false},"featured_media":4346,"comment_status":"open","ping_status":"closed","template":"","meta":{"spay_email":""},"product_cat":[92],"product_tag":[],"class_list":{"0":"post-4362","1":"product","2":"type-product","3":"status-publish","4":"has-post-thumbnail","6":"book_author-gaston-bachelard","7":"product_cat-epistemologia","8":"entry"},"_links":{"self":[{"href":"https:\/\/tavapy.gov.py\/biblioteca\/wp-json\/wp\/v2\/product\/4362","targetHints":{"allow":["GET"]}}],"collection":[{"href":"https:\/\/tavapy.gov.py\/biblioteca\/wp-json\/wp\/v2\/product"}],"about":[{"href":"https:\/\/tavapy.gov.py\/biblioteca\/wp-json\/wp\/v2\/types\/product"}],"replies":[{"embeddable":true,"href":"https:\/\/tavapy.gov.py\/biblioteca\/wp-json\/wp\/v2\/comments?post=4362"}],"wp:featuredmedia":[{"embeddable":true,"href":"https:\/\/tavapy.gov.py\/biblioteca\/wp-json\/wp\/v2\/media\/4346"}],"wp:attachment":[{"href":"https:\/\/tavapy.gov.py\/biblioteca\/wp-json\/wp\/v2\/media?parent=4362"}],"wp:term":[{"taxonomy":"product_cat","embeddable":true,"href":"https:\/\/tavapy.gov.py\/biblioteca\/wp-json\/wp\/v2\/product_cat?post=4362"},{"taxonomy":"product_tag","embeddable":true,"href":"https:\/\/tavapy.gov.py\/biblioteca\/wp-json\/wp\/v2\/product_tag?post=4362"}],"curies":[{"name":"wp","href":"https:\/\/api.w.org\/{rel}","templated":true}]}}