{"id":4364,"date":"2022-04-22T14:54:10","date_gmt":"2022-04-22T14:54:10","guid":{"rendered":"https:\/\/tavapy.gov.py\/biblioteca\/?post_type=product&#038;p=4364"},"modified":"2022-04-22T14:54:10","modified_gmt":"2022-04-22T14:54:10","slug":"encambio-aprende-a-modificar-tu-cerebro-para-cambiar-tu-vida-y-sentirte-mejor","status":"publish","type":"product","link":"https:\/\/tavapy.gov.py\/biblioteca\/product\/encambio-aprende-a-modificar-tu-cerebro-para-cambiar-tu-vida-y-sentirte-mejor\/","title":{"rendered":"ENCAMBIO: APRENDE A MODIFICAR TU CEREBRO PARA CAMBIAR TU VIDA Y SENTIRTE MEJOR."},"content":{"rendered":"","protected":false},"excerpt":{"rendered":"<p>Estanislao Bachrach, autor que se ha convertido en un referente de la neurociencia a nivel acad\u00e9mico y medi\u00e1tico, nos descubre en su nuevo libro el potencial que tiene nuestro cerebro para cambiar y nuestra capacidad para modificarlo.<\/p>\n<p>Este a\u00f1o cambio de trabajo, empiezo el gimnasio, bajo esos kilitos de m\u00e1s, aprendo un idioma nuevo&#8230; Cambiar es la cuesti\u00f3n. A veces te da tanto miedo no lograrlo que ni siquiera lo intentas. Piensas que eres as\u00ed, que ya no puedes cambiar. Vives como si estuvieras en piloto autom\u00e1tico, y reaccionas ante las diversas situaciones del d\u00eda a d\u00eda casi sin pensar. Algunos de estos comportamientos te hacen eficiente, pero otros te alejan de lo que realmente quieres.<\/p>\n<p>Esto no es casual. No eres t\u00fa, es tu cerebro. Estas reacciones autom\u00e1ticas est\u00e1n determinadas por patrones cerebrales que construyes a lo largo de tu vida. EnCambio, obra publicada en el 2.014, te va a permitir identificar los procesos por los cuales piensas, sientes y te comportas de una u otra manera, y as\u00ed dejar atr\u00e1s aquellos h\u00e1bitos y conductas que ya no te benefician.<\/p>\n<p>El objetivo es que conozcas el potencial de tu cerebro para iniciar un cambio y la capacidad que t\u00fa tienes para modificarlo.<\/p>\n<p>Con este libro aprender\u00e1s a conocerte mejor -paso fundamental para lograr un mayor bienestar- y encontrar\u00e1s las herramientas para que puedas cambiar pensamientos, emociones y acciones que entorpecen tu camino hacia la vida que quieres para, as\u00ed, conseguir tus objetivos a largo plazo, tanto personales como profesionales.<\/p>\n<p><a href=\"https:\/\/tavapy.gov.py\/biblioteca\/wp-content\/uploads\/2022\/04\/BachrachE-En-Cambio.pdf\" target=\"_blank\" rel=\"attachment noopener wp-att-4363\"><img loading=\"lazy\" decoding=\"async\" class=\"size-full wp-image-4363 alignleft\" src=\"https:\/\/tavapy.gov.py\/biblioteca\/wp-content\/uploads\/2022\/04\/icono-PDF-copia-3.png\" alt=\"\" width=\"121\" height=\"140\" \/><\/a><\/p>\n","protected":false},"featured_media":4344,"comment_status":"open","ping_status":"closed","template":"","meta":{"spay_email":""},"product_cat":[197],"product_tag":[],"class_list":{"0":"post-4364","1":"product","2":"type-product","3":"status-publish","4":"has-post-thumbnail","6":"book_author-estanislao-bachrach","7":"product_cat-autoayuda-neurociencia","8":"entry"},"_links":{"self":[{"href":"https:\/\/tavapy.gov.py\/biblioteca\/wp-json\/wp\/v2\/product\/4364","targetHints":{"allow":["GET"]}}],"collection":[{"href":"https:\/\/tavapy.gov.py\/biblioteca\/wp-json\/wp\/v2\/product"}],"about":[{"href":"https:\/\/tavapy.gov.py\/biblioteca\/wp-json\/wp\/v2\/types\/product"}],"replies":[{"embeddable":true,"href":"https:\/\/tavapy.gov.py\/biblioteca\/wp-json\/wp\/v2\/comments?post=4364"}],"wp:featuredmedia":[{"embeddable":true,"href":"https:\/\/tavapy.gov.py\/biblioteca\/wp-json\/wp\/v2\/media\/4344"}],"wp:attachment":[{"href":"https:\/\/tavapy.gov.py\/biblioteca\/wp-json\/wp\/v2\/media?parent=4364"}],"wp:term":[{"taxonomy":"product_cat","embeddable":true,"href":"https:\/\/tavapy.gov.py\/biblioteca\/wp-json\/wp\/v2\/product_cat?post=4364"},{"taxonomy":"product_tag","embeddable":true,"href":"https:\/\/tavapy.gov.py\/biblioteca\/wp-json\/wp\/v2\/product_tag?post=4364"}],"curies":[{"name":"wp","href":"https:\/\/api.w.org\/{rel}","templated":true}]}}