{"id":4365,"date":"2022-04-22T14:58:05","date_gmt":"2022-04-22T14:58:05","guid":{"rendered":"https:\/\/tavapy.gov.py\/biblioteca\/?post_type=product&#038;p=4365"},"modified":"2022-04-22T14:58:06","modified_gmt":"2022-04-22T14:58:06","slug":"en-el-limbo-aprende-a-disenar-tus-emociones-para-convertirte-en-quien-siempre-quisiste-ser","status":"publish","type":"product","link":"https:\/\/tavapy.gov.py\/biblioteca\/product\/en-el-limbo-aprende-a-disenar-tus-emociones-para-convertirte-en-quien-siempre-quisiste-ser\/","title":{"rendered":"EN EL LIMBO: APREND\u00c9 A DISE\u00d1AR TUS EMOCIONES PARA CONVERTIRTE EN QUIEN SIEMPRE QUISISTE SER."},"content":{"rendered":"","protected":false},"excerpt":{"rendered":"<p>Con En el limbo, obra publicada en el 2.020 -tras a\u00f1os de investigaci\u00f3n- el divulgador cient\u00edfico argentino, nos presenta una nueva teor\u00eda sobre las emociones que barre por completo con los viejos conceptos que a\u00fan hoy intentan imponer los ensayos de autores que repiten viejas f\u00f3rmulas.<\/p>\n<p>Este libro te va a acompa\u00f1ar al limbus, al l\u00edmite, al borde de tu zona de confort. Porque t\u00fa puedes convertirte en la persona que siempre quisiste ser. Sin duda son las emociones las que hacen que vivir valga la pena. Todos atravesamos diversos estados emocionales a lo largo de la vida y muchas veces sentimos que nos dominan. No solo no los puedes evitar sino que son fundamentales a la hora de tomar decisiones. Tanto si quieres ser un l\u00edder o una mejor persona, es clave que conozcas, entiendas y regules tus emociones.<\/p>\n<p>Sin embargo, te han ense\u00f1ado muy poco sobre ellas. Pero aqu\u00ed la gran noticia: si bien experimentas emociones sin esfuerzo consciente, eso no significa que seas un receptor pasivo de estas experiencias. A pesar de tu historia las puedes redise\u00f1ar empleando tus pensamientos, modificando el contexto y conociendo cada vez mejor tu cuerpo. Tus emociones te aportan informaci\u00f3n sobre tu bienestar. Son datos, no direcciones.<\/p>\n<p><a href=\"https:\/\/tavapy.gov.py\/biblioteca\/wp-content\/uploads\/2022\/04\/BachrachE-En-el-Limbo.pdf\" target=\"_blank\" rel=\"attachment noopener wp-att-4363\"><img loading=\"lazy\" decoding=\"async\" class=\"size-full wp-image-4363 alignleft\" src=\"https:\/\/tavapy.gov.py\/biblioteca\/wp-content\/uploads\/2022\/04\/icono-PDF-copia-3.png\" alt=\"\" width=\"121\" height=\"140\" \/><\/a><\/p>\n","protected":false},"featured_media":4340,"comment_status":"open","ping_status":"closed","template":"","meta":{"spay_email":""},"product_cat":[197],"product_tag":[],"class_list":{"0":"post-4365","1":"product","2":"type-product","3":"status-publish","4":"has-post-thumbnail","6":"book_author-estanislao-bachrach","7":"product_cat-autoayuda-neurociencia","8":"entry"},"_links":{"self":[{"href":"https:\/\/tavapy.gov.py\/biblioteca\/wp-json\/wp\/v2\/product\/4365","targetHints":{"allow":["GET"]}}],"collection":[{"href":"https:\/\/tavapy.gov.py\/biblioteca\/wp-json\/wp\/v2\/product"}],"about":[{"href":"https:\/\/tavapy.gov.py\/biblioteca\/wp-json\/wp\/v2\/types\/product"}],"replies":[{"embeddable":true,"href":"https:\/\/tavapy.gov.py\/biblioteca\/wp-json\/wp\/v2\/comments?post=4365"}],"wp:featuredmedia":[{"embeddable":true,"href":"https:\/\/tavapy.gov.py\/biblioteca\/wp-json\/wp\/v2\/media\/4340"}],"wp:attachment":[{"href":"https:\/\/tavapy.gov.py\/biblioteca\/wp-json\/wp\/v2\/media?parent=4365"}],"wp:term":[{"taxonomy":"product_cat","embeddable":true,"href":"https:\/\/tavapy.gov.py\/biblioteca\/wp-json\/wp\/v2\/product_cat?post=4365"},{"taxonomy":"product_tag","embeddable":true,"href":"https:\/\/tavapy.gov.py\/biblioteca\/wp-json\/wp\/v2\/product_tag?post=4365"}],"curies":[{"name":"wp","href":"https:\/\/api.w.org\/{rel}","templated":true}]}}