{"id":4366,"date":"2022-04-22T15:05:50","date_gmt":"2022-04-22T15:05:50","guid":{"rendered":"https:\/\/tavapy.gov.py\/biblioteca\/?post_type=product&#038;p=4366"},"modified":"2022-04-22T15:05:51","modified_gmt":"2022-04-22T15:05:51","slug":"como-aprende-el-cerebro-las-claves-para-la-educacion","status":"publish","type":"product","link":"https:\/\/tavapy.gov.py\/biblioteca\/product\/como-aprende-el-cerebro-las-claves-para-la-educacion\/","title":{"rendered":"C\u00d3MO APRENDE EL CEREBRO: LAS CLAVES PARA LA EDUCACI\u00d3N."},"content":{"rendered":"","protected":false},"excerpt":{"rendered":"<p>El cerebro, como el resto de nuestros \u00f3rganos, se desarrolla mientras crecemos. \u00bfQu\u00e9 y cu\u00e1ndo debe ense\u00f1\u00e1rsele a un ni\u00f1o o a un adolescente para obtener un aprendizaje \u00f3ptimo? Este libro publicado en el 2.007, responde a esta pregunta. La obra investiga el aprendizaje del lenguaje, las matem\u00e1ticas, la m\u00fasica, las artes pl\u00e1sticas, las emociones y la sociabilidad; estudian las disfunciones que como la dislexia- dificultan el aprendizaje y reflexionan sobre la verdadera utilidad de las nuevas tendencias pedag\u00f3gicas como el aprendizaje temprano &#8230;<\/p>\n<p>Sirvi\u00e9ndose de las m\u00e1s recientes investigaciones de la neurociencia aplicada a la educaci\u00f3n C\u00f3mo aprende el cerebro analiza la mejor manera de desarrollar la memoria y potenciar el aprendizaje de conocimientos y emociones en ni\u00f1os y adolescentes. Un deslumbrante viaje por el cerebro de ni\u00f1os y adolescentes.<\/p>\n<p>Un estudio puntero sobre el cerebro y el aprendizaje. Un libro imprescindible para padres, educadores, psic\u00f3logos y cualquier persona interesada en las potencialidades del cerebro.<\/p>\n<p><a href=\"https:\/\/tavapy.gov.py\/biblioteca\/wp-content\/uploads\/2022\/04\/BlakemoreS-Como-aprende-el-cerebro.pdf\" target=\"_blank\" rel=\"attachment noopener wp-att-4363\"><img loading=\"lazy\" decoding=\"async\" class=\"size-full wp-image-4363 alignleft\" src=\"https:\/\/tavapy.gov.py\/biblioteca\/wp-content\/uploads\/2022\/04\/icono-PDF-copia-3.png\" alt=\"\" width=\"121\" height=\"140\" \/><\/a><\/p>\n","protected":false},"featured_media":4338,"comment_status":"open","ping_status":"closed","template":"","meta":{"spay_email":""},"product_cat":[373],"product_tag":[],"class_list":{"0":"post-4366","1":"product","2":"type-product","3":"status-publish","4":"has-post-thumbnail","6":"book_author-sarah-jayne-blakemore","7":"product_cat-neurociencia-educacion","8":"entry"},"_links":{"self":[{"href":"https:\/\/tavapy.gov.py\/biblioteca\/wp-json\/wp\/v2\/product\/4366","targetHints":{"allow":["GET"]}}],"collection":[{"href":"https:\/\/tavapy.gov.py\/biblioteca\/wp-json\/wp\/v2\/product"}],"about":[{"href":"https:\/\/tavapy.gov.py\/biblioteca\/wp-json\/wp\/v2\/types\/product"}],"replies":[{"embeddable":true,"href":"https:\/\/tavapy.gov.py\/biblioteca\/wp-json\/wp\/v2\/comments?post=4366"}],"wp:featuredmedia":[{"embeddable":true,"href":"https:\/\/tavapy.gov.py\/biblioteca\/wp-json\/wp\/v2\/media\/4338"}],"wp:attachment":[{"href":"https:\/\/tavapy.gov.py\/biblioteca\/wp-json\/wp\/v2\/media?parent=4366"}],"wp:term":[{"taxonomy":"product_cat","embeddable":true,"href":"https:\/\/tavapy.gov.py\/biblioteca\/wp-json\/wp\/v2\/product_cat?post=4366"},{"taxonomy":"product_tag","embeddable":true,"href":"https:\/\/tavapy.gov.py\/biblioteca\/wp-json\/wp\/v2\/product_tag?post=4366"}],"curies":[{"name":"wp","href":"https:\/\/api.w.org\/{rel}","templated":true}]}}