{"id":4367,"date":"2022-04-22T15:09:21","date_gmt":"2022-04-22T15:09:21","guid":{"rendered":"https:\/\/tavapy.gov.py\/biblioteca\/?post_type=product&#038;p=4367"},"modified":"2022-04-22T15:09:22","modified_gmt":"2022-04-22T15:09:22","slug":"antropologia-una-guia-para-la-existencia","status":"publish","type":"product","link":"https:\/\/tavapy.gov.py\/biblioteca\/product\/antropologia-una-guia-para-la-existencia\/","title":{"rendered":"ANTROPOLOG\u00cdA: UNA GU\u00cdA PARA LA EXISTENCIA."},"content":{"rendered":"","protected":false},"excerpt":{"rendered":"<p>La pregunta sobre el hombre ha sido una constante universal, pero en nuestras sociedades complejas y plurales se ha hecho especialmente apremiante. Hoy, en efecto, resulta mucho m\u00e1s dif\u00edcil tener una idea sint\u00e9tica de la raz\u00f3n de ser del hombre y de su destino.<\/p>\n<p>En este libro publicado en el 2.003, Juan Manuel Burgos ofrece, con el estilo claro y profundo que le caracteriza, un manual de antropolog\u00eda filos\u00f3fica en el que se responde a esta pregunta de modo pedag\u00f3gico, estructurado y completo. La I Parte estudia la noci\u00f3n de persona y su historia; la II la estructura del ser personal con especial insistencia en la afectividad y la libertad; la III la acci\u00f3n humana y sus manifestaciones (lenguaje, trabajo); la IV las relaciones interpersonales que se extienden desde el encuentro yo-t\u00fa hasta la familia y la sociedad;<\/p>\n<p>Y, finalmente, en la V Parte se abordan las cuestiones \u00faltimas: la muerte, la inmortalidad y la religi\u00f3n. El libro se ha escrito en di\u00e1logo tanto con el pensamiento contempor\u00e1neo -especialmente con la filosof\u00eda personalista- como con la tradici\u00f3n cl\u00e1sica. Pero tambi\u00e9n con el hombre de a pie de nuestro tiempo, con sus inquietudes y necesidades, de ah\u00ed que se considere una gu\u00eda para la existencia.<\/p>\n<p><a href=\"https:\/\/tavapy.gov.py\/biblioteca\/wp-content\/uploads\/2022\/04\/BurgosJM-Antropologia-una-guia-para-la-existencia.pdf\" target=\"_blank\" rel=\"attachment noopener wp-att-4363\"><img loading=\"lazy\" decoding=\"async\" class=\"size-full wp-image-4363 alignleft\" src=\"https:\/\/tavapy.gov.py\/biblioteca\/wp-content\/uploads\/2022\/04\/icono-PDF-copia-3.png\" alt=\"\" width=\"121\" height=\"140\" \/><\/a><\/p>\n","protected":false},"featured_media":4334,"comment_status":"open","ping_status":"closed","template":"","meta":{"spay_email":""},"product_cat":[268],"product_tag":[],"class_list":{"0":"post-4367","1":"product","2":"type-product","3":"status-publish","4":"has-post-thumbnail","6":"book_author-juan-manuel-burgos","7":"product_cat-filosofia-antropologia","8":"entry"},"_links":{"self":[{"href":"https:\/\/tavapy.gov.py\/biblioteca\/wp-json\/wp\/v2\/product\/4367","targetHints":{"allow":["GET"]}}],"collection":[{"href":"https:\/\/tavapy.gov.py\/biblioteca\/wp-json\/wp\/v2\/product"}],"about":[{"href":"https:\/\/tavapy.gov.py\/biblioteca\/wp-json\/wp\/v2\/types\/product"}],"replies":[{"embeddable":true,"href":"https:\/\/tavapy.gov.py\/biblioteca\/wp-json\/wp\/v2\/comments?post=4367"}],"wp:featuredmedia":[{"embeddable":true,"href":"https:\/\/tavapy.gov.py\/biblioteca\/wp-json\/wp\/v2\/media\/4334"}],"wp:attachment":[{"href":"https:\/\/tavapy.gov.py\/biblioteca\/wp-json\/wp\/v2\/media?parent=4367"}],"wp:term":[{"taxonomy":"product_cat","embeddable":true,"href":"https:\/\/tavapy.gov.py\/biblioteca\/wp-json\/wp\/v2\/product_cat?post=4367"},{"taxonomy":"product_tag","embeddable":true,"href":"https:\/\/tavapy.gov.py\/biblioteca\/wp-json\/wp\/v2\/product_tag?post=4367"}],"curies":[{"name":"wp","href":"https:\/\/api.w.org\/{rel}","templated":true}]}}