{"id":4368,"date":"2022-04-22T15:13:14","date_gmt":"2022-04-22T15:13:14","guid":{"rendered":"https:\/\/tavapy.gov.py\/biblioteca\/?post_type=product&#038;p=4368"},"modified":"2022-04-22T15:13:14","modified_gmt":"2022-04-22T15:13:14","slug":"manual-de-introduccion-a-la-ciencia-politica","status":"publish","type":"product","link":"https:\/\/tavapy.gov.py\/biblioteca\/product\/manual-de-introduccion-a-la-ciencia-politica\/","title":{"rendered":"MANUAL DE INTRODUCCI\u00d3N A LA CIENCIA POL\u00cdTICA."},"content":{"rendered":"","protected":false},"excerpt":{"rendered":"<p>No se pretende presentar en este libro publicado en el 2.008, un completo manual introductorio a la tem\u00e1tica de la Ciencia Pol\u00edtica. Nos consta la ausencia o insuficiente tratamiento de temas importantes, como los grupos de presi\u00f3n, la burocracia o los sistemas pol\u00edticos contempor\u00e1neos.<\/p>\n<p>Esperamos tener ocasi\u00f3n en una pr\u00f3xima edici\u00f3n de dedicar en el manual suficiente espacio a estos y alg\u00fan otro tema apropiado, que en todo caso se explicar\u00e1n en el periodo lectivo con la extensi\u00f3n imprescindible. Lo que m\u00e1s nos importa es que los alumnos encuentren aqu\u00ed un texto comprensible, informativo, pedag\u00f3gico y doctrinalmente fundamentado, sobre una serie de cuestiones que -evidentemente- resultan muy b\u00e1sicas para la Ciencia Pol\u00edtica actual, aunque ahora solo puedan abordarse con car\u00e1cter introductorio.<\/p>\n<p>En realidad, la aportaci\u00f3n cotidiana, comentarios y di\u00e1logo con muchas promociones de alumnos nos han ense\u00f1ado tanto o m\u00e1s que los propios textos, y de muchas maneras han terminado por reflejarse en este que presentamos. Por eso, es un grato deber dar desde aqu\u00ed las m\u00e1s sinceras gracias a nuestros estudiantes.<\/p>\n<p><a href=\"https:\/\/tavapy.gov.py\/biblioteca\/wp-content\/uploads\/2022\/04\/Cazorla-PerezJ-Manual-de-Introduccion-a-la-Ciencia-Politica.pdf\" target=\"_blank\" rel=\"attachment noopener wp-att-4363\"><img loading=\"lazy\" decoding=\"async\" class=\"size-full wp-image-4363 alignleft\" src=\"https:\/\/tavapy.gov.py\/biblioteca\/wp-content\/uploads\/2022\/04\/icono-PDF-copia-3.png\" alt=\"\" width=\"121\" height=\"140\" \/><\/a><\/p>\n","protected":false},"featured_media":4332,"comment_status":"open","ping_status":"closed","template":"","meta":{"spay_email":""},"product_cat":[369],"product_tag":[],"class_list":{"0":"post-4368","1":"product","2":"type-product","3":"status-publish","4":"has-post-thumbnail","6":"book_author-jose-cazorla-perez","7":"product_cat-ciencia-politica","8":"entry"},"_links":{"self":[{"href":"https:\/\/tavapy.gov.py\/biblioteca\/wp-json\/wp\/v2\/product\/4368","targetHints":{"allow":["GET"]}}],"collection":[{"href":"https:\/\/tavapy.gov.py\/biblioteca\/wp-json\/wp\/v2\/product"}],"about":[{"href":"https:\/\/tavapy.gov.py\/biblioteca\/wp-json\/wp\/v2\/types\/product"}],"replies":[{"embeddable":true,"href":"https:\/\/tavapy.gov.py\/biblioteca\/wp-json\/wp\/v2\/comments?post=4368"}],"wp:featuredmedia":[{"embeddable":true,"href":"https:\/\/tavapy.gov.py\/biblioteca\/wp-json\/wp\/v2\/media\/4332"}],"wp:attachment":[{"href":"https:\/\/tavapy.gov.py\/biblioteca\/wp-json\/wp\/v2\/media?parent=4368"}],"wp:term":[{"taxonomy":"product_cat","embeddable":true,"href":"https:\/\/tavapy.gov.py\/biblioteca\/wp-json\/wp\/v2\/product_cat?post=4368"},{"taxonomy":"product_tag","embeddable":true,"href":"https:\/\/tavapy.gov.py\/biblioteca\/wp-json\/wp\/v2\/product_tag?post=4368"}],"curies":[{"name":"wp","href":"https:\/\/api.w.org\/{rel}","templated":true}]}}