{"id":4369,"date":"2022-04-22T15:17:37","date_gmt":"2022-04-22T15:17:37","guid":{"rendered":"https:\/\/tavapy.gov.py\/biblioteca\/?post_type=product&#038;p=4369"},"modified":"2022-04-22T15:17:37","modified_gmt":"2022-04-22T15:17:37","slug":"educacion-y-neurociencia-tratados-analisis-neuroaula-y-ejercicios","status":"publish","type":"product","link":"https:\/\/tavapy.gov.py\/biblioteca\/product\/educacion-y-neurociencia-tratados-analisis-neuroaula-y-ejercicios\/","title":{"rendered":"EDUCACI\u00d3N Y NEUROCIENCIA. TRATADOS, AN\u00c1LISIS, NEUROAULA Y EJERCICIOS."},"content":{"rendered":"","protected":false},"excerpt":{"rendered":"<p>La mayor parte de la bibliograf\u00eda sobre el tema sit\u00faa el origen de la neuroeducaci\u00f3n a finales de la d\u00e9cada de los 80 del ya pasado siglo XX. El nacimiento de la aplicaci\u00f3n de la neurociencia a la educaci\u00f3n es una consecuencia l\u00f3gica si se tiene en cuenta que desde principios de la d\u00e9cada de los 90 tuvo lugar en los pa\u00edses desarrollados, un creciente inter\u00e9s por conocer el cerebro, posibilitado por el avance cient\u00edfico; as\u00ed, a los a\u00f1os 90 del pasado siglo se la conoce como \u201cla D\u00e9cada del Cerebro\u201d.<\/p>\n<p>El libro Educaci\u00f3n y Neurociencia, obra publicada en el 2.019, trata sobre la neuroeducaci\u00f3n que es la aplicaci\u00f3n de la neurociencia a la educaci\u00f3n. El conocimiento del cerebro est\u00e1 contribuyendo a conocer c\u00f3mo aprendemos. Se sabe desde hace a\u00f1os, que el aprendizaje provoca cambios cerebrales. La neurociencia ha hecho que las tradicionales explicaciones psicol\u00f3gicas pasen a un segundo plano, y en ocasiones son desterradas por su escasa base cient\u00edfica.<\/p>\n<p>Las herramientas y las t\u00e9cnicas que aporta la neurociencia ofrecen la oportunidad de profundizar en el proceso del aprendizaje, permitiendo un conocimiento objetivo no s\u00f3lo de c\u00f3mo se aprende y c\u00f3mo ha de desempe\u00f1arse, sino de los diversos trastornos del aprendizaje; esto es clave no s\u00f3lo para intervenir en su recuperaci\u00f3n de forma eficaz, sino tambi\u00e9n para ayudar a la prevenci\u00f3n de estos, e integrar los nuevos conocimientos en la educaci\u00f3n en general.<\/p>\n<p><a href=\"https:\/\/tavapy.gov.py\/biblioteca\/wp-content\/uploads\/2022\/04\/DAddarioM-Educacion-y-Neurociencia.pdf\" target=\"_blank\" rel=\"attachment noopener wp-att-4363\"><img loading=\"lazy\" decoding=\"async\" class=\"size-full wp-image-4363 alignleft\" src=\"https:\/\/tavapy.gov.py\/biblioteca\/wp-content\/uploads\/2022\/04\/icono-PDF-copia-3.png\" alt=\"\" width=\"121\" height=\"140\" \/><\/a><\/p>\n","protected":false},"featured_media":4329,"comment_status":"open","ping_status":"closed","template":"","meta":{"spay_email":""},"product_cat":[337],"product_tag":[],"class_list":{"0":"post-4369","1":"product","2":"type-product","3":"status-publish","4":"has-post-thumbnail","6":"book_author-miguel-daddario","7":"product_cat-educacion-neurociencia","8":"entry"},"_links":{"self":[{"href":"https:\/\/tavapy.gov.py\/biblioteca\/wp-json\/wp\/v2\/product\/4369","targetHints":{"allow":["GET"]}}],"collection":[{"href":"https:\/\/tavapy.gov.py\/biblioteca\/wp-json\/wp\/v2\/product"}],"about":[{"href":"https:\/\/tavapy.gov.py\/biblioteca\/wp-json\/wp\/v2\/types\/product"}],"replies":[{"embeddable":true,"href":"https:\/\/tavapy.gov.py\/biblioteca\/wp-json\/wp\/v2\/comments?post=4369"}],"wp:featuredmedia":[{"embeddable":true,"href":"https:\/\/tavapy.gov.py\/biblioteca\/wp-json\/wp\/v2\/media\/4329"}],"wp:attachment":[{"href":"https:\/\/tavapy.gov.py\/biblioteca\/wp-json\/wp\/v2\/media?parent=4369"}],"wp:term":[{"taxonomy":"product_cat","embeddable":true,"href":"https:\/\/tavapy.gov.py\/biblioteca\/wp-json\/wp\/v2\/product_cat?post=4369"},{"taxonomy":"product_tag","embeddable":true,"href":"https:\/\/tavapy.gov.py\/biblioteca\/wp-json\/wp\/v2\/product_tag?post=4369"}],"curies":[{"name":"wp","href":"https:\/\/api.w.org\/{rel}","templated":true}]}}