{"id":4370,"date":"2022-04-22T15:21:17","date_gmt":"2022-04-22T15:21:17","guid":{"rendered":"https:\/\/tavapy.gov.py\/biblioteca\/?post_type=product&#038;p=4370"},"modified":"2022-04-22T15:21:17","modified_gmt":"2022-04-22T15:21:17","slug":"relatos-desde-los-dos-lados-del-cerebro","status":"publish","type":"product","link":"https:\/\/tavapy.gov.py\/biblioteca\/product\/relatos-desde-los-dos-lados-del-cerebro\/","title":{"rendered":"RELATOS DESDE LOS DOS LADOS DEL CEREBRO."},"content":{"rendered":"","protected":false},"excerpt":{"rendered":"<p>A mediados del siglo XX, Michael S. Gazzaniga, \u201cel padre de la neurociencia cognitiva\u201d, hizo uno de los mayores descubrimientos de la historia de la neurociencia: la teor\u00eda del cerebro dividido, la idea de que los hemisferios derecho e izquierdo del cerebro pueden actuar independientemente uno de otro y poseen capacidades distintas.<\/p>\n<p>En Relatos desde los dos lados del cerebro, obra publicada en el 2.015, Gazzaniga nos cuenta la historia de su apasionada y emprendedora vida en la ciencia y de su trayectoria, de varias d\u00e9cadas, para comprender c\u00f3mo las esferas separadas de nuestro cerebro se comunican.<\/p>\n<p>Desde su \u00e9poca como ambicioso estudiante universitario en Darmouth hasta los primeros experimentos que dirigi\u00f3 en su propio laboratorio; desde que encontr\u00f3 a sus primeros pacientes con el cerebro dividido hasta sus colaboraciones con prestigiosos intelectuales de diversas disciplinas, Gazzaniga nos relata sus descubrimientos, con el estilo cautivador y accesible que le caracteriza, ofreci\u00e9ndonos un brillante relato no solo de su teor\u00eda del cerebro dividido, sino tambi\u00e9n de sus compa\u00f1eros de armas: los numerosos pacientes, amigos y miembros de su familia que le han acompa\u00f1ado en su vibrante aventura intelectual.<\/p>\n<p>Divertido y emocionante a la vez, Relatos desde los dos lados del cerebro utiliza un extraordinario descubrimiento sobre la naturaleza de la conciencia humana para contarnos una fascinante historia sobre c\u00f3mo se hace la ciencia.<\/p>\n<p><a href=\"https:\/\/tavapy.gov.py\/biblioteca\/wp-content\/uploads\/2022\/04\/GazzanigaM-Relatos-desde-los-dos-lados-del-cerebro.pdf\" target=\"_blank\" rel=\"attachment noopener wp-att-4363\"><img loading=\"lazy\" decoding=\"async\" class=\"size-full wp-image-4363 alignleft\" src=\"https:\/\/tavapy.gov.py\/biblioteca\/wp-content\/uploads\/2022\/04\/icono-PDF-copia-3.png\" alt=\"\" width=\"121\" height=\"140\" \/><\/a><\/p>\n","protected":false},"featured_media":4326,"comment_status":"open","ping_status":"closed","template":"","meta":{"spay_email":""},"product_cat":[129],"product_tag":[],"class_list":{"0":"post-4370","1":"product","2":"type-product","3":"status-publish","4":"has-post-thumbnail","6":"book_author-michael-gazzaniga","7":"product_cat-neurociencia","8":"entry"},"_links":{"self":[{"href":"https:\/\/tavapy.gov.py\/biblioteca\/wp-json\/wp\/v2\/product\/4370","targetHints":{"allow":["GET"]}}],"collection":[{"href":"https:\/\/tavapy.gov.py\/biblioteca\/wp-json\/wp\/v2\/product"}],"about":[{"href":"https:\/\/tavapy.gov.py\/biblioteca\/wp-json\/wp\/v2\/types\/product"}],"replies":[{"embeddable":true,"href":"https:\/\/tavapy.gov.py\/biblioteca\/wp-json\/wp\/v2\/comments?post=4370"}],"wp:featuredmedia":[{"embeddable":true,"href":"https:\/\/tavapy.gov.py\/biblioteca\/wp-json\/wp\/v2\/media\/4326"}],"wp:attachment":[{"href":"https:\/\/tavapy.gov.py\/biblioteca\/wp-json\/wp\/v2\/media?parent=4370"}],"wp:term":[{"taxonomy":"product_cat","embeddable":true,"href":"https:\/\/tavapy.gov.py\/biblioteca\/wp-json\/wp\/v2\/product_cat?post=4370"},{"taxonomy":"product_tag","embeddable":true,"href":"https:\/\/tavapy.gov.py\/biblioteca\/wp-json\/wp\/v2\/product_tag?post=4370"}],"curies":[{"name":"wp","href":"https:\/\/api.w.org\/{rel}","templated":true}]}}