{"id":4371,"date":"2022-04-22T15:26:56","date_gmt":"2022-04-22T15:26:56","guid":{"rendered":"https:\/\/tavapy.gov.py\/biblioteca\/?post_type=product&#038;p=4371"},"modified":"2022-04-22T15:26:57","modified_gmt":"2022-04-22T15:26:57","slug":"son-compatibles-ciencia-y-politica","status":"publish","type":"product","link":"https:\/\/tavapy.gov.py\/biblioteca\/product\/son-compatibles-ciencia-y-politica\/","title":{"rendered":"\u00bfSON COMPATIBLES CIENCIA Y POL\u00cdTICA?"},"content":{"rendered":"","protected":false},"excerpt":{"rendered":"<p>La pol\u00edtica no es solo tomar decisiones, se trata de guiar un grupo de humanos grandes y complejos que es dirigida por el gobierno de un pa\u00eds y se relaciona con la ciencia ya que esta consiste y se dedica a comprender el funcionamiento de los fen\u00f3menos pol\u00edtico dicha disciplina permite conocer explicar y analizar la realidad en la cual se desenvuelve un estado y as\u00ed permite planear pol\u00edticas que influya de forma positivas a la sociedad.<\/p>\n<p>Este libro \u00bfSon compatibles ciencia y pol\u00edtica?, obra publicada en el 2.013, aborda la importante problem\u00e1tica de la relaci\u00f3n entre ciencia y pol\u00edtica y el autor sugiere que esa relaci\u00f3n es necesaria y positiva.<\/p>\n<p><a href=\"https:\/\/tavapy.gov.py\/biblioteca\/wp-content\/uploads\/2022\/04\/Lozano-TeruelJ-Son-compatibles-Ciencia-y-Politica.pdf\" target=\"_blank\" rel=\"attachment noopener wp-att-4363\"><img loading=\"lazy\" decoding=\"async\" class=\"size-full wp-image-4363 alignleft\" src=\"https:\/\/tavapy.gov.py\/biblioteca\/wp-content\/uploads\/2022\/04\/icono-PDF-copia-3.png\" alt=\"\" width=\"121\" height=\"140\" \/><\/a><\/p>\n","protected":false},"featured_media":4323,"comment_status":"open","ping_status":"closed","template":"","meta":{"spay_email":""},"product_cat":[95],"product_tag":[],"class_list":{"0":"post-4371","1":"product","2":"type-product","3":"status-publish","4":"has-post-thumbnail","6":"book_author-jose-antonio-lozano-teruel","7":"product_cat-ensayo","8":"entry"},"_links":{"self":[{"href":"https:\/\/tavapy.gov.py\/biblioteca\/wp-json\/wp\/v2\/product\/4371","targetHints":{"allow":["GET"]}}],"collection":[{"href":"https:\/\/tavapy.gov.py\/biblioteca\/wp-json\/wp\/v2\/product"}],"about":[{"href":"https:\/\/tavapy.gov.py\/biblioteca\/wp-json\/wp\/v2\/types\/product"}],"replies":[{"embeddable":true,"href":"https:\/\/tavapy.gov.py\/biblioteca\/wp-json\/wp\/v2\/comments?post=4371"}],"wp:featuredmedia":[{"embeddable":true,"href":"https:\/\/tavapy.gov.py\/biblioteca\/wp-json\/wp\/v2\/media\/4323"}],"wp:attachment":[{"href":"https:\/\/tavapy.gov.py\/biblioteca\/wp-json\/wp\/v2\/media?parent=4371"}],"wp:term":[{"taxonomy":"product_cat","embeddable":true,"href":"https:\/\/tavapy.gov.py\/biblioteca\/wp-json\/wp\/v2\/product_cat?post=4371"},{"taxonomy":"product_tag","embeddable":true,"href":"https:\/\/tavapy.gov.py\/biblioteca\/wp-json\/wp\/v2\/product_tag?post=4371"}],"curies":[{"name":"wp","href":"https:\/\/api.w.org\/{rel}","templated":true}]}}