{"id":4372,"date":"2022-04-22T15:31:01","date_gmt":"2022-04-22T15:31:01","guid":{"rendered":"https:\/\/tavapy.gov.py\/biblioteca\/?post_type=product&#038;p=4372"},"modified":"2022-04-22T15:31:01","modified_gmt":"2022-04-22T15:31:01","slug":"psicologia-educativa-conexiones-con-la-sala-de-clases","status":"publish","type":"product","link":"https:\/\/tavapy.gov.py\/biblioteca\/product\/psicologia-educativa-conexiones-con-la-sala-de-clases\/","title":{"rendered":"PSICOLOG\u00cdA EDUCATIVA: CONEXIONES CON LA SALA DE CLASES."},"content":{"rendered":"","protected":false},"excerpt":{"rendered":"<p>Esta obra publicada en 1.998 y dirigida a educadores y a futuros educadores, introduce en el din\u00e1mico campo de la Psicolog\u00eda Educativa, aplicando conceptos y principios psicoeducativos a situaciones de la vida real en el trabajo docente.<\/p>\n<p>En concreto, el trabajo est\u00e1 centrado en el aprendizaje escolar: c\u00f3mo aprenden los ni\u00f1os y j\u00f3venes en situaciones educativas, cu\u00e1les son sus obst\u00e1culos y sus facilitadores, qu\u00e9 pueden hacer los profesores para mejorar estos procesos, etc.<\/p>\n<p>Aparte de examinar el proceso de aprendizaje desde los diferentes enfoques te\u00f3ricos, pretendemos conectar la teor\u00eda con la vida real y con lo que eventualmente podr\u00eda hacer el futuro profesor para promover el aprendizaje de los alumnos. El texto tambi\u00e9n puede resultar de utilidad a educadores en general que, interes\u00e1ndose por el proceso de aprendizaje, deseen actualizar sus conocimientos.<\/p>\n<p><a href=\"https:\/\/tavapy.gov.py\/biblioteca\/wp-content\/uploads\/2022\/04\/ManterolaM-Psicologia-Educativa.-Conexiones-con-la-sala-de-clases.pdf\" target=\"_blank\" rel=\"attachment noopener wp-att-4363\"><img loading=\"lazy\" decoding=\"async\" class=\"size-full wp-image-4363 alignleft\" src=\"https:\/\/tavapy.gov.py\/biblioteca\/wp-content\/uploads\/2022\/04\/icono-PDF-copia-3.png\" alt=\"\" width=\"121\" height=\"140\" \/><\/a><\/p>\n","protected":false},"featured_media":4321,"comment_status":"open","ping_status":"closed","template":"","meta":{"spay_email":""},"product_cat":[196],"product_tag":[],"class_list":{"0":"post-4372","1":"product","2":"type-product","3":"status-publish","4":"has-post-thumbnail","6":"book_author-marta-ines-manterola-pacheco","7":"product_cat-psicologia-educacion","8":"entry"},"_links":{"self":[{"href":"https:\/\/tavapy.gov.py\/biblioteca\/wp-json\/wp\/v2\/product\/4372","targetHints":{"allow":["GET"]}}],"collection":[{"href":"https:\/\/tavapy.gov.py\/biblioteca\/wp-json\/wp\/v2\/product"}],"about":[{"href":"https:\/\/tavapy.gov.py\/biblioteca\/wp-json\/wp\/v2\/types\/product"}],"replies":[{"embeddable":true,"href":"https:\/\/tavapy.gov.py\/biblioteca\/wp-json\/wp\/v2\/comments?post=4372"}],"wp:featuredmedia":[{"embeddable":true,"href":"https:\/\/tavapy.gov.py\/biblioteca\/wp-json\/wp\/v2\/media\/4321"}],"wp:attachment":[{"href":"https:\/\/tavapy.gov.py\/biblioteca\/wp-json\/wp\/v2\/media?parent=4372"}],"wp:term":[{"taxonomy":"product_cat","embeddable":true,"href":"https:\/\/tavapy.gov.py\/biblioteca\/wp-json\/wp\/v2\/product_cat?post=4372"},{"taxonomy":"product_tag","embeddable":true,"href":"https:\/\/tavapy.gov.py\/biblioteca\/wp-json\/wp\/v2\/product_tag?post=4372"}],"curies":[{"name":"wp","href":"https:\/\/api.w.org\/{rel}","templated":true}]}}