{"id":4373,"date":"2022-04-22T15:35:11","date_gmt":"2022-04-22T15:35:11","guid":{"rendered":"https:\/\/tavapy.gov.py\/biblioteca\/?post_type=product&#038;p=4373"},"modified":"2022-04-22T15:35:12","modified_gmt":"2022-04-22T15:35:12","slug":"curso-de-ciencia-politica","status":"publish","type":"product","link":"https:\/\/tavapy.gov.py\/biblioteca\/product\/curso-de-ciencia-politica\/","title":{"rendered":"CURSO DE CIENCIA POL\u00cdTICA."},"content":{"rendered":"","protected":false},"excerpt":{"rendered":"<p>El libro publicado en el 2.017 y que recoge varios art\u00edculos sobre la ciencia pol\u00edtica, aborda la disciplina conjugando aproximaciones tradicionales realizadas en las \u00faltimas tres d\u00e9cadas con una visi\u00f3n que apuesta por la interacci\u00f3n entre instituciones y actores sin descuidar \u201clos productos del sistema\u201d. Sin embargo, no deja de lado una necesaria revisi\u00f3n de sus fundamentos que vienen a ser el pilar desde el que se estructura integrando miradas absolutamente necesarias como es la que se origina desde el feminismo o aquellas otras m\u00e1s novedosas que plantean una abierta convivencia con las ciencias de la vida como es la neuropol\u00edtica.<\/p>\n<p>En un momento en el que pareciera que la ciencia pol\u00edtica esta arrinconada ante los imperativos de la globalizaci\u00f3n, que ponen el acento en el fen\u00f3meno comunicacional y el peso en la vertiente econ\u00f3mica de las variables sociales, un libro como el presente se hace imprescindible.<\/p>\n<p>La pol\u00edtica oscila entre el arte y la ciencia, y es la actividad humana por excelencia; pero requiere del manejo de categor\u00edas y de conocimiento emp\u00edrico para su comprensi\u00f3n, por lo que las p\u00e1ginas que siguen ofrecen un material fecundo.<\/p>\n<p><a href=\"https:\/\/tavapy.gov.py\/biblioteca\/wp-content\/uploads\/2022\/04\/MartiS-Curso-de-Ciencia-Politica.pdf\" target=\"_blank\" rel=\"attachment noopener wp-att-4363\"><img loading=\"lazy\" decoding=\"async\" class=\"size-full wp-image-4363 alignleft\" src=\"https:\/\/tavapy.gov.py\/biblioteca\/wp-content\/uploads\/2022\/04\/icono-PDF-copia-3.png\" alt=\"\" width=\"121\" height=\"140\" \/><\/a><\/p>\n","protected":false},"featured_media":4317,"comment_status":"open","ping_status":"closed","template":"","meta":{"spay_email":""},"product_cat":[369],"product_tag":[],"class_list":{"0":"post-4373","1":"product","2":"type-product","3":"status-publish","4":"has-post-thumbnail","6":"book_author-salvador-marti","7":"product_cat-ciencia-politica","8":"entry"},"_links":{"self":[{"href":"https:\/\/tavapy.gov.py\/biblioteca\/wp-json\/wp\/v2\/product\/4373","targetHints":{"allow":["GET"]}}],"collection":[{"href":"https:\/\/tavapy.gov.py\/biblioteca\/wp-json\/wp\/v2\/product"}],"about":[{"href":"https:\/\/tavapy.gov.py\/biblioteca\/wp-json\/wp\/v2\/types\/product"}],"replies":[{"embeddable":true,"href":"https:\/\/tavapy.gov.py\/biblioteca\/wp-json\/wp\/v2\/comments?post=4373"}],"wp:featuredmedia":[{"embeddable":true,"href":"https:\/\/tavapy.gov.py\/biblioteca\/wp-json\/wp\/v2\/media\/4317"}],"wp:attachment":[{"href":"https:\/\/tavapy.gov.py\/biblioteca\/wp-json\/wp\/v2\/media?parent=4373"}],"wp:term":[{"taxonomy":"product_cat","embeddable":true,"href":"https:\/\/tavapy.gov.py\/biblioteca\/wp-json\/wp\/v2\/product_cat?post=4373"},{"taxonomy":"product_tag","embeddable":true,"href":"https:\/\/tavapy.gov.py\/biblioteca\/wp-json\/wp\/v2\/product_tag?post=4373"}],"curies":[{"name":"wp","href":"https:\/\/api.w.org\/{rel}","templated":true}]}}