{"id":4375,"date":"2022-04-22T15:45:07","date_gmt":"2022-04-22T15:45:07","guid":{"rendered":"https:\/\/tavapy.gov.py\/biblioteca\/?post_type=product&#038;p=4375"},"modified":"2022-04-22T15:45:07","modified_gmt":"2022-04-22T15:45:07","slug":"ciencia-politica-y-democracia-en-su-contexto","status":"publish","type":"product","link":"https:\/\/tavapy.gov.py\/biblioteca\/product\/ciencia-politica-y-democracia-en-su-contexto\/","title":{"rendered":"CIENCIA POL\u00cdTICA Y DEMOCRACIA EN SU CONTEXTO."},"content":{"rendered":"","protected":false},"excerpt":{"rendered":"<p>Los ocho estudios de Ciencia Pol\u00edtica que se recogen en este libro que fue publicado en el 2.010, tienen algunos aspectos en com\u00fan: \u00a0el \u00e9nfasis en la elaboraci\u00f3n conceptual en la investigaci\u00f3n social; la relevancia de la riqueza hist\u00f3rica y sus peculiaridades espec\u00edficas como l\u00edmites a una teor\u00eda general de la sociedad; y, la centralidad de las condiciones socioecon\u00f3micas, pol\u00edticas y culturales como factores codeterminantes, que conduce a una concepci\u00f3n multidimensional y compleja de causalidad social.<\/p>\n<p>A ello hay que sumar la preferencia por un m\u00e9todo comparativo que vaya m\u00e1s all\u00e1 de la elaboraci\u00f3n estad\u00edstica de correlaciones que, muchas veces, pasa por alto la realidad misma. En consecuencia, \u201cconceptos\u201d, \u201ccontingencia\u201d, \u201ccontexto\u201d y \u201ccomparaci\u00f3n\u201d son los aspectos principales que inspiran el pensamiento del profesor alem\u00e1n Dieter Nohlen.<\/p>\n<p><a href=\"https:\/\/tavapy.gov.py\/biblioteca\/wp-content\/uploads\/2022\/04\/NohlenD-Ciencia-Politica-y-Democracia-en-su-contexto.pdf\" target=\"_blank\" rel=\"attachment noopener wp-att-4363\"><img loading=\"lazy\" decoding=\"async\" class=\"size-full wp-image-4363 alignleft\" src=\"https:\/\/tavapy.gov.py\/biblioteca\/wp-content\/uploads\/2022\/04\/icono-PDF-copia-3.png\" alt=\"\" width=\"121\" height=\"140\" \/><\/a><\/p>\n","protected":false},"featured_media":4311,"comment_status":"open","ping_status":"closed","template":"","meta":{"spay_email":""},"product_cat":[369],"product_tag":[],"class_list":{"0":"post-4375","1":"product","2":"type-product","3":"status-publish","4":"has-post-thumbnail","6":"book_author-dieter-nohlen","7":"product_cat-ciencia-politica","8":"entry"},"_links":{"self":[{"href":"https:\/\/tavapy.gov.py\/biblioteca\/wp-json\/wp\/v2\/product\/4375","targetHints":{"allow":["GET"]}}],"collection":[{"href":"https:\/\/tavapy.gov.py\/biblioteca\/wp-json\/wp\/v2\/product"}],"about":[{"href":"https:\/\/tavapy.gov.py\/biblioteca\/wp-json\/wp\/v2\/types\/product"}],"replies":[{"embeddable":true,"href":"https:\/\/tavapy.gov.py\/biblioteca\/wp-json\/wp\/v2\/comments?post=4375"}],"wp:featuredmedia":[{"embeddable":true,"href":"https:\/\/tavapy.gov.py\/biblioteca\/wp-json\/wp\/v2\/media\/4311"}],"wp:attachment":[{"href":"https:\/\/tavapy.gov.py\/biblioteca\/wp-json\/wp\/v2\/media?parent=4375"}],"wp:term":[{"taxonomy":"product_cat","embeddable":true,"href":"https:\/\/tavapy.gov.py\/biblioteca\/wp-json\/wp\/v2\/product_cat?post=4375"},{"taxonomy":"product_tag","embeddable":true,"href":"https:\/\/tavapy.gov.py\/biblioteca\/wp-json\/wp\/v2\/product_tag?post=4375"}],"curies":[{"name":"wp","href":"https:\/\/api.w.org\/{rel}","templated":true}]}}