{"id":4376,"date":"2022-04-22T15:48:42","date_gmt":"2022-04-22T15:48:42","guid":{"rendered":"https:\/\/tavapy.gov.py\/biblioteca\/?post_type=product&#038;p=4376"},"modified":"2022-04-22T15:48:42","modified_gmt":"2022-04-22T15:48:42","slug":"la-republica","status":"publish","type":"product","link":"https:\/\/tavapy.gov.py\/biblioteca\/product\/la-republica\/","title":{"rendered":"LA REP\u00daBLICA."},"content":{"rendered":"","protected":false},"excerpt":{"rendered":"<p>La Rep\u00fablica es la m\u00e1s conocida e influyente obra de Plat\u00f3n, publicada en el siglo IV a.C., es el compendio de las ideas que conforman su filosof\u00eda. Se trata de un di\u00e1logo entre S\u00f3crates y otros personajes, como los disc\u00edpulos o parientes del propio S\u00f3crates.<\/p>\n<p>La obra est\u00e1 compuesta por diez libros, separados sin correspondencia con los cambios en los temas de discusi\u00f3n que se presentan.<\/p>\n<p>Aunque la obra gira en torno al tema de la justicia, el texto contiene muchas de las doctrinas plat\u00f3nicas fundamentales, como la alegor\u00eda de la caverna, la doctrina de las ideas o formas, la concepci\u00f3n de la filosof\u00eda como dial\u00e9ctica, una versi\u00f3n de la teor\u00eda del alma diferente de la expuesta en el Fed\u00f3n y el proyecto de una ciudad ideal, gobernada seg\u00fan principios filos\u00f3ficos.<\/p>\n<p><a href=\"https:\/\/tavapy.gov.py\/biblioteca\/wp-content\/uploads\/2022\/04\/Platon-La-Republica.pdf\" target=\"_blank\" rel=\"attachment noopener wp-att-4363\"><img loading=\"lazy\" decoding=\"async\" class=\"size-full wp-image-4363 alignleft\" src=\"https:\/\/tavapy.gov.py\/biblioteca\/wp-content\/uploads\/2022\/04\/icono-PDF-copia-3.png\" alt=\"\" width=\"121\" height=\"140\" \/><\/a><\/p>\n","protected":false},"featured_media":4309,"comment_status":"open","ping_status":"closed","template":"","meta":{"spay_email":""},"product_cat":[59],"product_tag":[],"class_list":{"0":"post-4376","1":"product","2":"type-product","3":"status-publish","4":"has-post-thumbnail","6":"book_author-platon","7":"product_cat-filosofia","8":"entry"},"_links":{"self":[{"href":"https:\/\/tavapy.gov.py\/biblioteca\/wp-json\/wp\/v2\/product\/4376","targetHints":{"allow":["GET"]}}],"collection":[{"href":"https:\/\/tavapy.gov.py\/biblioteca\/wp-json\/wp\/v2\/product"}],"about":[{"href":"https:\/\/tavapy.gov.py\/biblioteca\/wp-json\/wp\/v2\/types\/product"}],"replies":[{"embeddable":true,"href":"https:\/\/tavapy.gov.py\/biblioteca\/wp-json\/wp\/v2\/comments?post=4376"}],"wp:featuredmedia":[{"embeddable":true,"href":"https:\/\/tavapy.gov.py\/biblioteca\/wp-json\/wp\/v2\/media\/4309"}],"wp:attachment":[{"href":"https:\/\/tavapy.gov.py\/biblioteca\/wp-json\/wp\/v2\/media?parent=4376"}],"wp:term":[{"taxonomy":"product_cat","embeddable":true,"href":"https:\/\/tavapy.gov.py\/biblioteca\/wp-json\/wp\/v2\/product_cat?post=4376"},{"taxonomy":"product_tag","embeddable":true,"href":"https:\/\/tavapy.gov.py\/biblioteca\/wp-json\/wp\/v2\/product_tag?post=4376"}],"curies":[{"name":"wp","href":"https:\/\/api.w.org\/{rel}","templated":true}]}}