{"id":4377,"date":"2022-04-22T15:52:42","date_gmt":"2022-04-22T15:52:42","guid":{"rendered":"https:\/\/tavapy.gov.py\/biblioteca\/?post_type=product&#038;p=4377"},"modified":"2022-04-22T15:52:43","modified_gmt":"2022-04-22T15:52:43","slug":"la-nina-que-perdi-en-el-circo","status":"publish","type":"product","link":"https:\/\/tavapy.gov.py\/biblioteca\/product\/la-nina-que-perdi-en-el-circo\/","title":{"rendered":"LA NI\u00d1A QUE PERD\u00cd EN EL CIRCO."},"content":{"rendered":"","protected":false},"excerpt":{"rendered":"<p>En el camino propuesto por Raquel Saguier, abandonamos muy pronto a los adoradores del calendario, descubrimos que ellos s\u00f3lo tienen raz\u00f3n a medias: los seres, las cosas y los paisajes de la infancia resisten muy bien eso que el hombre moderno llama madurez y los cl\u00e1sicos prefer\u00edan llamar \u00abla afrenta de los a\u00f1os\u00bb. Adem\u00e1s, el lenguaje de este libro goza de una propiedad poco frecuente: la simbiosis.<\/p>\n<p>La escritura se desentiende aqu\u00ed de todo lo que no fuese una r\u00e1pida presentaci\u00f3n de situaciones generales y conflictos acaso necesarios y ofrece, entonces y en s\u00ed misma, la pintura de un encuentro, el de la mujer adulta y la ni\u00f1a que de alguna manera dicha mujer adulta sigue siendo.<\/p>\n<p>Los episodios de La ni\u00f1a que perd\u00ed en el circo, obra publicada en 1.987, parecen estar enlazados no tan s\u00f3lo por los eslabones de la narraci\u00f3n sino tambi\u00e9n por los de la naturaleza simbi\u00f3tica del lenguaje empleado; pareciera que estas p\u00e1ginas estuviesen ligadas, m\u00e1s a\u00fan, soldadas por la llama de un conjuro.<\/p>\n<p>El conjuro se resume en apenas unas l\u00edneas. Una mujer adulta convoca a la ni\u00f1a que ella fue, la ni\u00f1a aparece. Los conflictos de la mujer adulta, sus no-conflictos, en suma, las experiencias de su vida actual, ceden, retroceden ante la aparici\u00f3n de la gran negadora de los a\u00f1os, la infancia a\u00fan sentida y vivida en el \u00faltimo santuario posible, la poes\u00eda.<\/p>\n<p><a href=\"https:\/\/tavapy.gov.py\/biblioteca\/wp-content\/uploads\/2022\/04\/SaguierR-La-nina-que-perdi-en-el-circo.pdf\" target=\"_blank\" rel=\"attachment noopener wp-att-4363\"><img loading=\"lazy\" decoding=\"async\" class=\"size-full wp-image-4363 alignleft\" src=\"https:\/\/tavapy.gov.py\/biblioteca\/wp-content\/uploads\/2022\/04\/icono-PDF-copia-3.png\" alt=\"\" width=\"121\" height=\"140\" \/><\/a><\/p>\n","protected":false},"featured_media":4305,"comment_status":"open","ping_status":"closed","template":"","meta":{"spay_email":""},"product_cat":[57],"product_tag":[],"class_list":{"0":"post-4377","1":"product","2":"type-product","3":"status-publish","4":"has-post-thumbnail","6":"book_author-raquel-saguier","7":"product_cat-novela","8":"entry"},"_links":{"self":[{"href":"https:\/\/tavapy.gov.py\/biblioteca\/wp-json\/wp\/v2\/product\/4377","targetHints":{"allow":["GET"]}}],"collection":[{"href":"https:\/\/tavapy.gov.py\/biblioteca\/wp-json\/wp\/v2\/product"}],"about":[{"href":"https:\/\/tavapy.gov.py\/biblioteca\/wp-json\/wp\/v2\/types\/product"}],"replies":[{"embeddable":true,"href":"https:\/\/tavapy.gov.py\/biblioteca\/wp-json\/wp\/v2\/comments?post=4377"}],"wp:featuredmedia":[{"embeddable":true,"href":"https:\/\/tavapy.gov.py\/biblioteca\/wp-json\/wp\/v2\/media\/4305"}],"wp:attachment":[{"href":"https:\/\/tavapy.gov.py\/biblioteca\/wp-json\/wp\/v2\/media?parent=4377"}],"wp:term":[{"taxonomy":"product_cat","embeddable":true,"href":"https:\/\/tavapy.gov.py\/biblioteca\/wp-json\/wp\/v2\/product_cat?post=4377"},{"taxonomy":"product_tag","embeddable":true,"href":"https:\/\/tavapy.gov.py\/biblioteca\/wp-json\/wp\/v2\/product_tag?post=4377"}],"curies":[{"name":"wp","href":"https:\/\/api.w.org\/{rel}","templated":true}]}}