{"id":4379,"date":"2022-04-22T16:00:01","date_gmt":"2022-04-22T16:00:01","guid":{"rendered":"https:\/\/tavapy.gov.py\/biblioteca\/?post_type=product&#038;p=4379"},"modified":"2022-04-22T16:00:02","modified_gmt":"2022-04-22T16:00:02","slug":"manual-de-ciencia-politica-y-relaciones-internacionales","status":"publish","type":"product","link":"https:\/\/tavapy.gov.py\/biblioteca\/product\/manual-de-ciencia-politica-y-relaciones-internacionales\/","title":{"rendered":"MANUAL DE CIENCIA POL\u00cdTICA Y RELACIONES INTERNACIONALES."},"content":{"rendered":"","protected":false},"excerpt":{"rendered":"<p>El manual que el lector tiene en sus manos constituye una herramienta fundamental para estudiar la Ciencia Pol\u00edtica y las Relaciones Internacionales. Recoge el trabajo del equipo docente de la Escuela de Pol\u00edtica y Relaciones Internacionales de la Universidad Sergio Arboleda.<\/p>\n<p>El texto publicado en el 2.020 hace parte de una iniciativa institucional que busca promover publicaciones que faciliten el aprendizaje de los alumnos de pregrado y posgrado en diversos temas de su formaci\u00f3n acad\u00e9mica. La obra presenta cap\u00edtulos con apartados que cubren la historia, debates te\u00f3ricos y estudios de caso de las diferentes \u00e1reas de las disciplinas en menci\u00f3n.<\/p>\n<p><a href=\"https:\/\/tavapy.gov.py\/biblioteca\/wp-content\/uploads\/2022\/04\/SanchezF-Manual-de-Ciencia-Politica-y-Relaciones-Internacionales.pdf\" target=\"_blank\" rel=\"attachment noopener wp-att-4363\"><img loading=\"lazy\" decoding=\"async\" class=\"size-full wp-image-4363 alignleft\" src=\"https:\/\/tavapy.gov.py\/biblioteca\/wp-content\/uploads\/2022\/04\/icono-PDF-copia-3.png\" alt=\"\" width=\"121\" height=\"140\" \/><\/a><\/p>\n","protected":false},"featured_media":4299,"comment_status":"open","ping_status":"closed","template":"","meta":{"spay_email":""},"product_cat":[387],"product_tag":[],"class_list":{"0":"post-4379","1":"product","2":"type-product","3":"status-publish","4":"has-post-thumbnail","6":"book_author-fabio-sanchez","7":"product_cat-ciencia-politica-relaciones-internacionales","8":"entry"},"_links":{"self":[{"href":"https:\/\/tavapy.gov.py\/biblioteca\/wp-json\/wp\/v2\/product\/4379","targetHints":{"allow":["GET"]}}],"collection":[{"href":"https:\/\/tavapy.gov.py\/biblioteca\/wp-json\/wp\/v2\/product"}],"about":[{"href":"https:\/\/tavapy.gov.py\/biblioteca\/wp-json\/wp\/v2\/types\/product"}],"replies":[{"embeddable":true,"href":"https:\/\/tavapy.gov.py\/biblioteca\/wp-json\/wp\/v2\/comments?post=4379"}],"wp:featuredmedia":[{"embeddable":true,"href":"https:\/\/tavapy.gov.py\/biblioteca\/wp-json\/wp\/v2\/media\/4299"}],"wp:attachment":[{"href":"https:\/\/tavapy.gov.py\/biblioteca\/wp-json\/wp\/v2\/media?parent=4379"}],"wp:term":[{"taxonomy":"product_cat","embeddable":true,"href":"https:\/\/tavapy.gov.py\/biblioteca\/wp-json\/wp\/v2\/product_cat?post=4379"},{"taxonomy":"product_tag","embeddable":true,"href":"https:\/\/tavapy.gov.py\/biblioteca\/wp-json\/wp\/v2\/product_tag?post=4379"}],"curies":[{"name":"wp","href":"https:\/\/api.w.org\/{rel}","templated":true}]}}