{"id":4380,"date":"2022-04-22T16:04:22","date_gmt":"2022-04-22T16:04:22","guid":{"rendered":"https:\/\/tavapy.gov.py\/biblioteca\/?post_type=product&#038;p=4380"},"modified":"2022-04-22T16:04:22","modified_gmt":"2022-04-22T16:04:22","slug":"fundamentos-teoria-e-ideas-politicas","status":"publish","type":"product","link":"https:\/\/tavapy.gov.py\/biblioteca\/product\/fundamentos-teoria-e-ideas-politicas\/","title":{"rendered":"FUNDAMENTOS, TEOR\u00cdA E IDEAS POL\u00cdTICAS."},"content":{"rendered":"","protected":false},"excerpt":{"rendered":"<p>La serie de obras colectivas publicadas con el nombre de Antolog\u00edas, editada por Herminio S\u00e1nchez de la Barquera y que se abre con este primer volumen de textos, denominado Fundamentos, teor\u00eda e ideas pol\u00edticas, publicado en el 2.014, ofrece una rica vista panor\u00e1mica de la Ciencia Pol\u00edtica internacional en su estado actual.<\/p>\n<p>Las contribuciones individuales, cuidosamente seleccionadas por el editor, provienen de diferentes latitudes, especialmente europeas, y se refieren a muy diversos objetos, signo de una ciencia que por su relaci\u00f3n con las disciplinas que la rodean \u2014la filosof\u00eda, la historia, la sociolog\u00eda, el derecho, la econom\u00eda, entre otras\u2014, se entiende como una ciencia integradora.<\/p>\n<p>El objeto de estudio, la pol\u00edtica, no se define a trav\u00e9s de un solo concepto o de una sola dimensi\u00f3n. Esta diversidad se refiere tambi\u00e9n a la epistemolog\u00eda, a los enfoques y a los m\u00e9todos que se practican, pues la Ciencia Pol\u00edtica no se identifica con un abordaje epistemol\u00f3gico monista \u2014ciencias del esp\u00edritu vs. ciencias naturales\u2014, ni con un solo enfoque, ni con un \u00fanico m\u00e9todo. En este sentido, esta serie de obras colectivas presenta a la Ciencia Pol\u00edtica en su modo de ser.<\/p>\n<p><a href=\"https:\/\/tavapy.gov.py\/biblioteca\/wp-content\/uploads\/2022\/04\/SanchezH-Fundamentos-teorias-e-ideas-politicas.pdf\" target=\"_blank\" rel=\"attachment noopener wp-att-4363\"><img loading=\"lazy\" decoding=\"async\" class=\"size-full wp-image-4363 alignleft\" src=\"https:\/\/tavapy.gov.py\/biblioteca\/wp-content\/uploads\/2022\/04\/icono-PDF-copia-3.png\" alt=\"\" width=\"121\" height=\"140\" \/><\/a><\/p>\n","protected":false},"featured_media":4297,"comment_status":"open","ping_status":"closed","template":"","meta":{"spay_email":""},"product_cat":[369],"product_tag":[],"class_list":{"0":"post-4380","1":"product","2":"type-product","3":"status-publish","4":"has-post-thumbnail","6":"book_author-herminio-sanchez-de-la-barquera-y-arroyo","7":"product_cat-ciencia-politica","8":"entry"},"_links":{"self":[{"href":"https:\/\/tavapy.gov.py\/biblioteca\/wp-json\/wp\/v2\/product\/4380","targetHints":{"allow":["GET"]}}],"collection":[{"href":"https:\/\/tavapy.gov.py\/biblioteca\/wp-json\/wp\/v2\/product"}],"about":[{"href":"https:\/\/tavapy.gov.py\/biblioteca\/wp-json\/wp\/v2\/types\/product"}],"replies":[{"embeddable":true,"href":"https:\/\/tavapy.gov.py\/biblioteca\/wp-json\/wp\/v2\/comments?post=4380"}],"wp:featuredmedia":[{"embeddable":true,"href":"https:\/\/tavapy.gov.py\/biblioteca\/wp-json\/wp\/v2\/media\/4297"}],"wp:attachment":[{"href":"https:\/\/tavapy.gov.py\/biblioteca\/wp-json\/wp\/v2\/media?parent=4380"}],"wp:term":[{"taxonomy":"product_cat","embeddable":true,"href":"https:\/\/tavapy.gov.py\/biblioteca\/wp-json\/wp\/v2\/product_cat?post=4380"},{"taxonomy":"product_tag","embeddable":true,"href":"https:\/\/tavapy.gov.py\/biblioteca\/wp-json\/wp\/v2\/product_tag?post=4380"}],"curies":[{"name":"wp","href":"https:\/\/api.w.org\/{rel}","templated":true}]}}