{"id":4384,"date":"2022-04-22T16:22:29","date_gmt":"2022-04-22T16:22:29","guid":{"rendered":"https:\/\/tavapy.gov.py\/biblioteca\/?post_type=product&#038;p=4384"},"modified":"2022-04-22T21:41:23","modified_gmt":"2022-04-22T21:41:23","slug":"angola-y-otros-cuentos","status":"publish","type":"product","link":"https:\/\/tavapy.gov.py\/biblioteca\/product\/angola-y-otros-cuentos\/","title":{"rendered":"ANGOLA Y OTROS CUENTOS."},"content":{"rendered":"","protected":false},"excerpt":{"rendered":"<p>ANGOLA, obra publicada en 1.984 es una historia que nos arrastra por los vertiginosos r\u00edos de la sangre hacia las ra\u00edces de una raza antigua y despreciada. La mulata, resultado del mestizaje, participa del rechazo y la condenaci\u00f3n de ambos mundos.<\/p>\n<p>El destino marginal de la estirpe maldita signar\u00e1 toda la vida de la hero\u00edna de este relato y la conducir\u00e1, por caminos tortuosos, hacia el consabido desenlace fatal. Por un lado, las voces que expresan las fuerzas oscuras y vitales del sexo; por otro, la respetabilidad de una sociedad hip\u00f3crita y racista que asimila al negro a lo demon\u00edaco, al mal, a \u00abcarne de Lucifer\u00bb.<\/p>\n<p>La pobre mulata ser\u00e1 v\u00edctima de las \u00abtenaces jerarqu\u00edas que dividen al mundo\u00bb. Sus dioses, su sincretismo religioso, no podr\u00e1n protegerla contra el feroz Dios de los blancos. Todas las interdicciones de una sociedad represiva ser\u00e1n descargadas sobre las espaldas de la inocente v\u00edctima de la segregaci\u00f3n y los tab\u00faes sexuales.<\/p>\n<p>Sus vicisitudes de paria, de sirvienta codiciada, de negra \u00abperfumada con agua de rosas y pachol\u00ed\u00bb, despiertan en el lector el sentimiento de una culpa tan antigua como el mundo, de una injusticia b\u00edblica, casi m\u00edtica.<\/p>\n<p><a href=\"https:\/\/tavapy.gov.py\/biblioteca\/wp-content\/uploads\/2022\/04\/VeraH-Angola-y-otros-cuentos.pdf\" target=\"_blank\" rel=\"attachment noopener wp-att-4363\"><img loading=\"lazy\" decoding=\"async\" class=\"size-full wp-image-4363 alignleft\" src=\"https:\/\/tavapy.gov.py\/biblioteca\/wp-content\/uploads\/2022\/04\/icono-PDF-copia-3.png\" alt=\"\" width=\"121\" height=\"140\" \/><\/a><\/p>\n","protected":false},"featured_media":4387,"comment_status":"open","ping_status":"closed","template":"","meta":{"spay_email":""},"product_cat":[50],"product_tag":[],"class_list":{"0":"post-4384","1":"product","2":"type-product","3":"status-publish","4":"has-post-thumbnail","6":"book_author-helio-vera","7":"product_cat-cuento","8":"entry"},"_links":{"self":[{"href":"https:\/\/tavapy.gov.py\/biblioteca\/wp-json\/wp\/v2\/product\/4384","targetHints":{"allow":["GET"]}}],"collection":[{"href":"https:\/\/tavapy.gov.py\/biblioteca\/wp-json\/wp\/v2\/product"}],"about":[{"href":"https:\/\/tavapy.gov.py\/biblioteca\/wp-json\/wp\/v2\/types\/product"}],"replies":[{"embeddable":true,"href":"https:\/\/tavapy.gov.py\/biblioteca\/wp-json\/wp\/v2\/comments?post=4384"}],"wp:featuredmedia":[{"embeddable":true,"href":"https:\/\/tavapy.gov.py\/biblioteca\/wp-json\/wp\/v2\/media\/4387"}],"wp:attachment":[{"href":"https:\/\/tavapy.gov.py\/biblioteca\/wp-json\/wp\/v2\/media?parent=4384"}],"wp:term":[{"taxonomy":"product_cat","embeddable":true,"href":"https:\/\/tavapy.gov.py\/biblioteca\/wp-json\/wp\/v2\/product_cat?post=4384"},{"taxonomy":"product_tag","embeddable":true,"href":"https:\/\/tavapy.gov.py\/biblioteca\/wp-json\/wp\/v2\/product_tag?post=4384"}],"curies":[{"name":"wp","href":"https:\/\/api.w.org\/{rel}","templated":true}]}}