{"id":4706,"date":"2022-04-28T11:23:42","date_gmt":"2022-04-28T11:23:42","guid":{"rendered":"https:\/\/tavapy.gov.py\/biblioteca\/?post_type=product&#038;p=4706"},"modified":"2022-04-28T11:24:31","modified_gmt":"2022-04-28T11:24:31","slug":"historia-intelectual-del-sigloxx","status":"publish","type":"product","link":"https:\/\/tavapy.gov.py\/biblioteca\/product\/historia-intelectual-del-sigloxx\/","title":{"rendered":"HISTORIA INTELECTUAL DEL SIGLOXX."},"content":{"rendered":"","protected":false},"excerpt":{"rendered":"<p>&nbsp;<\/p>\n<p>El prop\u00f3sito de Peter Watson en esta obra publicada en el 2.000, ha sido apartarse de la visi\u00f3n convencional para completarla con el contrapunto de los grandes progresos intelectuales de un siglo en que la ciencia ha transformado nuestra manera de ver y entender el mundo, y en que las artes y el pensamiento han tra\u00eddo conjuntamente lo que Yeats describi\u00f3 como \u00abuna terrible belleza\u00bb.<\/p>\n<p>Esta fascinante historia comienza en 1900, el a\u00f1o en que se public\u00f3 La interpretaci\u00f3n de los sue\u00f1os de Freud, en que Evans descubri\u00f3 los palacios minoicos de Creta, en que Planck inici\u00f3 la f\u00edsica cu\u00e1ntica, en que Picasso lleg\u00f3 a Par\u00eds&#8230; y prosigue en una deslumbrante sucesi\u00f3n de argumentos y de ideas, habl\u00e1ndonos de la ciencia, del arte, de la filosof\u00eda, de la literatura, del cine, \u00a0de la m\u00fasica, etc.<\/p>\n<p>En una perspectiva realmente universal, que abarca desde el Concilio Vaticano II a la revoluci\u00f3n cultural china, y que llega nuestro propio tiempo, para hablarnos de la teor\u00eda de cuerdas, de los or\u00edgenes y desarrollo de internet, del postmodernismo o de las aportaciones de hombres tan diversos entre s\u00ed, pero de tan considerable influencia en la formaci\u00f3n de las ideas del mundo en que vivimos, como Stephen Hawking y Vidia Naipaul.<\/p>\n<p><a href=\"https:\/\/tavapy.gov.py\/biblioteca\/wp-content\/uploads\/2022\/04\/WatsonP-Historia-Intelectual-del-SigloXX.pdf\" target=\"_blank\" rel=\"attachment noopener wp-att-4363\"><img loading=\"lazy\" decoding=\"async\" class=\"size-full wp-image-4363 alignleft\" src=\"https:\/\/tavapy.gov.py\/biblioteca\/wp-content\/uploads\/2022\/04\/icono-PDF-copia-3.png\" alt=\"\" width=\"121\" height=\"140\" \/><\/a><\/p>\n","protected":false},"featured_media":4701,"comment_status":"open","ping_status":"closed","template":"","meta":{"spay_email":""},"product_cat":[160],"product_tag":[],"class_list":{"0":"post-4706","1":"product","2":"type-product","3":"status-publish","4":"has-post-thumbnail","6":"book_author-peter-watson","7":"product_cat-historia","8":"entry"},"_links":{"self":[{"href":"https:\/\/tavapy.gov.py\/biblioteca\/wp-json\/wp\/v2\/product\/4706","targetHints":{"allow":["GET"]}}],"collection":[{"href":"https:\/\/tavapy.gov.py\/biblioteca\/wp-json\/wp\/v2\/product"}],"about":[{"href":"https:\/\/tavapy.gov.py\/biblioteca\/wp-json\/wp\/v2\/types\/product"}],"replies":[{"embeddable":true,"href":"https:\/\/tavapy.gov.py\/biblioteca\/wp-json\/wp\/v2\/comments?post=4706"}],"wp:featuredmedia":[{"embeddable":true,"href":"https:\/\/tavapy.gov.py\/biblioteca\/wp-json\/wp\/v2\/media\/4701"}],"wp:attachment":[{"href":"https:\/\/tavapy.gov.py\/biblioteca\/wp-json\/wp\/v2\/media?parent=4706"}],"wp:term":[{"taxonomy":"product_cat","embeddable":true,"href":"https:\/\/tavapy.gov.py\/biblioteca\/wp-json\/wp\/v2\/product_cat?post=4706"},{"taxonomy":"product_tag","embeddable":true,"href":"https:\/\/tavapy.gov.py\/biblioteca\/wp-json\/wp\/v2\/product_tag?post=4706"}],"curies":[{"name":"wp","href":"https:\/\/api.w.org\/{rel}","templated":true}]}}