{"id":4710,"date":"2022-04-28T11:37:27","date_gmt":"2022-04-28T11:37:27","guid":{"rendered":"https:\/\/tavapy.gov.py\/biblioteca\/?post_type=product&#038;p=4710"},"modified":"2022-04-28T11:37:27","modified_gmt":"2022-04-28T11:37:27","slug":"el-fin-de-la-modernidad","status":"publish","type":"product","link":"https:\/\/tavapy.gov.py\/biblioteca\/product\/el-fin-de-la-modernidad\/","title":{"rendered":"EL FIN DE LA MODERNIDAD."},"content":{"rendered":"","protected":false},"excerpt":{"rendered":"<p>En las artes figurativas, en la arquitectura o en la literatura, lo \u00abposmoderno\u00bb se ha convertido en una especie de clich\u00e9. No obstante, m\u00e1s all\u00e1 de las modas terminol\u00f3gicas, dicho concepto representa todo un estilo que anima buena parte de la producci\u00f3n intelectual y art\u00edstica de nuestra \u00e9poca.<\/p>\n<p>En \u00abEl fin de la modernidad\u00bb, obra publicada en 1.985 -un cl\u00e1sico del pensamiento contempor\u00e1neo- Vattimo define \u00abcondici\u00f3n posmoderna\u00bb como un distanciamiento y una superaci\u00f3n respecto de los ideales b\u00e1sicos de la modernidad. \u00c9sta deja de existir cuando -por m\u00faltiples razones- desaparece la posibilidad de seguir hablando de la historia como una entidad unitaria y una realizaci\u00f3n progresiva de la humanidad aut\u00e9ntica-.<\/p>\n<p>Lo interesante de este esp\u00edritu in\u00e9dito es, precisamente, que no se trata tan s\u00f3lo de un \u00abestilo\u00bb, sino de una manera diferente de estar en el mundo: vivir significa hoy, en nuestras sociedades, hacer experiencia de una libertad entendida como oscilaci\u00f3n contin\u00faa entre la pertenencia y el desasimiento.<\/p>\n<p><a href=\"https:\/\/tavapy.gov.py\/biblioteca\/wp-content\/uploads\/2022\/04\/VattimoG-El-fin-de-la-modernidad.pdf\" target=\"_blank\" rel=\"attachment noopener wp-att-4363\"><img loading=\"lazy\" decoding=\"async\" class=\"size-full wp-image-4363 alignleft\" src=\"https:\/\/tavapy.gov.py\/biblioteca\/wp-content\/uploads\/2022\/04\/icono-PDF-copia-3.png\" alt=\"\" width=\"121\" height=\"140\" \/><\/a><\/p>\n","protected":false},"featured_media":4695,"comment_status":"open","ping_status":"closed","template":"","meta":{"spay_email":""},"product_cat":[268],"product_tag":[],"class_list":{"0":"post-4710","1":"product","2":"type-product","3":"status-publish","4":"has-post-thumbnail","6":"book_author-gianni-vattimo","7":"product_cat-filosofia-antropologia","8":"entry"},"_links":{"self":[{"href":"https:\/\/tavapy.gov.py\/biblioteca\/wp-json\/wp\/v2\/product\/4710","targetHints":{"allow":["GET"]}}],"collection":[{"href":"https:\/\/tavapy.gov.py\/biblioteca\/wp-json\/wp\/v2\/product"}],"about":[{"href":"https:\/\/tavapy.gov.py\/biblioteca\/wp-json\/wp\/v2\/types\/product"}],"replies":[{"embeddable":true,"href":"https:\/\/tavapy.gov.py\/biblioteca\/wp-json\/wp\/v2\/comments?post=4710"}],"wp:featuredmedia":[{"embeddable":true,"href":"https:\/\/tavapy.gov.py\/biblioteca\/wp-json\/wp\/v2\/media\/4695"}],"wp:attachment":[{"href":"https:\/\/tavapy.gov.py\/biblioteca\/wp-json\/wp\/v2\/media?parent=4710"}],"wp:term":[{"taxonomy":"product_cat","embeddable":true,"href":"https:\/\/tavapy.gov.py\/biblioteca\/wp-json\/wp\/v2\/product_cat?post=4710"},{"taxonomy":"product_tag","embeddable":true,"href":"https:\/\/tavapy.gov.py\/biblioteca\/wp-json\/wp\/v2\/product_tag?post=4710"}],"curies":[{"name":"wp","href":"https:\/\/api.w.org\/{rel}","templated":true}]}}