{"id":4711,"date":"2022-04-28T11:42:59","date_gmt":"2022-04-28T11:42:59","guid":{"rendered":"https:\/\/tavapy.gov.py\/biblioteca\/?post_type=product&#038;p=4711"},"modified":"2022-04-28T11:44:00","modified_gmt":"2022-04-28T11:44:00","slug":"administracion-estrategica-teoria-y-casos","status":"publish","type":"product","link":"https:\/\/tavapy.gov.py\/biblioteca\/product\/administracion-estrategica-teoria-y-casos\/","title":{"rendered":"ADMINISTRACI\u00d3N ESTRAT\u00c9GICA: TEOR\u00cdA Y CASOS."},"content":{"rendered":"","protected":false},"excerpt":{"rendered":"<p>El sello distintivo de la decimoctava edici\u00f3n publicada en el 2.008, es la presentaci\u00f3n fresca y refinada del material de todos los cap\u00edtulos, as\u00ed como un an\u00e1lisis actualizado y ameno de los conceptos b\u00e1sicos y las herramientas de an\u00e1lisis estrat\u00e9gico.<\/p>\n<p>Una caracter\u00edstica especial de esta publicaci\u00f3n es el estrecho v\u00ednculo que mantiene entre el contenido de los cap\u00edtulos y los casos; \u00e9stos constituyen una combinaci\u00f3n verdaderamente atractiva en lo estrat\u00e9gico, listos para atrapar la atenci\u00f3n del lector y afinar sus habilidades en la aplicaci\u00f3n de conceptos y herramientas.<\/p>\n<p>Nuestro prop\u00f3sito fue asegurarnos de la actualidad de su contenido con base en algunas caracter\u00edsticas: \u2022 Una cobertura de la teor\u00eda de la empresa basada en recursos; \u2022 Un panorama integral centrado en las estrategias de cooperaci\u00f3n y el papel de la actividad intraorganizacional en la b\u00fasqueda de ventajas competitivas; \u2022 La cobertura de \u00e9tica comercial, valores esenciales, responsabilidad social y la sustentabilidad ambiental aventaja a cualquier otra obra acerca de estrategia.<\/p>\n<p><a href=\"https:\/\/tavapy.gov.py\/biblioteca\/wp-content\/uploads\/2022\/04\/ThompsonP-Administracion-Estrategica-18-Edic.pdf\" target=\"_blank\" rel=\"attachment noopener wp-att-4363\"><img loading=\"lazy\" decoding=\"async\" class=\"size-full wp-image-4363 alignleft\" src=\"https:\/\/tavapy.gov.py\/biblioteca\/wp-content\/uploads\/2022\/04\/icono-PDF-copia-3.png\" alt=\"\" width=\"121\" height=\"140\" \/><\/a><\/p>\n","protected":false},"featured_media":4694,"comment_status":"open","ping_status":"closed","template":"","meta":{"spay_email":""},"product_cat":[88],"product_tag":[],"class_list":{"0":"post-4711","1":"product","2":"type-product","3":"status-publish","4":"has-post-thumbnail","6":"book_author-arthur-thompson","7":"product_cat-administracion","8":"entry"},"_links":{"self":[{"href":"https:\/\/tavapy.gov.py\/biblioteca\/wp-json\/wp\/v2\/product\/4711","targetHints":{"allow":["GET"]}}],"collection":[{"href":"https:\/\/tavapy.gov.py\/biblioteca\/wp-json\/wp\/v2\/product"}],"about":[{"href":"https:\/\/tavapy.gov.py\/biblioteca\/wp-json\/wp\/v2\/types\/product"}],"replies":[{"embeddable":true,"href":"https:\/\/tavapy.gov.py\/biblioteca\/wp-json\/wp\/v2\/comments?post=4711"}],"wp:featuredmedia":[{"embeddable":true,"href":"https:\/\/tavapy.gov.py\/biblioteca\/wp-json\/wp\/v2\/media\/4694"}],"wp:attachment":[{"href":"https:\/\/tavapy.gov.py\/biblioteca\/wp-json\/wp\/v2\/media?parent=4711"}],"wp:term":[{"taxonomy":"product_cat","embeddable":true,"href":"https:\/\/tavapy.gov.py\/biblioteca\/wp-json\/wp\/v2\/product_cat?post=4711"},{"taxonomy":"product_tag","embeddable":true,"href":"https:\/\/tavapy.gov.py\/biblioteca\/wp-json\/wp\/v2\/product_tag?post=4711"}],"curies":[{"name":"wp","href":"https:\/\/api.w.org\/{rel}","templated":true}]}}