{"id":4714,"date":"2022-04-28T12:05:46","date_gmt":"2022-04-28T12:05:46","guid":{"rendered":"https:\/\/tavapy.gov.py\/biblioteca\/?post_type=product&#038;p=4714"},"modified":"2022-04-28T12:05:47","modified_gmt":"2022-04-28T12:05:47","slug":"historia-de-la-estupidez-humana","status":"publish","type":"product","link":"https:\/\/tavapy.gov.py\/biblioteca\/product\/historia-de-la-estupidez-humana\/","title":{"rendered":"HISTORIA DE LA ESTUPIDEZ HUMANA."},"content":{"rendered":"","protected":false},"excerpt":{"rendered":"<p>El autor de esta obra publicada en 1.959, demuestra que el mayor elogio de nuestra humanidad es su propia estupidez. Para \u00e9l, tal locura seguir\u00e1 costando m\u00e1s vidas y bienes que todas las plagas y las guerras.<\/p>\n<p>Al rese\u00f1ar el tema destaca, entre muchas otras, la estupidez originada por la codicia, la duda, el conformismo, el legalismo, los sue\u00f1os y los mitos, y mil y una otras formas descaradas o encubiertas.<\/p>\n<p>Los relatos, por extravagantes y disparatados que parezcan, son perfiles aut\u00e9nticos de ayer, de hoy y de siempre.<\/p>\n<p><a href=\"https:\/\/tavapy.gov.py\/biblioteca\/wp-content\/uploads\/2022\/04\/TaboriP-Historia-de-la-estupidez-humana.pdf\" rel=\"attachment wp-att-4712\"><img loading=\"lazy\" decoding=\"async\" class=\"size-full wp-image-4712 alignleft\" src=\"https:\/\/tavapy.gov.py\/biblioteca\/wp-content\/uploads\/2022\/04\/icono-PDF-copia-4.png\" alt=\"\" width=\"121\" height=\"140\" \/><\/a><\/p>\n","protected":false},"featured_media":4688,"comment_status":"open","ping_status":"closed","template":"","meta":{"spay_email":""},"product_cat":[95],"product_tag":[],"class_list":{"0":"post-4714","1":"product","2":"type-product","3":"status-publish","4":"has-post-thumbnail","6":"book_author-paul-tabori","7":"product_cat-ensayo","8":"entry"},"_links":{"self":[{"href":"https:\/\/tavapy.gov.py\/biblioteca\/wp-json\/wp\/v2\/product\/4714","targetHints":{"allow":["GET"]}}],"collection":[{"href":"https:\/\/tavapy.gov.py\/biblioteca\/wp-json\/wp\/v2\/product"}],"about":[{"href":"https:\/\/tavapy.gov.py\/biblioteca\/wp-json\/wp\/v2\/types\/product"}],"replies":[{"embeddable":true,"href":"https:\/\/tavapy.gov.py\/biblioteca\/wp-json\/wp\/v2\/comments?post=4714"}],"wp:featuredmedia":[{"embeddable":true,"href":"https:\/\/tavapy.gov.py\/biblioteca\/wp-json\/wp\/v2\/media\/4688"}],"wp:attachment":[{"href":"https:\/\/tavapy.gov.py\/biblioteca\/wp-json\/wp\/v2\/media?parent=4714"}],"wp:term":[{"taxonomy":"product_cat","embeddable":true,"href":"https:\/\/tavapy.gov.py\/biblioteca\/wp-json\/wp\/v2\/product_cat?post=4714"},{"taxonomy":"product_tag","embeddable":true,"href":"https:\/\/tavapy.gov.py\/biblioteca\/wp-json\/wp\/v2\/product_tag?post=4714"}],"curies":[{"name":"wp","href":"https:\/\/api.w.org\/{rel}","templated":true}]}}