{"id":4716,"date":"2022-04-28T12:16:29","date_gmt":"2022-04-28T12:16:29","guid":{"rendered":"https:\/\/tavapy.gov.py\/biblioteca\/?post_type=product&#038;p=4716"},"modified":"2022-04-28T12:16:29","modified_gmt":"2022-04-28T12:16:29","slug":"la-riqueza-de-las-naciones","status":"publish","type":"product","link":"https:\/\/tavapy.gov.py\/biblioteca\/product\/la-riqueza-de-las-naciones\/","title":{"rendered":"LA RIQUEZA DE LAS NACIONES."},"content":{"rendered":"","protected":false},"excerpt":{"rendered":"<p>La riqueza de las naciones, es la obra m\u00e1s c\u00e9lebre de Adam Smith. Publicada en 1776, es considerado el primer libro moderno de econom\u00eda.<\/p>\n<p>Smith expone su an\u00e1lisis sobre el origen de la prosperidad de pa\u00edses como Inglaterra o los Pa\u00edses Bajos. Desarrolla teor\u00edas econ\u00f3micas sobre la divisi\u00f3n del trabajo, el mercado, la moneda, la naturaleza de la riqueza, el precio de las mercanc\u00edas en trabajo, los salarios, los beneficios y la acumulaci\u00f3n del capital.<\/p>\n<p>Examina diferentes sistemas de econom\u00eda pol\u00edtica, en particular, el mercantilismo y la fisiocracia; asimismo, desarrolla la idea de un orden natural. Este \u00absistema de libertad natural\u00bb, como lo llama Smith, es el resultado del libre ejercicio del inter\u00e9s individual que beneficia exitosamente \u2014sin propon\u00e9rselo\u2014 al bien com\u00fan en la soluci\u00f3n de problemas y satisfacci\u00f3n de necesidades por medio de la libre empresa, de la libre competencia y del libre comercio.<\/p>\n<p>La riqueza de las naciones es hoy una de las obras m\u00e1s importantes de la disciplina econ\u00f3mica y, para Amartya Sen, \u00abel libro m\u00e1s grande jam\u00e1s escrito sobre la vida econ\u00f3mica\u00bb.\u200b Se trata del documento fundador de la econom\u00eda cl\u00e1sica y, sin duda, del liberalismo econ\u00f3mico.<\/p>\n<p><a href=\"https:\/\/tavapy.gov.py\/biblioteca\/wp-content\/uploads\/2022\/04\/Smith-A-La-riqueza-de-las-naciones.pdf\" target=\"_blank\" rel=\"attachment noopener wp-att-4712\"><img loading=\"lazy\" decoding=\"async\" class=\"size-full wp-image-4712 alignleft\" src=\"https:\/\/tavapy.gov.py\/biblioteca\/wp-content\/uploads\/2022\/04\/icono-PDF-copia-4.png\" alt=\"\" width=\"121\" height=\"140\" \/><\/a><\/p>\n","protected":false},"featured_media":4682,"comment_status":"open","ping_status":"closed","template":"","meta":{"spay_email":""},"product_cat":[72],"product_tag":[],"class_list":{"0":"post-4716","1":"product","2":"type-product","3":"status-publish","4":"has-post-thumbnail","6":"book_author-adam-smith","7":"product_cat-economia","8":"entry"},"_links":{"self":[{"href":"https:\/\/tavapy.gov.py\/biblioteca\/wp-json\/wp\/v2\/product\/4716","targetHints":{"allow":["GET"]}}],"collection":[{"href":"https:\/\/tavapy.gov.py\/biblioteca\/wp-json\/wp\/v2\/product"}],"about":[{"href":"https:\/\/tavapy.gov.py\/biblioteca\/wp-json\/wp\/v2\/types\/product"}],"replies":[{"embeddable":true,"href":"https:\/\/tavapy.gov.py\/biblioteca\/wp-json\/wp\/v2\/comments?post=4716"}],"wp:featuredmedia":[{"embeddable":true,"href":"https:\/\/tavapy.gov.py\/biblioteca\/wp-json\/wp\/v2\/media\/4682"}],"wp:attachment":[{"href":"https:\/\/tavapy.gov.py\/biblioteca\/wp-json\/wp\/v2\/media?parent=4716"}],"wp:term":[{"taxonomy":"product_cat","embeddable":true,"href":"https:\/\/tavapy.gov.py\/biblioteca\/wp-json\/wp\/v2\/product_cat?post=4716"},{"taxonomy":"product_tag","embeddable":true,"href":"https:\/\/tavapy.gov.py\/biblioteca\/wp-json\/wp\/v2\/product_tag?post=4716"}],"curies":[{"name":"wp","href":"https:\/\/api.w.org\/{rel}","templated":true}]}}