{"id":4717,"date":"2022-04-28T13:55:27","date_gmt":"2022-04-28T13:55:27","guid":{"rendered":"https:\/\/tavapy.gov.py\/biblioteca\/?post_type=product&#038;p=4717"},"modified":"2022-04-28T13:56:42","modified_gmt":"2022-04-28T13:56:42","slug":"compendio-de-etica","status":"publish","type":"product","link":"https:\/\/tavapy.gov.py\/biblioteca\/product\/compendio-de-etica\/","title":{"rendered":"COMPENDIO DE \u00c9TICA."},"content":{"rendered":"","protected":false},"excerpt":{"rendered":"<p>Este Compendio de \u00c9tica publicado en 1.991, no es un diccionario de vocabulario t\u00e9cnico de los fil\u00f3sofos morales, sino un conjunto de cuarenta y siete ensayos breves, escritos con rigor, subordinado a la legibilidad y al car\u00e1cter apasionante de los temas tratados.<\/p>\n<p>Peter Singer ha reunido a las principales autoridades en las respectivas materias para abordar temas como el origen hist\u00f3rico y antropol\u00f3gico cultural de la \u00e9tica, los principales sistemas \u00e9ticos en la India, China, el Islam y el Occidente cristiano, las ideas acerca de c\u00f3mo debemos vivir o de c\u00f3mo podemos justificar nuestras posiciones al respecto.<\/p>\n<p>Tambi\u00e9n las cuestiones de aplicaci\u00f3n pr\u00e1ctica m\u00e1s relevantes, como el derecho a la propiedad, el seco, el aborto, la eutanasia o el medio ambiente, sin olvidar las conexiones con el feminismo, el evolucionismo, la religi\u00f3n y la pol\u00edtica.<\/p>\n<p><a href=\"https:\/\/tavapy.gov.py\/biblioteca\/wp-content\/uploads\/2022\/04\/SingerP-Compendio-de-etica.pdf\" target=\"_blank\" rel=\"attachment noopener wp-att-4712\"><img loading=\"lazy\" decoding=\"async\" class=\"size-full wp-image-4712 alignleft\" src=\"https:\/\/tavapy.gov.py\/biblioteca\/wp-content\/uploads\/2022\/04\/icono-PDF-copia-4.png\" alt=\"\" width=\"121\" height=\"140\" \/><\/a><\/p>\n","protected":false},"featured_media":4678,"comment_status":"open","ping_status":"closed","template":"","meta":{"spay_email":""},"product_cat":[113],"product_tag":[],"class_list":{"0":"post-4717","1":"product","2":"type-product","3":"status-publish","4":"has-post-thumbnail","6":"product_cat-etica","7":"entry"},"_links":{"self":[{"href":"https:\/\/tavapy.gov.py\/biblioteca\/wp-json\/wp\/v2\/product\/4717","targetHints":{"allow":["GET"]}}],"collection":[{"href":"https:\/\/tavapy.gov.py\/biblioteca\/wp-json\/wp\/v2\/product"}],"about":[{"href":"https:\/\/tavapy.gov.py\/biblioteca\/wp-json\/wp\/v2\/types\/product"}],"replies":[{"embeddable":true,"href":"https:\/\/tavapy.gov.py\/biblioteca\/wp-json\/wp\/v2\/comments?post=4717"}],"wp:featuredmedia":[{"embeddable":true,"href":"https:\/\/tavapy.gov.py\/biblioteca\/wp-json\/wp\/v2\/media\/4678"}],"wp:attachment":[{"href":"https:\/\/tavapy.gov.py\/biblioteca\/wp-json\/wp\/v2\/media?parent=4717"}],"wp:term":[{"taxonomy":"product_cat","embeddable":true,"href":"https:\/\/tavapy.gov.py\/biblioteca\/wp-json\/wp\/v2\/product_cat?post=4717"},{"taxonomy":"product_tag","embeddable":true,"href":"https:\/\/tavapy.gov.py\/biblioteca\/wp-json\/wp\/v2\/product_tag?post=4717"}],"curies":[{"name":"wp","href":"https:\/\/api.w.org\/{rel}","templated":true}]}}