{"id":4718,"date":"2022-04-28T13:59:40","date_gmt":"2022-04-28T13:59:40","guid":{"rendered":"https:\/\/tavapy.gov.py\/biblioteca\/?post_type=product&#038;p=4718"},"modified":"2022-04-28T14:01:44","modified_gmt":"2022-04-28T14:01:44","slug":"la-vida-secreta-de-la-mente","status":"publish","type":"product","link":"https:\/\/tavapy.gov.py\/biblioteca\/product\/la-vida-secreta-de-la-mente\/","title":{"rendered":"LA VIDA SECRETA DE LA MENTE."},"content":{"rendered":"","protected":false},"excerpt":{"rendered":"<p>Un viaje a lo m\u00e1s \u00edntimo del pensamiento humano. C\u00f3mo piensan y se comunican los beb\u00e9s. C\u00f3mo elegimos y que hace que confiemos en los dem\u00e1s. C\u00f3mo nace la conciencia en el cerebro y c\u00f3mo nos gobierna el inconsciente. Qu\u00e9 sucede en el cerebro durante los sue\u00f1os. Qu\u00e9 hace que nuestro cerebro est\u00e9 m\u00e1s o menos predispuesto a cambiar. C\u00f3mo podemos aprender y ense\u00f1ar mejor.<\/p>\n<p>\u00bfEs mejor confiar en la raz\u00f3n o en las corazonadas cuando tomamos decisiones? \u00bfEs posible leer la mente de alguien? \u00bfQu\u00e9 es y c\u00f3mo nos gobierna el inconsciente? \u00bfQu\u00e9 hace que confiemos (o no) en los otros? \u00bfPor qu\u00e9 creemos que aprender un nuevo idioma es mucho m\u00e1s dif\u00edcil para un adulto que para un ni\u00f1o? \u00bfEs cierto que nuestro cerebro es pl\u00e1stico y que nunca es demasiado tarde para aprender?<\/p>\n<p>Mariano Sigman responde estas y muchas otras preguntas en esta obra\u00a0 publicada en el 2.015, de la mano de la neurociencia y de la psicolog\u00eda experimental, y conduce un viaje a lo m\u00e1s \u00edntimo del cerebro humano en el que recorre todos los recovecos de nuestra mente para entender qu\u00e9 define nuestra identidad, c\u00f3mo forjamos ideas en nuestros primeros d\u00edas de vida, c\u00f3mo so\u00f1amos e imaginamos, por qu\u00e9 sentimos ciertas emociones, c\u00f3mo aprendemos, y c\u00f3mo olvidamos.<\/p>\n<p>Ciencia aplicada a la vida cotidiana para entender(nos) mejor. Todo lo que siempre te preguntaste sobre tu mente -y todo lo que ni siquiera imaginaste que podr\u00edas preguntarte-, en el libro que tu cerebro espera leer.<\/p>\n<p><a href=\"https:\/\/tavapy.gov.py\/biblioteca\/wp-content\/uploads\/2022\/04\/SigmaM-La-vida-secreta-de-la-mente.pdf\" target=\"_blank\" rel=\"attachment noopener wp-att-4712\"><img loading=\"lazy\" decoding=\"async\" class=\"size-full wp-image-4712 alignleft\" src=\"https:\/\/tavapy.gov.py\/biblioteca\/wp-content\/uploads\/2022\/04\/icono-PDF-copia-4.png\" alt=\"\" width=\"121\" height=\"140\" \/><\/a><\/p>\n","protected":false},"featured_media":4676,"comment_status":"open","ping_status":"closed","template":"","meta":{"spay_email":""},"product_cat":[129],"product_tag":[],"class_list":{"0":"post-4718","1":"product","2":"type-product","3":"status-publish","4":"has-post-thumbnail","6":"product_cat-neurociencia","7":"entry"},"_links":{"self":[{"href":"https:\/\/tavapy.gov.py\/biblioteca\/wp-json\/wp\/v2\/product\/4718","targetHints":{"allow":["GET"]}}],"collection":[{"href":"https:\/\/tavapy.gov.py\/biblioteca\/wp-json\/wp\/v2\/product"}],"about":[{"href":"https:\/\/tavapy.gov.py\/biblioteca\/wp-json\/wp\/v2\/types\/product"}],"replies":[{"embeddable":true,"href":"https:\/\/tavapy.gov.py\/biblioteca\/wp-json\/wp\/v2\/comments?post=4718"}],"wp:featuredmedia":[{"embeddable":true,"href":"https:\/\/tavapy.gov.py\/biblioteca\/wp-json\/wp\/v2\/media\/4676"}],"wp:attachment":[{"href":"https:\/\/tavapy.gov.py\/biblioteca\/wp-json\/wp\/v2\/media?parent=4718"}],"wp:term":[{"taxonomy":"product_cat","embeddable":true,"href":"https:\/\/tavapy.gov.py\/biblioteca\/wp-json\/wp\/v2\/product_cat?post=4718"},{"taxonomy":"product_tag","embeddable":true,"href":"https:\/\/tavapy.gov.py\/biblioteca\/wp-json\/wp\/v2\/product_tag?post=4718"}],"curies":[{"name":"wp","href":"https:\/\/api.w.org\/{rel}","templated":true}]}}