{"id":4719,"date":"2022-04-28T14:28:37","date_gmt":"2022-04-28T14:28:37","guid":{"rendered":"https:\/\/tavapy.gov.py\/biblioteca\/?post_type=product&#038;p=4719"},"modified":"2022-04-28T14:29:20","modified_gmt":"2022-04-28T14:29:20","slug":"disciplina-sin-lagrimas","status":"publish","type":"product","link":"https:\/\/tavapy.gov.py\/biblioteca\/product\/disciplina-sin-lagrimas\/","title":{"rendered":"DISCIPLINA SIN L\u00c1GRIMAS."},"content":{"rendered":"","protected":false},"excerpt":{"rendered":"<p>El cerebro del ni\u00f1o obra publicada en el 2.014, analiza el desaf\u00edo primordial en la educaci\u00f3n de los hijos: la disciplina.<\/p>\n<p>Haciendo hincapi\u00e9 en el fascinante v\u00ednculo entre el desarrollo neurol\u00f3gico del ni\u00f1o y el modo en que los padres reaccionan ante la mala conducta de este, Disciplina sin l\u00e1grimas proporciona un efectivo y compasivo \u00abmapa de carreteras\u00bb para afrontar las pataletas, las tensiones y las l\u00e1grimas sin montar un n\u00famero.<\/p>\n<p>Al definir el verdadero significado de la palabra \u00abdisciplina\u00bb (instruir sin gritos ni rega\u00f1inas), el libro explica c\u00f3mo establecer una conexi\u00f3n con el ni\u00f1o, redirigir las emociones y convertir una rabieta en una oportunidad para crecer. De este modo, el ciclo de comportamiento (y castigo) negativo b\u00e1sicamente se detiene, mientras que la resoluci\u00f3n del problema se transforma en una situaci\u00f3n en la que todos salen ganando.<\/p>\n<p><a href=\"https:\/\/tavapy.gov.py\/biblioteca\/wp-content\/uploads\/2022\/04\/SiegelD-Disciplina-sin-lagrimas.pdf\" target=\"_blank\" rel=\"attachment noopener wp-att-4712\"><img loading=\"lazy\" decoding=\"async\" class=\"size-full wp-image-4712 alignleft\" src=\"https:\/\/tavapy.gov.py\/biblioteca\/wp-content\/uploads\/2022\/04\/icono-PDF-copia-4.png\" alt=\"\" width=\"121\" height=\"140\" \/><\/a><\/p>\n","protected":false},"featured_media":4720,"comment_status":"open","ping_status":"closed","template":"","meta":{"spay_email":""},"product_cat":[196],"product_tag":[],"class_list":{"0":"post-4719","1":"product","2":"type-product","3":"status-publish","4":"has-post-thumbnail","6":"book_author-daniel-siegel","7":"product_cat-psicologia-educacion","8":"entry"},"_links":{"self":[{"href":"https:\/\/tavapy.gov.py\/biblioteca\/wp-json\/wp\/v2\/product\/4719","targetHints":{"allow":["GET"]}}],"collection":[{"href":"https:\/\/tavapy.gov.py\/biblioteca\/wp-json\/wp\/v2\/product"}],"about":[{"href":"https:\/\/tavapy.gov.py\/biblioteca\/wp-json\/wp\/v2\/types\/product"}],"replies":[{"embeddable":true,"href":"https:\/\/tavapy.gov.py\/biblioteca\/wp-json\/wp\/v2\/comments?post=4719"}],"wp:featuredmedia":[{"embeddable":true,"href":"https:\/\/tavapy.gov.py\/biblioteca\/wp-json\/wp\/v2\/media\/4720"}],"wp:attachment":[{"href":"https:\/\/tavapy.gov.py\/biblioteca\/wp-json\/wp\/v2\/media?parent=4719"}],"wp:term":[{"taxonomy":"product_cat","embeddable":true,"href":"https:\/\/tavapy.gov.py\/biblioteca\/wp-json\/wp\/v2\/product_cat?post=4719"},{"taxonomy":"product_tag","embeddable":true,"href":"https:\/\/tavapy.gov.py\/biblioteca\/wp-json\/wp\/v2\/product_tag?post=4719"}],"curies":[{"name":"wp","href":"https:\/\/api.w.org\/{rel}","templated":true}]}}