{"id":4721,"date":"2022-04-28T19:23:35","date_gmt":"2022-04-28T19:23:35","guid":{"rendered":"https:\/\/tavapy.gov.py\/biblioteca\/?post_type=product&#038;p=4721"},"modified":"2022-04-28T19:23:35","modified_gmt":"2022-04-28T19:23:35","slug":"ciencia-y-espiritualidad-la-nueva-vision","status":"publish","type":"product","link":"https:\/\/tavapy.gov.py\/biblioteca\/product\/ciencia-y-espiritualidad-la-nueva-vision\/","title":{"rendered":"CIENCIA Y ESPIRITUALIDAD: LA NUEVA VISI\u00d3N."},"content":{"rendered":"","protected":false},"excerpt":{"rendered":"<p>Los efectos de las pr\u00e1cticas espirituales est\u00e1n siendo cient\u00edficamente investigados como nunca antes. Muchos estudios han demostrado que, por lo general, estas pr\u00e1cticas hacen que las personas sean m\u00e1s felices y saludables.<\/p>\n<p>En este pionero libro publicado en 1.999, Rupert Sheldrake nos muestra como la ciencia valida siete practicas esenciales para la mayor\u00eda de religiones y que forman parte de nuestra herencia humana com\u00fan: meditaci\u00f3n, gratitud, conexi\u00f3n con la naturaleza, relaci\u00f3n con las plantas, rituales, cantos y peregrinaci\u00f3n a lugares sagrados.<\/p>\n<p>Sheldrake resume las m\u00e1s recientes investigaciones cient\u00edficas sobre lo que sucede cuando participamos en este tipo de pr\u00e1cticas y sugiere diferentes v\u00edas para que los lectores exploren estos campos por s\u00ed mismos. Para aquellos que se adhieren a alguna religi\u00f3n, este libro iluminar\u00e1 los or\u00edgenes evolutivos de su propia tradici\u00f3n. Para los no religiosos, mostrar\u00e1 como los fundamentos de las practicas espirituales son accesibles para todos.<\/p>\n<p><a href=\"https:\/\/tavapy.gov.py\/biblioteca\/wp-content\/uploads\/2022\/04\/SheldrakeR-Ciencia-y-espiritualidad.pdf\" target=\"_blank\" rel=\"attachment noopener wp-att-4712\"><img loading=\"lazy\" decoding=\"async\" class=\"size-full wp-image-4712 alignleft\" src=\"https:\/\/tavapy.gov.py\/biblioteca\/wp-content\/uploads\/2022\/04\/icono-PDF-copia-4.png\" alt=\"\" width=\"121\" height=\"140\" \/><\/a><\/p>\n","protected":false},"featured_media":4671,"comment_status":"open","ping_status":"closed","template":"","meta":{"spay_email":""},"product_cat":[398],"product_tag":[],"class_list":{"0":"post-4721","1":"product","2":"type-product","3":"status-publish","4":"has-post-thumbnail","6":"book_author-rupert-sheldrake","7":"product_cat-autoayuda-ciencia-espiritualidad","8":"entry"},"_links":{"self":[{"href":"https:\/\/tavapy.gov.py\/biblioteca\/wp-json\/wp\/v2\/product\/4721","targetHints":{"allow":["GET"]}}],"collection":[{"href":"https:\/\/tavapy.gov.py\/biblioteca\/wp-json\/wp\/v2\/product"}],"about":[{"href":"https:\/\/tavapy.gov.py\/biblioteca\/wp-json\/wp\/v2\/types\/product"}],"replies":[{"embeddable":true,"href":"https:\/\/tavapy.gov.py\/biblioteca\/wp-json\/wp\/v2\/comments?post=4721"}],"wp:featuredmedia":[{"embeddable":true,"href":"https:\/\/tavapy.gov.py\/biblioteca\/wp-json\/wp\/v2\/media\/4671"}],"wp:attachment":[{"href":"https:\/\/tavapy.gov.py\/biblioteca\/wp-json\/wp\/v2\/media?parent=4721"}],"wp:term":[{"taxonomy":"product_cat","embeddable":true,"href":"https:\/\/tavapy.gov.py\/biblioteca\/wp-json\/wp\/v2\/product_cat?post=4721"},{"taxonomy":"product_tag","embeddable":true,"href":"https:\/\/tavapy.gov.py\/biblioteca\/wp-json\/wp\/v2\/product_tag?post=4721"}],"curies":[{"name":"wp","href":"https:\/\/api.w.org\/{rel}","templated":true}]}}