{"id":4724,"date":"2022-04-28T20:03:55","date_gmt":"2022-04-28T20:03:55","guid":{"rendered":"https:\/\/tavapy.gov.py\/biblioteca\/?post_type=product&#038;p=4724"},"modified":"2022-04-28T20:03:55","modified_gmt":"2022-04-28T20:03:55","slug":"la-construccion-de-la-realidad-social","status":"publish","type":"product","link":"https:\/\/tavapy.gov.py\/biblioteca\/product\/la-construccion-de-la-realidad-social\/","title":{"rendered":"LA CONSTRUCCI\u00d3N DE LA REALIDAD SOCIAL."},"content":{"rendered":"","protected":false},"excerpt":{"rendered":"<p>La construcci\u00f3n de la realidad social es un libro escrito por el fil\u00f3sofo estadounidense John R. Searle publicado por primera vez en 1995.<\/p>\n<p>En este libro se trabajan varias posturas desde la filosof\u00eda de la mente y la ciencia cognitiva. En \u00e9l expone sus trabajos e ideas sobre los rasgos estructurales generales de la cultura humana, en relaci\u00f3n con la posibilidad del lenguaje para crear la realidad.<\/p>\n<p>El n\u00facleo del libro consiste en preguntarse si es posible articular unos estados mentales, un mundo de consciencia, intencionalidad con un mundo externo y como se da el sustento de nuestras representaciones por medio de las cuales creamos nuestras relaciones sociales.<\/p>\n<p><a href=\"https:\/\/tavapy.gov.py\/biblioteca\/wp-content\/uploads\/2022\/04\/SearleJ-La-construccion-de-la-realidad-social.pdf\" target=\"_blank\" rel=\"attachment noopener wp-att-4712\"><img loading=\"lazy\" decoding=\"async\" class=\"size-full wp-image-4712 alignleft\" src=\"https:\/\/tavapy.gov.py\/biblioteca\/wp-content\/uploads\/2022\/04\/icono-PDF-copia-4.png\" alt=\"\" width=\"121\" height=\"140\" \/><\/a><\/p>\n","protected":false},"featured_media":4660,"comment_status":"open","ping_status":"closed","template":"","meta":{"spay_email":""},"product_cat":[70],"product_tag":[],"class_list":{"0":"post-4724","1":"product","2":"type-product","3":"status-publish","4":"has-post-thumbnail","6":"book_author-john-searle","7":"product_cat-sociologia","8":"entry"},"_links":{"self":[{"href":"https:\/\/tavapy.gov.py\/biblioteca\/wp-json\/wp\/v2\/product\/4724","targetHints":{"allow":["GET"]}}],"collection":[{"href":"https:\/\/tavapy.gov.py\/biblioteca\/wp-json\/wp\/v2\/product"}],"about":[{"href":"https:\/\/tavapy.gov.py\/biblioteca\/wp-json\/wp\/v2\/types\/product"}],"replies":[{"embeddable":true,"href":"https:\/\/tavapy.gov.py\/biblioteca\/wp-json\/wp\/v2\/comments?post=4724"}],"wp:featuredmedia":[{"embeddable":true,"href":"https:\/\/tavapy.gov.py\/biblioteca\/wp-json\/wp\/v2\/media\/4660"}],"wp:attachment":[{"href":"https:\/\/tavapy.gov.py\/biblioteca\/wp-json\/wp\/v2\/media?parent=4724"}],"wp:term":[{"taxonomy":"product_cat","embeddable":true,"href":"https:\/\/tavapy.gov.py\/biblioteca\/wp-json\/wp\/v2\/product_cat?post=4724"},{"taxonomy":"product_tag","embeddable":true,"href":"https:\/\/tavapy.gov.py\/biblioteca\/wp-json\/wp\/v2\/product_tag?post=4724"}],"curies":[{"name":"wp","href":"https:\/\/api.w.org\/{rel}","templated":true}]}}