{"id":4725,"date":"2022-04-28T20:10:21","date_gmt":"2022-04-28T20:10:21","guid":{"rendered":"https:\/\/tavapy.gov.py\/biblioteca\/?post_type=product&#038;p=4725"},"modified":"2022-04-28T20:10:21","modified_gmt":"2022-04-28T20:10:21","slug":"el-concepto-de-lo-politico","status":"publish","type":"product","link":"https:\/\/tavapy.gov.py\/biblioteca\/product\/el-concepto-de-lo-politico\/","title":{"rendered":"EL CONCEPTO DE LO POL\u00cdTICO."},"content":{"rendered":"","protected":false},"excerpt":{"rendered":"<p>El concepto de lo pol\u00edtico de Carl Schmitt, publicado originalmente en 1927 y con revisiones de 1932 y 1933, es una obra considerada como cl\u00e1sica dentro del pensamiento del autor, a la vez que referencia para las contempor\u00e1neas reflexiones de lo pol\u00edtico, lo constitucional y lo jur\u00eddico.<\/p>\n<p>Una de las primeras inquietudes del autor es encontrar aquello que define lo pol\u00edtico, especialmente teniendo en cuenta las dificultades del uso cotidiano del t\u00e9rmino, en donde este concepto se acerca al de Estado. Esta confusi\u00f3n se entiende en tanto el Estado mantiene un cierto monopolio sobre lo pol\u00edtico, pero es una definici\u00f3n que pierde utilidad en la medida en que \u00e9ste pretende abarcar cada vez m\u00e1s instancias que anteriormente se considerar\u00edan de inter\u00e9s de la Sociedad civil: Educaci\u00f3n \u2013 Cultura \u2013 Econom\u00eda. En ese sentido, no habr\u00eda nada que escapara de ese \u00e1mbito pol\u00edtico.<\/p>\n<p>Para delimitar lo pol\u00edtico, o entender cu\u00e1l es su dominio, Schmitt intenta hallar una serie de distinciones que puedan servir como criterio para considerar un problema pol\u00edtico. A modo de ejemplo, el dominio de lo moral es la distinci\u00f3n entre lo bueno y lo malo, as\u00ed como para el dominio de lo est\u00e9tico es lo bello y lo feo. En ese sentido, el criterio de lo pol\u00edtico es la distinci\u00f3n entre amigo \u2013 enemigo.<\/p>\n<p>La principal ventaja de entender de esta forma la pol\u00edtica es que otorga autonom\u00eda al concepto, es decir, evita recurrir a otros criterios para la explicaci\u00f3n de fen\u00f3menos.<\/p>\n<p><a href=\"https:\/\/tavapy.gov.py\/biblioteca\/wp-content\/uploads\/2022\/04\/SchmittC-El-concepto-de-lo-politico.pdf\" target=\"_blank\" rel=\"attachment noopener wp-att-4712\"><img loading=\"lazy\" decoding=\"async\" class=\"size-full wp-image-4712 alignleft\" src=\"https:\/\/tavapy.gov.py\/biblioteca\/wp-content\/uploads\/2022\/04\/icono-PDF-copia-4.png\" alt=\"\" width=\"121\" height=\"140\" \/><\/a><\/p>\n","protected":false},"featured_media":4658,"comment_status":"open","ping_status":"closed","template":"","meta":{"spay_email":""},"product_cat":[229],"product_tag":[],"class_list":{"0":"post-4725","1":"product","2":"type-product","3":"status-publish","4":"has-post-thumbnail","6":"book_author-carl-schmitt","7":"product_cat-filosofia-politica","8":"entry"},"_links":{"self":[{"href":"https:\/\/tavapy.gov.py\/biblioteca\/wp-json\/wp\/v2\/product\/4725","targetHints":{"allow":["GET"]}}],"collection":[{"href":"https:\/\/tavapy.gov.py\/biblioteca\/wp-json\/wp\/v2\/product"}],"about":[{"href":"https:\/\/tavapy.gov.py\/biblioteca\/wp-json\/wp\/v2\/types\/product"}],"replies":[{"embeddable":true,"href":"https:\/\/tavapy.gov.py\/biblioteca\/wp-json\/wp\/v2\/comments?post=4725"}],"wp:featuredmedia":[{"embeddable":true,"href":"https:\/\/tavapy.gov.py\/biblioteca\/wp-json\/wp\/v2\/media\/4658"}],"wp:attachment":[{"href":"https:\/\/tavapy.gov.py\/biblioteca\/wp-json\/wp\/v2\/media?parent=4725"}],"wp:term":[{"taxonomy":"product_cat","embeddable":true,"href":"https:\/\/tavapy.gov.py\/biblioteca\/wp-json\/wp\/v2\/product_cat?post=4725"},{"taxonomy":"product_tag","embeddable":true,"href":"https:\/\/tavapy.gov.py\/biblioteca\/wp-json\/wp\/v2\/product_tag?post=4725"}],"curies":[{"name":"wp","href":"https:\/\/api.w.org\/{rel}","templated":true}]}}