{"id":4726,"date":"2022-04-28T20:25:51","date_gmt":"2022-04-28T20:25:51","guid":{"rendered":"https:\/\/tavapy.gov.py\/biblioteca\/?post_type=product&#038;p=4726"},"modified":"2022-04-28T20:25:51","modified_gmt":"2022-04-28T20:25:51","slug":"la-ciencia-del-caos","status":"publish","type":"product","link":"https:\/\/tavapy.gov.py\/biblioteca\/product\/la-ciencia-del-caos\/","title":{"rendered":"LA CIENCIA DEL CAOS."},"content":{"rendered":"","protected":false},"excerpt":{"rendered":"<p>En a\u00f1os recientes, parte de la comunidad cient\u00edfica en todo el mundo ha comenzado a hablar incesantemente de caos, desorden, para explicar muchos fen\u00f3menos que suceden en la naturaleza y en experimentos caracterizados por tener un comportamiento que no puede ser descrito por leyes matem\u00e1ticas sencillas. \u00bfPor qu\u00e9 existe este caos?, \u00bfC\u00f3mo interviene en nuestra vida cotidiana y cu\u00e1les son sus consecuencias?<\/p>\n<p>En 1776 Laplace afirmaba que si se conociera la velocidad y posici\u00f3n de todas las part\u00edculas del Universo en un momento determinado, se podr\u00eda conocer su pasado y predecir su futuro con certeza. Durante m\u00e1s de cien a\u00f1os, nos dice el autor, esta suposici\u00f3n pareci\u00f3 correcta, hasta el punto de que la aplicaci\u00f3n de tal principio al comportamiento humano lleg\u00f3 a poner en duda la existencia del libre albedr\u00edo.<\/p>\n<p>La experiencia nos ha ense\u00f1ado, sin embargo, que existen fen\u00f3menos impredecibles, y los cambios clim\u00e1ticos son un ejemplo. El desorden- nos dice el autor de esta obra publicada en 1.996 -es precisamente el personaje principal de este relato, el cual intenta dar a conocer el estudio del comportamiento ca\u00f3tico en diversos campos de la ciencia y hacer que el lector se interese en indagar m\u00e1s sobre el tema.<\/p>\n<p><a href=\"https:\/\/tavapy.gov.py\/biblioteca\/wp-content\/uploads\/2022\/04\/SchifterI-La-ciencia-del-caos.pdf\" target=\"_blank\" rel=\"attachment noopener wp-att-4712\"><img loading=\"lazy\" decoding=\"async\" class=\"size-full wp-image-4712 alignleft\" src=\"https:\/\/tavapy.gov.py\/biblioteca\/wp-content\/uploads\/2022\/04\/icono-PDF-copia-4.png\" alt=\"\" width=\"121\" height=\"140\" \/><\/a><\/p>\n","protected":false},"featured_media":4654,"comment_status":"open","ping_status":"closed","template":"","meta":{"spay_email":""},"product_cat":[109],"product_tag":[],"class_list":{"0":"post-4726","1":"product","2":"type-product","3":"status-publish","4":"has-post-thumbnail","6":"book_author-isaac-schifter","7":"product_cat-fisica-moderna","8":"entry"},"_links":{"self":[{"href":"https:\/\/tavapy.gov.py\/biblioteca\/wp-json\/wp\/v2\/product\/4726","targetHints":{"allow":["GET"]}}],"collection":[{"href":"https:\/\/tavapy.gov.py\/biblioteca\/wp-json\/wp\/v2\/product"}],"about":[{"href":"https:\/\/tavapy.gov.py\/biblioteca\/wp-json\/wp\/v2\/types\/product"}],"replies":[{"embeddable":true,"href":"https:\/\/tavapy.gov.py\/biblioteca\/wp-json\/wp\/v2\/comments?post=4726"}],"wp:featuredmedia":[{"embeddable":true,"href":"https:\/\/tavapy.gov.py\/biblioteca\/wp-json\/wp\/v2\/media\/4654"}],"wp:attachment":[{"href":"https:\/\/tavapy.gov.py\/biblioteca\/wp-json\/wp\/v2\/media?parent=4726"}],"wp:term":[{"taxonomy":"product_cat","embeddable":true,"href":"https:\/\/tavapy.gov.py\/biblioteca\/wp-json\/wp\/v2\/product_cat?post=4726"},{"taxonomy":"product_tag","embeddable":true,"href":"https:\/\/tavapy.gov.py\/biblioteca\/wp-json\/wp\/v2\/product_tag?post=4726"}],"curies":[{"name":"wp","href":"https:\/\/api.w.org\/{rel}","templated":true}]}}