{"id":4730,"date":"2022-04-28T23:15:11","date_gmt":"2022-04-28T23:15:11","guid":{"rendered":"https:\/\/tavapy.gov.py\/biblioteca\/?post_type=product&#038;p=4730"},"modified":"2022-04-28T23:15:12","modified_gmt":"2022-04-28T23:15:12","slug":"un-punto-azul-palido","status":"publish","type":"product","link":"https:\/\/tavapy.gov.py\/biblioteca\/product\/un-punto-azul-palido\/","title":{"rendered":"UN PUNTO AZUL P\u00c1LIDO."},"content":{"rendered":"<p>Un punto azul p\u00e1lido: Una visi\u00f3n del futuro humano en el espacio es un libro de Carl Sagan publicado en 1.994, \u00a0en el cual mezcla filosof\u00eda y ciencia para lograr una emocionante, educativa e ilustrada perspectiva sobre el lugar de la especie humana en el universo. La historia de c\u00f3mo estos conocimientos permiten dar un vistazo a un posible futuro de los humanos en el espacio.<\/p>\n<p>Es considerado secuela de su otro libro Cosmos, y est\u00e1 inspirado en una fotograf\u00eda de la Tierra tomada por la nave espacial Voyager 1 en 1990 a una distancia de 6000 millones de kil\u00f3metros, cuando dicha sonda espacial se dispon\u00eda a abandonar nuestro Sistema Solar.<\/p>\n<p>El libro ense\u00f1a c\u00f3mo los avances cient\u00edficos han revolucionado nuestra comprensi\u00f3n de d\u00f3nde estamos y qui\u00e9nes somos, desafi\u00e1ndonos a que valoremos la manera c\u00f3mo vamos a utilizar estos conocimientos en nuestro verdadero lugar en el cosmos.<\/p>\n<p><a href=\"https:\/\/tavapy.gov.py\/biblioteca\/wp-content\/uploads\/2022\/04\/Sagan-C-Un-punto-azul-palido.pdf\" target=\"_blank\" rel=\"attachment noopener wp-att-4712\"><img loading=\"lazy\" decoding=\"async\" class=\"size-full wp-image-4712 alignleft\" src=\"https:\/\/tavapy.gov.py\/biblioteca\/wp-content\/uploads\/2022\/04\/icono-PDF-copia-4.png\" alt=\"\" width=\"121\" height=\"140\" \/><\/a><\/p>\n","protected":false},"excerpt":{"rendered":"<p>&nbsp;<\/p>\n<p>&nbsp;<\/p>\n","protected":false},"featured_media":4647,"comment_status":"open","ping_status":"closed","template":"","meta":{"spay_email":""},"product_cat":[414],"product_tag":[],"class_list":{"0":"post-4730","1":"product","2":"type-product","3":"status-publish","4":"has-post-thumbnail","6":"book_author-carl-sagan","7":"product_cat-fisica-astronomia-astrofisica","8":"entry"},"_links":{"self":[{"href":"https:\/\/tavapy.gov.py\/biblioteca\/wp-json\/wp\/v2\/product\/4730","targetHints":{"allow":["GET"]}}],"collection":[{"href":"https:\/\/tavapy.gov.py\/biblioteca\/wp-json\/wp\/v2\/product"}],"about":[{"href":"https:\/\/tavapy.gov.py\/biblioteca\/wp-json\/wp\/v2\/types\/product"}],"replies":[{"embeddable":true,"href":"https:\/\/tavapy.gov.py\/biblioteca\/wp-json\/wp\/v2\/comments?post=4730"}],"wp:featuredmedia":[{"embeddable":true,"href":"https:\/\/tavapy.gov.py\/biblioteca\/wp-json\/wp\/v2\/media\/4647"}],"wp:attachment":[{"href":"https:\/\/tavapy.gov.py\/biblioteca\/wp-json\/wp\/v2\/media?parent=4730"}],"wp:term":[{"taxonomy":"product_cat","embeddable":true,"href":"https:\/\/tavapy.gov.py\/biblioteca\/wp-json\/wp\/v2\/product_cat?post=4730"},{"taxonomy":"product_tag","embeddable":true,"href":"https:\/\/tavapy.gov.py\/biblioteca\/wp-json\/wp\/v2\/product_tag?post=4730"}],"curies":[{"name":"wp","href":"https:\/\/api.w.org\/{rel}","templated":true}]}}