{"id":4731,"date":"2022-04-28T23:21:13","date_gmt":"2022-04-28T23:21:13","guid":{"rendered":"https:\/\/tavapy.gov.py\/biblioteca\/?post_type=product&#038;p=4731"},"modified":"2022-04-28T23:21:14","modified_gmt":"2022-04-28T23:21:14","slug":"el-hombre-que-confundio-a-su-mujer-con-un-sombrero","status":"publish","type":"product","link":"https:\/\/tavapy.gov.py\/biblioteca\/product\/el-hombre-que-confundio-a-su-mujer-con-un-sombrero\/","title":{"rendered":"EL HOMBRE QUE CONFUNDI\u00d3 A SU MUJER CON UN SOMBRERO."},"content":{"rendered":"","protected":false},"excerpt":{"rendered":"<p>El hombre que confundi\u00f3 a su mujer con un sombrero es un libro de 1985 escrito por el neur\u00f3logo Oliver Sacks. En \u00e9l, describe los casos cl\u00ednicos de algunos de sus pacientes. Sacks eligi\u00f3 el t\u00edtulo bas\u00e1ndose en uno de los pacientes cuyo caso cl\u00ednico aparece en el libro, y que sufre de agnosia visual,1\u200b un tipo de d\u00e9ficit neurol\u00f3gico que implica una p\u00e9rdida de la capacidad de reconocer caras y objetos.<\/p>\n<p>El libro consta de veinticuatro ensayos divididos en cuatro secciones (\u00abP\u00e9rdidas\u00bb, \u00abExcesos\u00bb, \u00abArrebatos\u00bb y \u00abEl mundo de lo simple\u00bb), cada una de las cuales trata de un aspecto particular de la funci\u00f3n del cerebro.<\/p>\n<p>Las dos primeras secciones hablan de los d\u00e9ficits y compensaciones (con especial \u00e9nfasis en el hemisferio derecho del cerebro), mientras que las secciones tercera y cuarta describen manifestaciones fenomenol\u00f3gicas relacionadas con reminiscencias espont\u00e1neas, percepciones alteradas y cualidades extraordinarias de la mente que se dan en personas con discapacidades intelectuales.<\/p>\n<p><a href=\"https:\/\/tavapy.gov.py\/biblioteca\/wp-content\/uploads\/2022\/04\/SacksO-El-Hombre-que-confundio-a-su-mujer-con-un-sombrero.pdf\" target=\"_blank\" rel=\"attachment noopener wp-att-4712\"><img loading=\"lazy\" decoding=\"async\" class=\"size-full wp-image-4712 alignleft\" src=\"https:\/\/tavapy.gov.py\/biblioteca\/wp-content\/uploads\/2022\/04\/icono-PDF-copia-4.png\" alt=\"\" width=\"121\" height=\"140\" \/><\/a><\/p>\n","protected":false},"featured_media":4643,"comment_status":"open","ping_status":"closed","template":"","meta":{"spay_email":""},"product_cat":[416],"product_tag":[],"class_list":{"0":"post-4731","1":"product","2":"type-product","3":"status-publish","4":"has-post-thumbnail","6":"book_author-oliver-sacks","7":"product_cat-narrativa-medica-medicina-neurologia","8":"entry"},"_links":{"self":[{"href":"https:\/\/tavapy.gov.py\/biblioteca\/wp-json\/wp\/v2\/product\/4731","targetHints":{"allow":["GET"]}}],"collection":[{"href":"https:\/\/tavapy.gov.py\/biblioteca\/wp-json\/wp\/v2\/product"}],"about":[{"href":"https:\/\/tavapy.gov.py\/biblioteca\/wp-json\/wp\/v2\/types\/product"}],"replies":[{"embeddable":true,"href":"https:\/\/tavapy.gov.py\/biblioteca\/wp-json\/wp\/v2\/comments?post=4731"}],"wp:featuredmedia":[{"embeddable":true,"href":"https:\/\/tavapy.gov.py\/biblioteca\/wp-json\/wp\/v2\/media\/4643"}],"wp:attachment":[{"href":"https:\/\/tavapy.gov.py\/biblioteca\/wp-json\/wp\/v2\/media?parent=4731"}],"wp:term":[{"taxonomy":"product_cat","embeddable":true,"href":"https:\/\/tavapy.gov.py\/biblioteca\/wp-json\/wp\/v2\/product_cat?post=4731"},{"taxonomy":"product_tag","embeddable":true,"href":"https:\/\/tavapy.gov.py\/biblioteca\/wp-json\/wp\/v2\/product_tag?post=4731"}],"curies":[{"name":"wp","href":"https:\/\/api.w.org\/{rel}","templated":true}]}}