{"id":4733,"date":"2022-04-29T21:45:04","date_gmt":"2022-04-29T21:45:04","guid":{"rendered":"https:\/\/tavapy.gov.py\/biblioteca\/?post_type=product&#038;p=4733"},"modified":"2022-04-29T21:45:04","modified_gmt":"2022-04-29T21:45:04","slug":"la-ciencia-descubre-a-dios","status":"publish","type":"product","link":"https:\/\/tavapy.gov.py\/biblioteca\/product\/la-ciencia-descubre-a-dios\/","title":{"rendered":"LA CIENCIA DESCUBRE A DIOS."},"content":{"rendered":"","protected":false},"excerpt":{"rendered":"<p>\u00bfExiste Dios? \u00bfFue un Dise\u00f1ador Maestro el que cre\u00f3 nuestro universo, o la vida evolucion\u00f3 espont\u00e1neamente? \u00bfPuede la ciencia mantenerse objetiva en la b\u00fasqueda de la verdad y al mismo tiempo aceptar la posibilidad de que Dios exista? \u00bfRealmente importar\u00e1 que haya una diferencia?<\/p>\n<p>Ariel A. Roth, cient\u00edfico y creyente cristiano, examina los puntos m\u00e1s importantes en relaci\u00f3n a la \u201ccuesti\u00f3n de Dios\u201d, en su obra La ciencia descubre a Dios publicada en el 2.009.<\/p>\n<p><a href=\"https:\/\/tavapy.gov.py\/biblioteca\/wp-content\/uploads\/2022\/04\/RothA-La-ciencia-descubre-a-Dios.pdf\" target=\"_blank\" rel=\"attachment noopener wp-att-4712\"><img loading=\"lazy\" decoding=\"async\" class=\"size-full wp-image-4712 alignleft\" src=\"https:\/\/tavapy.gov.py\/biblioteca\/wp-content\/uploads\/2022\/04\/icono-PDF-copia-4.png\" alt=\"\" width=\"121\" height=\"140\" \/><\/a><\/p>\n","protected":false},"featured_media":4638,"comment_status":"open","ping_status":"closed","template":"","meta":{"spay_email":""},"product_cat":[419],"product_tag":[],"class_list":{"0":"post-4733","1":"product","2":"type-product","3":"status-publish","4":"has-post-thumbnail","6":"book_author-ariel-a-roth","7":"product_cat-ciencia-religion","8":"entry"},"_links":{"self":[{"href":"https:\/\/tavapy.gov.py\/biblioteca\/wp-json\/wp\/v2\/product\/4733","targetHints":{"allow":["GET"]}}],"collection":[{"href":"https:\/\/tavapy.gov.py\/biblioteca\/wp-json\/wp\/v2\/product"}],"about":[{"href":"https:\/\/tavapy.gov.py\/biblioteca\/wp-json\/wp\/v2\/types\/product"}],"replies":[{"embeddable":true,"href":"https:\/\/tavapy.gov.py\/biblioteca\/wp-json\/wp\/v2\/comments?post=4733"}],"wp:featuredmedia":[{"embeddable":true,"href":"https:\/\/tavapy.gov.py\/biblioteca\/wp-json\/wp\/v2\/media\/4638"}],"wp:attachment":[{"href":"https:\/\/tavapy.gov.py\/biblioteca\/wp-json\/wp\/v2\/media?parent=4733"}],"wp:term":[{"taxonomy":"product_cat","embeddable":true,"href":"https:\/\/tavapy.gov.py\/biblioteca\/wp-json\/wp\/v2\/product_cat?post=4733"},{"taxonomy":"product_tag","embeddable":true,"href":"https:\/\/tavapy.gov.py\/biblioteca\/wp-json\/wp\/v2\/product_tag?post=4733"}],"curies":[{"name":"wp","href":"https:\/\/api.w.org\/{rel}","templated":true}]}}