{"id":4735,"date":"2022-04-29T22:07:10","date_gmt":"2022-04-29T22:07:10","guid":{"rendered":"https:\/\/tavapy.gov.py\/biblioteca\/?post_type=product&#038;p=4735"},"modified":"2022-04-29T22:07:11","modified_gmt":"2022-04-29T22:07:11","slug":"memecracia-los-virales-que-nos-gobiernan","status":"publish","type":"product","link":"https:\/\/tavapy.gov.py\/biblioteca\/product\/memecracia-los-virales-que-nos-gobiernan\/","title":{"rendered":"MEMECRACIA. LOS VIRALES QUE NOS GOBIERNAN."},"content":{"rendered":"","protected":false},"excerpt":{"rendered":"<p>Memecracia es el sistema en el que vivimos inmersos. Un mundo en el que internet ha multiplicado la informaci\u00f3n y los medios de comunicaci\u00f3n tradicionales han fallado. Un lugar desconcertante en el que los arquetipos que logran captar la atenci\u00f3n ciudadana y guiar su comportamiento no son los mejores, ni los m\u00e1s nobles, ni los m\u00e1s \u00fatiles, ni los m\u00e1s veraces; s\u00f3lo son los m\u00e1s contagiosos.<\/p>\n<p>La autora de esta obra publicada en el 2.013, incita a la reflexi\u00f3n sobre esta corriente que nos arrastra. La periodista Delia Rodr\u00edguez te cuenta qui\u00e9n decide lo que debes pensar, hacer, comprar, sentir y votar, y te muestra c\u00f3mo reducir el ruido de fondo para reclamar tu libertad de elecci\u00f3n y el control de tus ideas.<\/p>\n<p>En un revelador y apasionante recorrido por los distintos virus mentales que dominan nuestras vidas, especialmente desde la explosi\u00f3n de internet, encontrar\u00e1s los recursos para identificarlos, defenderte de ellos e incluso sacarles partido.<\/p>\n<p><a href=\"https:\/\/tavapy.gov.py\/biblioteca\/wp-content\/uploads\/2022\/04\/RodriguezD-Memecracia.pdf\" target=\"_blank\" rel=\"attachment noopener wp-att-4712\"><img loading=\"lazy\" decoding=\"async\" class=\"size-full wp-image-4712 alignleft\" src=\"https:\/\/tavapy.gov.py\/biblioteca\/wp-content\/uploads\/2022\/04\/icono-PDF-copia-4.png\" alt=\"\" width=\"121\" height=\"140\" \/><\/a><\/p>\n","protected":false},"featured_media":4632,"comment_status":"open","ping_status":"closed","template":"","meta":{"spay_email":""},"product_cat":[423],"product_tag":[],"class_list":{"0":"post-4735","1":"product","2":"type-product","3":"status-publish","4":"has-post-thumbnail","6":"book_author-delia-rodriguez","7":"product_cat-ciencia-de-la-comunicacion","8":"entry"},"_links":{"self":[{"href":"https:\/\/tavapy.gov.py\/biblioteca\/wp-json\/wp\/v2\/product\/4735","targetHints":{"allow":["GET"]}}],"collection":[{"href":"https:\/\/tavapy.gov.py\/biblioteca\/wp-json\/wp\/v2\/product"}],"about":[{"href":"https:\/\/tavapy.gov.py\/biblioteca\/wp-json\/wp\/v2\/types\/product"}],"replies":[{"embeddable":true,"href":"https:\/\/tavapy.gov.py\/biblioteca\/wp-json\/wp\/v2\/comments?post=4735"}],"wp:featuredmedia":[{"embeddable":true,"href":"https:\/\/tavapy.gov.py\/biblioteca\/wp-json\/wp\/v2\/media\/4632"}],"wp:attachment":[{"href":"https:\/\/tavapy.gov.py\/biblioteca\/wp-json\/wp\/v2\/media?parent=4735"}],"wp:term":[{"taxonomy":"product_cat","embeddable":true,"href":"https:\/\/tavapy.gov.py\/biblioteca\/wp-json\/wp\/v2\/product_cat?post=4735"},{"taxonomy":"product_tag","embeddable":true,"href":"https:\/\/tavapy.gov.py\/biblioteca\/wp-json\/wp\/v2\/product_tag?post=4735"}],"curies":[{"name":"wp","href":"https:\/\/api.w.org\/{rel}","templated":true}]}}