{"id":4740,"date":"2022-04-30T17:59:34","date_gmt":"2022-04-30T17:59:34","guid":{"rendered":"https:\/\/tavapy.gov.py\/biblioteca\/?post_type=product&#038;p=4740"},"modified":"2022-04-30T17:59:35","modified_gmt":"2022-04-30T17:59:35","slug":"administracion","status":"publish","type":"product","link":"https:\/\/tavapy.gov.py\/biblioteca\/product\/administracion\/","title":{"rendered":"ADMINISTRACI\u00d3N."},"content":{"rendered":"","protected":false},"excerpt":{"rendered":"<p>Esta d\u00e9cimo segunda edici\u00f3n del libro publicado en el 2.014 tiene que ver con la administraci\u00f3n y los administradores o gerentes. Los gerentes representan el \u00fanico elemento que todas las organizaciones \u2013sin importar su tama\u00f1o, tipo o ubicaci\u00f3n\u2013 necesitan. Por otro lado, no hay duda de que el mundo que enfrentan los gerentes ha cambiado, est\u00e1 cambiando y seguir\u00e1 haci\u00e9ndolo. La naturaleza din\u00e1mica de las organizaciones actuales implica recompensas y desaf\u00edos por igual para los individuos que las dirigen.<\/p>\n<p>La administraci\u00f3n es una disciplina din\u00e1mica, y los libros de texto que abordan el tema deber\u00edan reflejar esos cambios para contribuir a que los estudiantes est\u00e9n preparados para administrar bajo las circunstancias actuales. Hemos escrito esta nueva edici\u00f3n con el objetivo de ofrecerle el mejor medio de aprendizaje posible de lo que significa ser un gerente que act\u00faa con el cambio.<\/p>\n<p>Nuestro enfoque de la administraci\u00f3n es simple: tiene que ver con las personas. Los gerentes administran personas. Por eso, le presentaremos a gerentes reales; es decir, personas aut\u00e9nticas que manejan gente. Hemos conversado con esos gerentes reales y les hemos pedido que compartan sus experiencias.<\/p>\n<p>De esta manera podr\u00e1 comprender de qu\u00e9 se trata la administraci\u00f3n, cu\u00e1les son los problemas que han enfrentado esos gerentes, y c\u00f3mo los han resuelto. No s\u00f3lo contar\u00e1 con el beneficio que representan la sabidur\u00eda y el conocimiento de su profesor; tambi\u00e9n tendr\u00e1 acceso a su propio equipo de consejeros y mentores.<\/p>\n<p><a href=\"https:\/\/tavapy.gov.py\/biblioteca\/wp-content\/uploads\/2022\/04\/RobbinsCoulter-Administracion-12\u00b0-ed.pdf\" target=\"_blank\" rel=\"attachment noopener wp-att-4712\"><img loading=\"lazy\" decoding=\"async\" class=\"size-full wp-image-4712 alignleft\" src=\"https:\/\/tavapy.gov.py\/biblioteca\/wp-content\/uploads\/2022\/04\/icono-PDF-copia-4.png\" alt=\"\" width=\"121\" height=\"140\" \/><\/a><\/p>\n","protected":false},"featured_media":4625,"comment_status":"open","ping_status":"closed","template":"","meta":{"spay_email":""},"product_cat":[88],"product_tag":[],"class_list":{"0":"post-4740","1":"product","2":"type-product","3":"status-publish","4":"has-post-thumbnail","6":"book_author-stephen-p-robbins","7":"product_cat-administracion","8":"entry"},"_links":{"self":[{"href":"https:\/\/tavapy.gov.py\/biblioteca\/wp-json\/wp\/v2\/product\/4740","targetHints":{"allow":["GET"]}}],"collection":[{"href":"https:\/\/tavapy.gov.py\/biblioteca\/wp-json\/wp\/v2\/product"}],"about":[{"href":"https:\/\/tavapy.gov.py\/biblioteca\/wp-json\/wp\/v2\/types\/product"}],"replies":[{"embeddable":true,"href":"https:\/\/tavapy.gov.py\/biblioteca\/wp-json\/wp\/v2\/comments?post=4740"}],"wp:featuredmedia":[{"embeddable":true,"href":"https:\/\/tavapy.gov.py\/biblioteca\/wp-json\/wp\/v2\/media\/4625"}],"wp:attachment":[{"href":"https:\/\/tavapy.gov.py\/biblioteca\/wp-json\/wp\/v2\/media?parent=4740"}],"wp:term":[{"taxonomy":"product_cat","embeddable":true,"href":"https:\/\/tavapy.gov.py\/biblioteca\/wp-json\/wp\/v2\/product_cat?post=4740"},{"taxonomy":"product_tag","embeddable":true,"href":"https:\/\/tavapy.gov.py\/biblioteca\/wp-json\/wp\/v2\/product_tag?post=4740"}],"curies":[{"name":"wp","href":"https:\/\/api.w.org\/{rel}","templated":true}]}}