{"id":4742,"date":"2022-04-30T18:49:34","date_gmt":"2022-04-30T18:49:34","guid":{"rendered":"https:\/\/tavapy.gov.py\/biblioteca\/?post_type=product&#038;p=4742"},"modified":"2022-04-30T18:49:34","modified_gmt":"2022-04-30T18:49:34","slug":"la-justicia-como-equidad","status":"publish","type":"product","link":"https:\/\/tavapy.gov.py\/biblioteca\/product\/la-justicia-como-equidad\/","title":{"rendered":"LA JUSTICIA COMO EQUIDAD."},"content":{"rendered":"","protected":false},"excerpt":{"rendered":"<p>Este libro tiene su origen en las clases de filosof\u00eda pol\u00edtica que Rawls impart\u00eda regularmente en Harvard en la d\u00e9cada de 1980. Con el tiempo, las clases se convirtieron en una reformulaci\u00f3n de su teor\u00eda de la justicia como equidad, revisada a la luz de sus art\u00edculos m\u00e1s recientes y de su tratado El liberalismo pol\u00edtico (1993).<\/p>\n<p>Como escribe Rawls en el prefacio, la reformulaci\u00f3n presenta \u00aben un \u00fanico lugar una exposici\u00f3n de la justicia como equidad tal como la entiendo ahora, apoy\u00e1ndome en todos esos trabajos\u00bb. El libro ofrece una amplia visi\u00f3n de sus principales l\u00edneas de pensamiento y explora asimismo temas espec\u00edficos que nunca fueron abordados en ninguno de sus escritos.<\/p>\n<p>Rawls es consciente de que, desde la publicaci\u00f3n de la Teor\u00eda de la justicia en 1971, la sociedad se ha alejado a\u00fan m\u00e1s de la idea de la justicia como equidad. Sus ideas conservan, empero, todo su vigor y relevancia para los debates de una sociedad pluralista en torno al significado y la viabilidad te\u00f3rica del liberalismo. Este libro demuestra que puede alcanzarse la claridad moral aun cuando el compromiso colectivo con la justicia sea incierto.<\/p>\n<p><a href=\"https:\/\/tavapy.gov.py\/biblioteca\/wp-content\/uploads\/2022\/04\/RawlsJ-La-Justicia-como-equidad.pdf\" target=\"_blank\" rel=\"attachment noopener wp-att-4712\"><img loading=\"lazy\" decoding=\"async\" class=\"size-full wp-image-4712 alignleft\" src=\"https:\/\/tavapy.gov.py\/biblioteca\/wp-content\/uploads\/2022\/04\/icono-PDF-copia-4.png\" alt=\"\" width=\"121\" height=\"140\" \/><\/a><\/p>\n","protected":false},"featured_media":4620,"comment_status":"open","ping_status":"closed","template":"","meta":{"spay_email":""},"product_cat":[229],"product_tag":[],"class_list":{"0":"post-4742","1":"product","2":"type-product","3":"status-publish","4":"has-post-thumbnail","6":"book_author-john-rawls","7":"product_cat-filosofia-politica","8":"entry"},"_links":{"self":[{"href":"https:\/\/tavapy.gov.py\/biblioteca\/wp-json\/wp\/v2\/product\/4742","targetHints":{"allow":["GET"]}}],"collection":[{"href":"https:\/\/tavapy.gov.py\/biblioteca\/wp-json\/wp\/v2\/product"}],"about":[{"href":"https:\/\/tavapy.gov.py\/biblioteca\/wp-json\/wp\/v2\/types\/product"}],"replies":[{"embeddable":true,"href":"https:\/\/tavapy.gov.py\/biblioteca\/wp-json\/wp\/v2\/comments?post=4742"}],"wp:featuredmedia":[{"embeddable":true,"href":"https:\/\/tavapy.gov.py\/biblioteca\/wp-json\/wp\/v2\/media\/4620"}],"wp:attachment":[{"href":"https:\/\/tavapy.gov.py\/biblioteca\/wp-json\/wp\/v2\/media?parent=4742"}],"wp:term":[{"taxonomy":"product_cat","embeddable":true,"href":"https:\/\/tavapy.gov.py\/biblioteca\/wp-json\/wp\/v2\/product_cat?post=4742"},{"taxonomy":"product_tag","embeddable":true,"href":"https:\/\/tavapy.gov.py\/biblioteca\/wp-json\/wp\/v2\/product_tag?post=4742"}],"curies":[{"name":"wp","href":"https:\/\/api.w.org\/{rel}","templated":true}]}}