{"id":4743,"date":"2022-04-30T18:54:28","date_gmt":"2022-04-30T18:54:28","guid":{"rendered":"https:\/\/tavapy.gov.py\/biblioteca\/?post_type=product&#038;p=4743"},"modified":"2022-04-30T18:54:28","modified_gmt":"2022-04-30T18:54:28","slug":"universos-ocultos-un-viaje-a-las-dimensiones-extras-del-cosmos","status":"publish","type":"product","link":"https:\/\/tavapy.gov.py\/biblioteca\/product\/universos-ocultos-un-viaje-a-las-dimensiones-extras-del-cosmos\/","title":{"rendered":"UNIVERSOS OCULTOS. UN VIAJE A LAS DIMENSIONES EXTRAS DEL COSMOS."},"content":{"rendered":"","protected":false},"excerpt":{"rendered":"<p>El universo tiene sus secretos. Podr\u00eda incluso ocultar dimensiones extras, diferentes de todo lo imaginado hasta ahora. Conocemos mucho m\u00e1s sobre el mundo que hace unos pocos a\u00f1os, y sin embargo estamos menos seguros que nunca de cu\u00e1l es la aut\u00e9ntica naturaleza del universo.<\/p>\n<p>\u00bfHabremos alcanzado un punto tan avanzado en los descubrimientos cient\u00edficos que las leyes de la f\u00edsica tal como las conocemos sencillamente no son suficientes? &#8216;Tendremos que aceptar explicaciones que hasta ahora se hab\u00edan quedado en el reino de la ciencia ficci\u00f3n?<\/p>\n<p>Universos ocultos, obra publicada en el 2.011, proporciona una estimulante visi\u00f3n de conjunto que sigue la pista a los descubrimientos de la f\u00edsica desde principios del siglo XX hasta el filo de la f\u00edsica de part\u00edculas y la teor\u00eda de cuerdas de hoy, destejiendo los actuales debates sobre relatividad, mec\u00e1nica cu\u00e1ntica y gravedad.<\/p>\n<p>Lisa Randall ilumina con un estilo di\u00e1fano la ciencia y desenreda con seducci\u00f3n los misterios de las mir\u00edadas de mundos que pueden existir justo al lado del que solamente ahora estamos empezando a conocer.<\/p>\n<p><a href=\"https:\/\/tavapy.gov.py\/biblioteca\/wp-content\/uploads\/2022\/04\/RandallL-Universos_ocultos.pdf\" target=\"_blank\" rel=\"attachment noopener wp-att-4712\"><img loading=\"lazy\" decoding=\"async\" class=\"size-full wp-image-4712 alignleft\" src=\"https:\/\/tavapy.gov.py\/biblioteca\/wp-content\/uploads\/2022\/04\/icono-PDF-copia-4.png\" alt=\"\" width=\"121\" height=\"140\" \/><\/a><\/p>\n","protected":false},"featured_media":4618,"comment_status":"open","ping_status":"closed","template":"","meta":{"spay_email":""},"product_cat":[414],"product_tag":[],"class_list":{"0":"post-4743","1":"product","2":"type-product","3":"status-publish","4":"has-post-thumbnail","6":"book_author-lisa-randall","7":"product_cat-fisica-astronomia-astrofisica","8":"entry"},"_links":{"self":[{"href":"https:\/\/tavapy.gov.py\/biblioteca\/wp-json\/wp\/v2\/product\/4743","targetHints":{"allow":["GET"]}}],"collection":[{"href":"https:\/\/tavapy.gov.py\/biblioteca\/wp-json\/wp\/v2\/product"}],"about":[{"href":"https:\/\/tavapy.gov.py\/biblioteca\/wp-json\/wp\/v2\/types\/product"}],"replies":[{"embeddable":true,"href":"https:\/\/tavapy.gov.py\/biblioteca\/wp-json\/wp\/v2\/comments?post=4743"}],"wp:featuredmedia":[{"embeddable":true,"href":"https:\/\/tavapy.gov.py\/biblioteca\/wp-json\/wp\/v2\/media\/4618"}],"wp:attachment":[{"href":"https:\/\/tavapy.gov.py\/biblioteca\/wp-json\/wp\/v2\/media?parent=4743"}],"wp:term":[{"taxonomy":"product_cat","embeddable":true,"href":"https:\/\/tavapy.gov.py\/biblioteca\/wp-json\/wp\/v2\/product_cat?post=4743"},{"taxonomy":"product_tag","embeddable":true,"href":"https:\/\/tavapy.gov.py\/biblioteca\/wp-json\/wp\/v2\/product_tag?post=4743"}],"curies":[{"name":"wp","href":"https:\/\/api.w.org\/{rel}","templated":true}]}}