{"id":4744,"date":"2022-04-30T18:59:30","date_gmt":"2022-04-30T18:59:30","guid":{"rendered":"https:\/\/tavapy.gov.py\/biblioteca\/?post_type=product&#038;p=4744"},"modified":"2022-04-30T18:59:31","modified_gmt":"2022-04-30T18:59:31","slug":"en-busca-del-tiempo-perdido-1","status":"publish","type":"product","link":"https:\/\/tavapy.gov.py\/biblioteca\/product\/en-busca-del-tiempo-perdido-1\/","title":{"rendered":"EN BUSCA DEL TIEMPO PERDIDO 1."},"content":{"rendered":"<p>I<\/p>\n","protected":false},"excerpt":{"rendered":"<p>&nbsp;<\/p>\n<p>El primer t\u00edtulo del ciclo de En busca del tiempo perdido, publicado en 1.913, la experimental obra de Marcel Proust. Esta primera entrega se abre con el pasaje m\u00e1s c\u00e9lebre de los que escribi\u00f3 Marcel Proust. La evocaci\u00f3n de la infancia del narrador en Combray le permite recobrar una serie de personajes que llenaron sus primeros a\u00f1os de existencia (su madre, su abuela, la t\u00eda Leoncia, etc.), as\u00ed como tambi\u00e9n el lugar donde transcurri\u00f3 dicho per\u00edodo.<\/p>\n<p>Pronto cobran nitidez en la evocaci\u00f3n del narrador los paseos cotidianos de ni\u00f1o: el camino de M\u00e9s\u00e9glise (que le retrotrae, a su vez, al recuerdo de los personajes que lo poblaban, como Swann, su hija Gilberta y el m\u00fasico Vinteuil), y el camino de los Guermantes (que conduce hasta un espacio habitado por unos arist\u00f3cratas cuyas vidas son demasiado irreales para el conocimiento del mundo que pose\u00eda aquel ni\u00f1o).<\/p>\n<p>Rememora la relaci\u00f3n amorosa entre Swann y su futura esposa, Odette de Cr\u00e9cy. La mala reputaci\u00f3n que goza \u00e9sta entre la alta sociedad, lo obliga a frecuentar otros ambientes, como la casa de los Verdurin, unos nuevos ricos que encarnan los anhelos de ascenso social. En la \u00faltima parte de esta primera entrega, el narrador ya se recuerda a s\u00ed mismo como ese adolescente angustiado por su pasi\u00f3n amorosa hacia Gilberta, la hija de Swann.<\/p>\n<p><a href=\"https:\/\/tavapy.gov.py\/biblioteca\/wp-content\/uploads\/2022\/04\/ProustM-En-busca-del-tiempo-I.pdf\" target=\"_blank\" rel=\"attachment noopener wp-att-4712\"><img loading=\"lazy\" decoding=\"async\" class=\"size-full wp-image-4712 alignleft\" src=\"https:\/\/tavapy.gov.py\/biblioteca\/wp-content\/uploads\/2022\/04\/icono-PDF-copia-4.png\" alt=\"\" width=\"121\" height=\"140\" \/><\/a><\/p>\n","protected":false},"featured_media":4612,"comment_status":"open","ping_status":"closed","template":"","meta":{"spay_email":""},"product_cat":[57],"product_tag":[],"class_list":{"0":"post-4744","1":"product","2":"type-product","3":"status-publish","4":"has-post-thumbnail","6":"book_author-marcel-proust","7":"product_cat-novela","8":"entry"},"_links":{"self":[{"href":"https:\/\/tavapy.gov.py\/biblioteca\/wp-json\/wp\/v2\/product\/4744","targetHints":{"allow":["GET"]}}],"collection":[{"href":"https:\/\/tavapy.gov.py\/biblioteca\/wp-json\/wp\/v2\/product"}],"about":[{"href":"https:\/\/tavapy.gov.py\/biblioteca\/wp-json\/wp\/v2\/types\/product"}],"replies":[{"embeddable":true,"href":"https:\/\/tavapy.gov.py\/biblioteca\/wp-json\/wp\/v2\/comments?post=4744"}],"wp:featuredmedia":[{"embeddable":true,"href":"https:\/\/tavapy.gov.py\/biblioteca\/wp-json\/wp\/v2\/media\/4612"}],"wp:attachment":[{"href":"https:\/\/tavapy.gov.py\/biblioteca\/wp-json\/wp\/v2\/media?parent=4744"}],"wp:term":[{"taxonomy":"product_cat","embeddable":true,"href":"https:\/\/tavapy.gov.py\/biblioteca\/wp-json\/wp\/v2\/product_cat?post=4744"},{"taxonomy":"product_tag","embeddable":true,"href":"https:\/\/tavapy.gov.py\/biblioteca\/wp-json\/wp\/v2\/product_tag?post=4744"}],"curies":[{"name":"wp","href":"https:\/\/api.w.org\/{rel}","templated":true}]}}